{"id":845,"date":"2025-07-30T07:52:05","date_gmt":"2025-07-30T11:52:05","guid":{"rendered":"https:\/\/petelulu.com\/?post_type=product&#038;p=845"},"modified":"2026-03-05T12:42:29","modified_gmt":"2026-03-05T04:42:29","slug":"juego-de-ropa-vintage-de-bambu","status":"publish","type":"product","link":"https:\/\/petelulu.com\/es\/producto\/juego-de-ropa-vintage-de-bambu\/","title":{"rendered":"A Conjuntos de ropa a medida"},"content":{"rendered":"<div id=\"sellingpoint\" class=\"header\">\n<h2>Acerca de este producto<\/h2>\n<\/div>\n<ul class=\"\">\n<li>Tejido suave y transpirable: Nuestros conjuntos de ropa para beb\u00e9 est\u00e1n confeccionados con tejido de algod\u00f3n de bamb\u00fa de alta calidad, que proporciona una textura suave y transpirable para la piel sensible de tu peque\u00f1o. Este tejido es perfecto para climas c\u00e1lidos, garantizando que tu beb\u00e9 se mantenga c\u00f3modo durante todo el d\u00eda.<\/li>\n<li>Opciones de color personalizadas: Ofrecemos opciones de color personalizadas que se adaptan al estilo y las preferencias \u00fanicas de su marca. Tanto si busca un tono espec\u00edfico como un estampado llamativo, nuestro equipo puede trabajar con usted para crear un dise\u00f1o \u00fanico que diferencie su marca.<\/li>\n<li>Propiedades de secado r\u00e1pido y antiencogimiento: Nuestros conjuntos de ropa para beb\u00e9 est\u00e1n dise\u00f1ados con propiedades de secado r\u00e1pido y antiencogimiento, lo que los hace perfectos para actividades al aire libre y juegos. Esta caracter\u00edstica garantiza que nuestra ropa se mantenga en perfecto estado, incluso despu\u00e9s de varios lavados.<\/li>\n<li>Variedad de tallas y estilos: Ofrecemos una gama de tama\u00f1os (6-12m, 12-18m, 2t, 3t, 4t, 5t, 6t, 7t, 8t) para atender a diferentes grupos de edad y preferencias. Nuestros conjuntos de ropa est\u00e1n dise\u00f1ados para ser a la vez elegantes y funcionales, por lo que son adecuados para diversas ocasiones.<\/li>\n<li data-spm-anchor-id=\"a2700.details.0.i76.2e863412WnRnhc\">Plazo de entrega de pedidos de muestras de 7 d\u00edas: Entendemos que la entrega puntual es crucial para nuestros clientes. Por eso ofrecemos un plazo de entrega de pedidos de muestras de 7 d\u00edas, lo que garantiza que reciba sus muestras con prontitud y pueda empezar a vender nuestros productos r\u00e1pidamente.<\/li>\n<\/ul>","protected":false},"excerpt":{"rendered":"<p>Precio unitario: US $7.10-10.20 \/ Pieza<br \/>\nCantidad m\u00ednima de pedido: 300 Piezas\/ Tama\u00f1o<br \/>\nMaterial: Cooton \/ Fibra de bamb\u00fa<br \/>\nAge: 0-3M\/3-6M\/6-9M\/9-12M\/12-18M\/18-24M\/2T-3T-4T<br \/>\nMateriales aplicables: Bamb\u00fa\/algod\u00f3n org\u00e1nico\/algod\u00f3n puro\/franc\u00e9s\/muselina de bamb\u00fa<br \/>\nSupply Ability: 100,000 Piece\/Pieces per Month<br \/>\nPuerto: Guangzhou, China<br \/>\nCondiciones de pago: T\/T<br \/>\nMuestra\uff1aAceptar muestra personalizada<br \/>\nLogotipo: Logotipo personalizado<br \/>\nEntrega: 25-35 d\u00edas laborables<br \/>\nOEM Y ODM<\/p>\n<p><a href=\"https:\/\/petelulu.com\/es\/#category\">Ver m\u00e1s<\/a><\/p>\n<div class=\"wpforms-container wpforms-container-full wpforms-render-modern\" id=\"wpforms-2878\"><form id=\"wpforms-form-2878\" class=\"wpforms-validate wpforms-form wpforms-ajax-form\" data-formid=\"2878\" method=\"post\" enctype=\"multipart\/form-data\" action=\"\/es\/wp-json\/wp\/v2\/product\/845\" data-token=\"71b6a8f749087cf276ad54e976d1a2b6\" data-token-time=\"1776420388\" data-trp-original-action=\"\/es\/wp-json\/wp\/v2\/product\/845\"><noscript class=\"wpforms-error-noscript\">Por favor, active JavaScript en su navegador para completar este formulario.<\/noscript><div class=\"wpforms-hidden\" id=\"wpforms-error-noscript\">Por favor, active JavaScript en su navegador para completar este formulario.<\/div><div class=\"wpforms-field-container\"><div id=\"wpforms-2878-field_2-container\" class=\"wpforms-field wpforms-field-name\" data-field-id=\"2\"><label class=\"wpforms-field-label\" for=\"wpforms-2878-field_2\">Nombre <span class=\"wpforms-required-label\" aria-hidden=\"true\">*<\/span><\/label><input type=\"text\" id=\"wpforms-2878-field_2\" class=\"wpforms-field-medium wpforms-field-required\" name=\"wpforms[fields][2]\" aria-errormessage=\"wpforms-2878-field_2-error\" required><\/div><div id=\"wpforms-2878-field_5-container\" class=\"wpforms-field wpforms-field-email\" data-field-id=\"5\"><label class=\"wpforms-field-label\" for=\"wpforms-2878-field_5\">Correo electr\u00f3nico <span class=\"wpforms-required-label\" aria-hidden=\"true\">*<\/span><\/label><input type=\"email\" id=\"wpforms-2878-field_5\" class=\"wpforms-field-medium wpforms-field-required\" name=\"wpforms[fields][5]\" spellcheck=\"false\" aria-errormessage=\"wpforms-2878-field_5-error\" required><\/div><div id=\"wpforms-2878-field_3-container\" class=\"wpforms-field wpforms-field-textarea\" data-field-id=\"3\"><label class=\"wpforms-field-label\" for=\"wpforms-2878-field_3\">Solicitar <span class=\"wpforms-required-label\" aria-hidden=\"true\">*<\/span><\/label><textarea id=\"wpforms-2878-field_3\" class=\"wpforms-field-medium wpforms-field-required\" name=\"wpforms[fields][3]\" aria-errormessage=\"wpforms-2878-field_3-error\" aria-describedby=\"wpforms-2878-field_3-description\" required><\/textarea><div id=\"wpforms-2878-field_3-description\" class=\"wpforms-field-description\">Ind\u00edquenos sus requisitos y su n\u00famero de WhatsApp, y nuestro representante de ventas se pondr\u00e1 en contacto con usted.<\/div><\/div><\/div><!-- .wpforms-field-container --><div class=\"wpforms-submit-container\" ><input type=\"hidden\" name=\"wpforms[id]\" value=\"2878\"><input type=\"hidden\" name=\"page_title\" value=\"\"><input type=\"hidden\" name=\"page_url\" value=\"https:\/\/petelulu.com\/es\/wp-json\/wp\/v2\/product\/845\"><input type=\"hidden\" name=\"url_referer\" value=\"\"><button type=\"submit\" name=\"wpforms[submit]\" id=\"wpforms-submit-2878\" class=\"wpforms-submit\" data-alt-text=\"Sending...\" data-submit-text=\"Submit\" aria-live=\"assertive\" value=\"wpforms-submit\">Enviar<\/button><img loading=\"lazy\" decoding=\"async\" src=\"https:\/\/petelulu.com\/wp-content\/plugins\/wpforms-lite\/assets\/images\/submit-spin.svg\" class=\"wpforms-submit-spinner\" style=\"display: none;\" width=\"26\" height=\"26\" alt=\"Cargando\"><\/div><input type=\"hidden\" name=\"trp-form-language\" value=\"es\"\/><\/form><\/div>  <!-- .wpforms-container -->\n<p>&nbsp;<\/p>","protected":false},"featured_media":5103,"template":"","meta":[],"product_brand":[],"product_cat":[46],"product_tag":[82,81],"class_list":{"0":"post-845","1":"product","2":"type-product","3":"status-publish","4":"has-post-thumbnail","6":"product_cat-clothing-sets","7":"product_tag-kid","8":"product_tag-toddler","9":"has-post-title","10":"has-post-date","11":"has-post-category","12":"has-post-tag","13":"has-post-comment","14":"has-post-author","15":"","17":"first","18":"instock","19":"shipping-taxable","20":"product-type-simple"},"yoast_head":"<!-- This site is optimized with the Yoast SEO Premium plugin v24.5 (Yoast SEO v25.6) - https:\/\/yoast.com\/wordpress\/plugins\/seo\/ -->\n<title>A Custom Clothing Sets - petelulu<\/title>\n<meta name=\"description\" content=\"Unleash your creativity with custom clothing sets! This comprehensive guide covers everything from design ideas and fabric choices to finding the best manufacturers, helping you create personalized apparel that stands out.\" \/>\n<meta name=\"robots\" content=\"index, follow, max-snippet:-1, max-image-preview:large, max-video-preview:-1\" \/>\n<link rel=\"canonical\" href=\"https:\/\/petelulu.com\/es\/producto\/juego-de-ropa-vintage-de-bambu\/\" \/>\n<meta property=\"og:locale\" content=\"es_ES\" \/>\n<meta property=\"og:type\" content=\"article\" \/>\n<meta property=\"og:title\" content=\"A Custom Clothing Sets\" \/>\n<meta property=\"og:description\" content=\"Unleash your creativity with custom clothing sets! This comprehensive guide covers everything from design ideas and fabric choices to finding the best manufacturers, helping you create personalized apparel that stands out.\" \/>\n<meta property=\"og:url\" content=\"https:\/\/petelulu.com\/es\/producto\/juego-de-ropa-vintage-de-bambu\/\" \/>\n<meta property=\"og:site_name\" content=\"petelulu\" \/>\n<meta property=\"article:modified_time\" content=\"2026-03-05T04:42:29+00:00\" \/>\n<meta name=\"twitter:card\" content=\"summary_large_image\" \/>\n<meta name=\"twitter:label1\" content=\"Tiempo de lectura\" \/>\n\t<meta name=\"twitter:data1\" content=\"2 minutos\" \/>\n<script type=\"application\/ld+json\" class=\"yoast-schema-graph\">{\"@context\":\"https:\/\/schema.org\",\"@graph\":[{\"@type\":\"WebPage\",\"@id\":\"https:\/\/petelulu.com\/product\/bamboo-vintage-boutique-clothes-set\/\",\"url\":\"https:\/\/petelulu.com\/product\/bamboo-vintage-boutique-clothes-set\/\",\"name\":\"A Custom Clothing Sets - petelulu\",\"isPartOf\":{\"@id\":\"https:\/\/petelulu.com\/#website\"},\"primaryImageOfPage\":{\"@id\":\"https:\/\/petelulu.com\/product\/bamboo-vintage-boutique-clothes-set\/#primaryimage\"},\"image\":{\"@id\":\"https:\/\/petelulu.com\/product\/bamboo-vintage-boutique-clothes-set\/#primaryimage\"},\"thumbnailUrl\":\"https:\/\/petelulu.com\/wp-content\/uploads\/2025\/03\/H5df91d9b80ba4c839092bdbb4501eba9C.jpg_720x720q50.avif\",\"datePublished\":\"2025-07-30T11:52:05+00:00\",\"dateModified\":\"2026-03-05T04:42:29+00:00\",\"description\":\"Unleash your creativity with custom clothing sets! This comprehensive guide covers everything from design ideas and fabric choices to finding the best manufacturers, helping you create personalized apparel that stands out.\",\"breadcrumb\":{\"@id\":\"https:\/\/petelulu.com\/product\/bamboo-vintage-boutique-clothes-set\/#breadcrumb\"},\"inLanguage\":\"es\",\"potentialAction\":[{\"@type\":\"ReadAction\",\"target\":[\"https:\/\/petelulu.com\/product\/bamboo-vintage-boutique-clothes-set\/\"]}]},{\"@type\":\"ImageObject\",\"inLanguage\":\"es\",\"@id\":\"https:\/\/petelulu.com\/product\/bamboo-vintage-boutique-clothes-set\/#primaryimage\",\"url\":\"https:\/\/petelulu.com\/wp-content\/uploads\/2025\/03\/H5df91d9b80ba4c839092bdbb4501eba9C.jpg_720x720q50.avif\",\"contentUrl\":\"https:\/\/petelulu.com\/wp-content\/uploads\/2025\/03\/H5df91d9b80ba4c839092bdbb4501eba9C.jpg_720x720q50.avif\",\"width\":720,\"height\":720,\"caption\":\"custom clothing sets\"},{\"@type\":\"BreadcrumbList\",\"@id\":\"https:\/\/petelulu.com\/product\/bamboo-vintage-boutique-clothes-set\/#breadcrumb\",\"itemListElement\":[{\"@type\":\"ListItem\",\"position\":1,\"name\":\"\u9996\u9875\",\"item\":\"https:\/\/petelulu.com\/\"},{\"@type\":\"ListItem\",\"position\":2,\"name\":\"PRODUCT GALLERY\",\"item\":\"https:\/\/petelulu.com\/product-gallery\/\"},{\"@type\":\"ListItem\",\"position\":3,\"name\":\"A Custom Clothing Sets\"}]},{\"@type\":\"WebSite\",\"@id\":\"https:\/\/petelulu.com\/#website\",\"url\":\"https:\/\/petelulu.com\/\",\"name\":\"PETElulu\",\"description\":\"\",\"potentialAction\":[{\"@type\":\"SearchAction\",\"target\":{\"@type\":\"EntryPoint\",\"urlTemplate\":\"https:\/\/petelulu.com\/?s={search_term_string}\"},\"query-input\":{\"@type\":\"PropertyValueSpecification\",\"valueRequired\":true,\"valueName\":\"search_term_string\"}}],\"inLanguage\":\"es\"}]}<\/script>\n<!-- \/ Yoast SEO Premium plugin. -->","yoast_head_json":{"title":"Conjuntos de ropa a medida - petelulu","description":"\u00a1Da rienda suelta a tu creatividad con los conjuntos de ropa personalizados! Esta completa gu\u00eda lo abarca todo, desde ideas de dise\u00f1o y elecci\u00f3n de tejidos hasta la b\u00fasqueda de los mejores fabricantes, para ayudarte a crear prendas personalizadas que destaquen.","robots":{"index":"index","follow":"follow","max-snippet":"max-snippet:-1","max-image-preview":"max-image-preview:large","max-video-preview":"max-video-preview:-1"},"canonical":"https:\/\/petelulu.com\/es\/producto\/juego-de-ropa-vintage-de-bambu\/","og_locale":"es_ES","og_type":"article","og_title":"A Custom Clothing Sets","og_description":"Unleash your creativity with custom clothing sets! This comprehensive guide covers everything from design ideas and fabric choices to finding the best manufacturers, helping you create personalized apparel that stands out.","og_url":"https:\/\/petelulu.com\/es\/producto\/juego-de-ropa-vintage-de-bambu\/","og_site_name":"petelulu","article_modified_time":"2026-03-05T04:42:29+00:00","twitter_card":"summary_large_image","twitter_misc":{"Tiempo de lectura":"2 minutos"},"schema":{"@context":"https:\/\/schema.org","@graph":[{"@type":"WebPage","@id":"https:\/\/petelulu.com\/product\/bamboo-vintage-boutique-clothes-set\/","url":"https:\/\/petelulu.com\/product\/bamboo-vintage-boutique-clothes-set\/","name":"Conjuntos de ropa a medida - petelulu","isPartOf":{"@id":"https:\/\/petelulu.com\/#website"},"primaryImageOfPage":{"@id":"https:\/\/petelulu.com\/product\/bamboo-vintage-boutique-clothes-set\/#primaryimage"},"image":{"@id":"https:\/\/petelulu.com\/product\/bamboo-vintage-boutique-clothes-set\/#primaryimage"},"thumbnailUrl":"https:\/\/petelulu.com\/wp-content\/uploads\/2025\/03\/H5df91d9b80ba4c839092bdbb4501eba9C.jpg_720x720q50.avif","datePublished":"2025-07-30T11:52:05+00:00","dateModified":"2026-03-05T04:42:29+00:00","description":"\u00a1Da rienda suelta a tu creatividad con los conjuntos de ropa personalizados! Esta completa gu\u00eda lo abarca todo, desde ideas de dise\u00f1o y elecci\u00f3n de tejidos hasta la b\u00fasqueda de los mejores fabricantes, para ayudarte a crear prendas personalizadas que destaquen.","breadcrumb":{"@id":"https:\/\/petelulu.com\/product\/bamboo-vintage-boutique-clothes-set\/#breadcrumb"},"inLanguage":"es","potentialAction":[{"@type":"ReadAction","target":["https:\/\/petelulu.com\/product\/bamboo-vintage-boutique-clothes-set\/"]}]},{"@type":"ImageObject","inLanguage":"es","@id":"https:\/\/petelulu.com\/product\/bamboo-vintage-boutique-clothes-set\/#primaryimage","url":"https:\/\/petelulu.com\/wp-content\/uploads\/2025\/03\/H5df91d9b80ba4c839092bdbb4501eba9C.jpg_720x720q50.avif","contentUrl":"https:\/\/petelulu.com\/wp-content\/uploads\/2025\/03\/H5df91d9b80ba4c839092bdbb4501eba9C.jpg_720x720q50.avif","width":720,"height":720,"caption":"custom clothing sets"},{"@type":"BreadcrumbList","@id":"https:\/\/petelulu.com\/product\/bamboo-vintage-boutique-clothes-set\/#breadcrumb","itemListElement":[{"@type":"ListItem","position":1,"name":"\u9996\u9875","item":"https:\/\/petelulu.com\/"},{"@type":"ListItem","position":2,"name":"PRODUCT GALLERY","item":"https:\/\/petelulu.com\/product-gallery\/"},{"@type":"ListItem","position":3,"name":"A Custom Clothing Sets"}]},{"@type":"WebSite","@id":"https:\/\/petelulu.com\/#website","url":"https:\/\/petelulu.com\/","name":"PETElulu","description":"","potentialAction":[{"@type":"SearchAction","target":{"@type":"EntryPoint","urlTemplate":"https:\/\/petelulu.com\/?s={search_term_string}"},"query-input":{"@type":"PropertyValueSpecification","valueRequired":true,"valueName":"search_term_string"}}],"inLanguage":"es"}]}},"builder_content":"","_links":{"self":[{"href":"https:\/\/petelulu.com\/es\/wp-json\/wp\/v2\/product\/845","targetHints":{"allow":["GET"]}}],"collection":[{"href":"https:\/\/petelulu.com\/es\/wp-json\/wp\/v2\/product"}],"about":[{"href":"https:\/\/petelulu.com\/es\/wp-json\/wp\/v2\/types\/product"}],"wp:featuredmedia":[{"embeddable":true,"href":"https:\/\/petelulu.com\/es\/wp-json\/wp\/v2\/media\/5103"}],"wp:attachment":[{"href":"https:\/\/petelulu.com\/es\/wp-json\/wp\/v2\/media?parent=845"}],"wp:term":[{"taxonomy":"product_brand","embeddable":true,"href":"https:\/\/petelulu.com\/es\/wp-json\/wp\/v2\/product_brand?post=845"},{"taxonomy":"product_cat","embeddable":true,"href":"https:\/\/petelulu.com\/es\/wp-json\/wp\/v2\/product_cat?post=845"},{"taxonomy":"product_tag","embeddable":true,"href":"https:\/\/petelulu.com\/es\/wp-json\/wp\/v2\/product_tag?post=845"}],"curies":[{"name":"wp","href":"https:\/\/api.w.org\/{rel}","templated":true}]}}