{"id":4533,"date":"2025-06-17T23:26:11","date_gmt":"2025-06-18T03:26:11","guid":{"rendered":"https:\/\/petelulu.com\/product\/toddler-unisex-biker-legging-shorts-copy\/"},"modified":"2026-03-05T12:48:20","modified_gmt":"2026-03-05T04:48:20","slug":"unisex-biker-legging-shorts","status":"publish","type":"product","link":"https:\/\/petelulu.com\/es\/producto\/unisex-biker-legging-shorts\/","title":{"rendered":"Pantalones cortos moteros unisex personalizados"},"content":{"rendered":"<ul class=\"\">\n<li>Dise\u00f1o elegante: Nuestro Toddler Unisex Biker Legging Shorts ofrece un estilo preppy perfecto para los ni\u00f1os, por lo que es ideal para padres como t\u00fa que quieren que su hijo se vea a la moda y c\u00f3modo. El estampado de leopardo a\u00f1ade un toque de sofisticaci\u00f3n al dise\u00f1o general.<\/li>\n<li>C\u00f3modos y duraderos: Confeccionados con una mezcla de elastano y bamb\u00fa, estos pantalones cortos no s\u00f3lo son transpirables y de secado r\u00e1pido, sino tambi\u00e9n antiarrugas y antiest\u00e1ticos. Esto garantiza que su hijo se mantenga c\u00f3modo durante todo el d\u00eda.<\/li>\n<li>Caracter\u00edsticas vers\u00e1tiles: Este producto est\u00e1 dise\u00f1ado para ser tanto un short como un pantal\u00f3n, lo que lo hace perfecto para una gran variedad de ocasiones. Su caracter\u00edstica impermeable tambi\u00e9n lo hace adecuado para actividades al aire libre, d\u00e1ndote tranquilidad como padre.<\/li>\n<li>Sostenibles y ecol\u00f3gicos: El uso de tejido de bamb\u00fa en nuestros pantalones cortos Toddler Unisex Biker Legging los convierte en una opci\u00f3n sostenible y ecol\u00f3gica para los padres que dan prioridad al medio ambiente.<\/li>\n<li data-spm-anchor-id=\"a2700.details.0.i78.6f0f7744nBhqut\">F\u00e1cil de pedir: Con un MOQ de 160pcs, usted puede ordenar al por mayor y tener su producto entregado dentro de 7 d\u00edas, por lo que es una opci\u00f3n conveniente para las empresas y los individuos que buscan abastecerse de estos pantalones cortos de moda.<\/li>\n<\/ul>","protected":false},"excerpt":{"rendered":"<p>Precio unitario: US $3.99-5.28\/ Pieza<br \/>\nCantidad m\u00ednima de pedido: 300 Piezas\/ Tama\u00f1o<br \/>\nMaterial: Spandex \/ Bamb\u00fa<br \/>\nAge: Newborn\/0-3M\/3-6M\/6-9M\/9-12M\/12-18M\/18-24M<br \/>\nMateriales aplicables: Bamb\u00fa\/Algod\u00f3n org\u00e1nico\/Algod\u00f3n puro\/Ray\u00f3n modal\/Muselina de bamb\u00fa<br \/>\nSupply Ability: 100,000 Piece\/Pieces per Month<br \/>\nPuerto: Guangzhou, China<br \/>\nCondiciones de pago: T\/T<br \/>\nMuestra\uff1aAceptar muestra personalizada<br \/>\nLogotipo: Logotipo personalizado<br \/>\nEntrega: 25-35 d\u00edas laborables<br \/>\nOEM Y ODM<\/p>\n<p><a href=\"https:\/\/petelulu.com\/es\/#category\">Ver m\u00e1s<\/a><\/p>\n<div class=\"wpforms-container wpforms-container-full wpforms-render-modern\" id=\"wpforms-2878\"><form id=\"wpforms-form-2878\" class=\"wpforms-validate wpforms-form wpforms-ajax-form\" data-formid=\"2878\" method=\"post\" enctype=\"multipart\/form-data\" action=\"\/es\/wp-json\/wp\/v2\/product\/4533\" data-token=\"e1a57099e00604c239ff9b2b39f1b9e0\" data-token-time=\"1776191164\" data-trp-original-action=\"\/es\/wp-json\/wp\/v2\/product\/4533\"><noscript class=\"wpforms-error-noscript\">Por favor, active JavaScript en su navegador para completar este formulario.<\/noscript><div class=\"wpforms-hidden\" id=\"wpforms-error-noscript\">Por favor, active JavaScript en su navegador para completar este formulario.<\/div><div class=\"wpforms-field-container\"><div id=\"wpforms-2878-field_2-container\" class=\"wpforms-field wpforms-field-name\" data-field-id=\"2\"><label class=\"wpforms-field-label\" for=\"wpforms-2878-field_2\">Nombre <span class=\"wpforms-required-label\" aria-hidden=\"true\">*<\/span><\/label><input type=\"text\" id=\"wpforms-2878-field_2\" class=\"wpforms-field-medium wpforms-field-required\" name=\"wpforms[fields][2]\" aria-errormessage=\"wpforms-2878-field_2-error\" required><\/div><div id=\"wpforms-2878-field_5-container\" class=\"wpforms-field wpforms-field-email\" data-field-id=\"5\"><label class=\"wpforms-field-label\" for=\"wpforms-2878-field_5\">Correo electr\u00f3nico <span class=\"wpforms-required-label\" aria-hidden=\"true\">*<\/span><\/label><input type=\"email\" id=\"wpforms-2878-field_5\" class=\"wpforms-field-medium wpforms-field-required\" name=\"wpforms[fields][5]\" spellcheck=\"false\" aria-errormessage=\"wpforms-2878-field_5-error\" required><\/div><div id=\"wpforms-2878-field_3-container\" class=\"wpforms-field wpforms-field-textarea\" data-field-id=\"3\"><label class=\"wpforms-field-label\" for=\"wpforms-2878-field_3\">Solicitar <span class=\"wpforms-required-label\" aria-hidden=\"true\">*<\/span><\/label><textarea id=\"wpforms-2878-field_3\" class=\"wpforms-field-medium wpforms-field-required\" name=\"wpforms[fields][3]\" aria-errormessage=\"wpforms-2878-field_3-error\" aria-describedby=\"wpforms-2878-field_3-description\" required><\/textarea><div id=\"wpforms-2878-field_3-description\" class=\"wpforms-field-description\">Ind\u00edquenos sus requisitos y su n\u00famero de WhatsApp, y nuestro representante de ventas se pondr\u00e1 en contacto con usted.<\/div><\/div><\/div><!-- .wpforms-field-container --><div class=\"wpforms-submit-container\" ><input type=\"hidden\" name=\"wpforms[id]\" value=\"2878\"><input type=\"hidden\" name=\"page_title\" value=\"\"><input type=\"hidden\" name=\"page_url\" value=\"https:\/\/petelulu.com\/es\/wp-json\/wp\/v2\/product\/4533\"><input type=\"hidden\" name=\"url_referer\" value=\"\"><button type=\"submit\" name=\"wpforms[submit]\" id=\"wpforms-submit-2878\" class=\"wpforms-submit\" data-alt-text=\"Sending...\" data-submit-text=\"Submit\" aria-live=\"assertive\" value=\"wpforms-submit\">Enviar<\/button><img loading=\"lazy\" decoding=\"async\" src=\"https:\/\/petelulu.com\/wp-content\/plugins\/wpforms-lite\/assets\/images\/submit-spin.svg\" class=\"wpforms-submit-spinner\" style=\"display: none;\" width=\"26\" height=\"26\" alt=\"Cargando\"><\/div><input type=\"hidden\" name=\"trp-form-language\" value=\"es\"\/><\/form><\/div>  <!-- .wpforms-container -->\n<p>&nbsp;<\/p>","protected":false},"featured_media":4536,"template":"","meta":[],"product_brand":[],"product_cat":[77],"product_tag":[80,98,102,99,82,97,100,81],"class_list":{"0":"post-4533","1":"product","2":"type-product","3":"status-publish","4":"has-post-thumbnail","6":"product_cat-panties","7":"product_tag-baby","8":"product_tag-bamboo-fiber","9":"product_tag-category","10":"product_tag-french-terry","11":"product_tag-kid","12":"product_tag-organic-cotton","13":"product_tag-tencel","14":"product_tag-toddler","15":"has-post-title","16":"has-post-date","17":"has-post-category","18":"has-post-tag","19":"has-post-comment","20":"has-post-author","21":"","23":"first","24":"instock","25":"shipping-taxable","26":"product-type-simple"},"yoast_head":"<!-- This site is optimized with the Yoast SEO Premium plugin v24.5 (Yoast SEO v25.6) - https:\/\/yoast.com\/wordpress\/plugins\/seo\/ -->\n<title>Custom Unisex Biker Legging Shorts - petelulu<\/title>\n<meta name=\"description\" content=\"OEM &amp; ODM Service Baby Bamboo Fiber Collection Manufacture, Toddler Unisex Biker Legging Shorts\" \/>\n<meta name=\"robots\" content=\"index, follow, max-snippet:-1, max-image-preview:large, max-video-preview:-1\" \/>\n<link rel=\"canonical\" href=\"https:\/\/petelulu.com\/es\/producto\/unisex-biker-legging-shorts\/\" \/>\n<meta property=\"og:locale\" content=\"es_ES\" \/>\n<meta property=\"og:type\" content=\"article\" \/>\n<meta property=\"og:title\" content=\"Custom Unisex Biker Legging Shorts\" \/>\n<meta property=\"og:description\" content=\"OEM &amp; ODM Service Baby Bamboo Fiber Collection Manufacture, Toddler Unisex Biker Legging Shorts\" \/>\n<meta property=\"og:url\" content=\"https:\/\/petelulu.com\/es\/producto\/unisex-biker-legging-shorts\/\" \/>\n<meta property=\"og:site_name\" content=\"petelulu\" \/>\n<meta property=\"article:modified_time\" content=\"2026-03-05T04:48:20+00:00\" \/>\n<meta property=\"og:image\" content=\"https:\/\/petelulu.com\/wp-content\/uploads\/2025\/06\/X24102413-\u4e3b\u56fe-1.avif\" \/>\n\t<meta property=\"og:image:width\" content=\"2000\" \/>\n\t<meta property=\"og:image:height\" content=\"2000\" \/>\n\t<meta property=\"og:image:type\" content=\"image\/jpeg\" \/>\n<meta name=\"twitter:card\" content=\"summary_large_image\" \/>\n<meta name=\"twitter:label1\" content=\"Tiempo de lectura\" \/>\n\t<meta name=\"twitter:data1\" content=\"2 minutos\" \/>\n<script type=\"application\/ld+json\" class=\"yoast-schema-graph\">{\"@context\":\"https:\/\/schema.org\",\"@graph\":[{\"@type\":\"WebPage\",\"@id\":\"https:\/\/petelulu.com\/product\/unisex-biker-legging-shorts\/\",\"url\":\"https:\/\/petelulu.com\/product\/unisex-biker-legging-shorts\/\",\"name\":\"Custom Unisex Biker Legging Shorts - petelulu\",\"isPartOf\":{\"@id\":\"https:\/\/petelulu.com\/#website\"},\"primaryImageOfPage\":{\"@id\":\"https:\/\/petelulu.com\/product\/unisex-biker-legging-shorts\/#primaryimage\"},\"image\":{\"@id\":\"https:\/\/petelulu.com\/product\/unisex-biker-legging-shorts\/#primaryimage\"},\"thumbnailUrl\":\"https:\/\/petelulu.com\/wp-content\/uploads\/2025\/06\/X24102413-\u4e3b\u56fe-1.avif\",\"datePublished\":\"2025-06-18T03:26:11+00:00\",\"dateModified\":\"2026-03-05T04:48:20+00:00\",\"description\":\"OEM & ODM Service Baby Bamboo Fiber Collection Manufacture, Toddler Unisex Biker Legging Shorts\",\"breadcrumb\":{\"@id\":\"https:\/\/petelulu.com\/product\/unisex-biker-legging-shorts\/#breadcrumb\"},\"inLanguage\":\"es\",\"potentialAction\":[{\"@type\":\"ReadAction\",\"target\":[\"https:\/\/petelulu.com\/product\/unisex-biker-legging-shorts\/\"]}]},{\"@type\":\"ImageObject\",\"inLanguage\":\"es\",\"@id\":\"https:\/\/petelulu.com\/product\/unisex-biker-legging-shorts\/#primaryimage\",\"url\":\"https:\/\/petelulu.com\/wp-content\/uploads\/2025\/06\/X24102413-\u4e3b\u56fe-1.avif\",\"contentUrl\":\"https:\/\/petelulu.com\/wp-content\/uploads\/2025\/06\/X24102413-\u4e3b\u56fe-1.avif\",\"width\":2000,\"height\":2000},{\"@type\":\"BreadcrumbList\",\"@id\":\"https:\/\/petelulu.com\/product\/unisex-biker-legging-shorts\/#breadcrumb\",\"itemListElement\":[{\"@type\":\"ListItem\",\"position\":1,\"name\":\"\u9996\u9875\",\"item\":\"https:\/\/petelulu.com\/\"},{\"@type\":\"ListItem\",\"position\":2,\"name\":\"PRODUCT GALLERY\",\"item\":\"https:\/\/petelulu.com\/product-gallery\/\"},{\"@type\":\"ListItem\",\"position\":3,\"name\":\"Custom Unisex Biker Legging Shorts\"}]},{\"@type\":\"WebSite\",\"@id\":\"https:\/\/petelulu.com\/#website\",\"url\":\"https:\/\/petelulu.com\/\",\"name\":\"PETElulu\",\"description\":\"\",\"potentialAction\":[{\"@type\":\"SearchAction\",\"target\":{\"@type\":\"EntryPoint\",\"urlTemplate\":\"https:\/\/petelulu.com\/?s={search_term_string}\"},\"query-input\":{\"@type\":\"PropertyValueSpecification\",\"valueRequired\":true,\"valueName\":\"search_term_string\"}}],\"inLanguage\":\"es\"}]}<\/script>\n<!-- \/ Yoast SEO Premium plugin. -->","yoast_head_json":{"title":"Custom Unisex Biker Legging Shorts - petelulu","description":"Servicio del OEM y del ODM Fabricaci\u00f3n de la colecci\u00f3n de la fibra de bamb\u00fa del beb\u00e9, pantalones cortos unisex del motorista del ni\u00f1o","robots":{"index":"index","follow":"follow","max-snippet":"max-snippet:-1","max-image-preview":"max-image-preview:large","max-video-preview":"max-video-preview:-1"},"canonical":"https:\/\/petelulu.com\/es\/producto\/unisex-biker-legging-shorts\/","og_locale":"es_ES","og_type":"article","og_title":"Custom Unisex Biker Legging Shorts","og_description":"OEM & ODM Service Baby Bamboo Fiber Collection Manufacture, Toddler Unisex Biker Legging Shorts","og_url":"https:\/\/petelulu.com\/es\/producto\/unisex-biker-legging-shorts\/","og_site_name":"petelulu","article_modified_time":"2026-03-05T04:48:20+00:00","og_image":[{"width":2000,"height":2000,"url":"https:\/\/petelulu.com\/wp-content\/uploads\/2025\/06\/X24102413-\u4e3b\u56fe-1.avif","type":"image\/jpeg"}],"twitter_card":"summary_large_image","twitter_misc":{"Tiempo de lectura":"2 minutos"},"schema":{"@context":"https:\/\/schema.org","@graph":[{"@type":"WebPage","@id":"https:\/\/petelulu.com\/product\/unisex-biker-legging-shorts\/","url":"https:\/\/petelulu.com\/product\/unisex-biker-legging-shorts\/","name":"Custom Unisex Biker Legging Shorts - petelulu","isPartOf":{"@id":"https:\/\/petelulu.com\/#website"},"primaryImageOfPage":{"@id":"https:\/\/petelulu.com\/product\/unisex-biker-legging-shorts\/#primaryimage"},"image":{"@id":"https:\/\/petelulu.com\/product\/unisex-biker-legging-shorts\/#primaryimage"},"thumbnailUrl":"https:\/\/petelulu.com\/wp-content\/uploads\/2025\/06\/X24102413-\u4e3b\u56fe-1.avif","datePublished":"2025-06-18T03:26:11+00:00","dateModified":"2026-03-05T04:48:20+00:00","description":"Servicio del OEM y del ODM Fabricaci\u00f3n de la colecci\u00f3n de la fibra de bamb\u00fa del beb\u00e9, pantalones cortos unisex del motorista del ni\u00f1o","breadcrumb":{"@id":"https:\/\/petelulu.com\/product\/unisex-biker-legging-shorts\/#breadcrumb"},"inLanguage":"es","potentialAction":[{"@type":"ReadAction","target":["https:\/\/petelulu.com\/product\/unisex-biker-legging-shorts\/"]}]},{"@type":"ImageObject","inLanguage":"es","@id":"https:\/\/petelulu.com\/product\/unisex-biker-legging-shorts\/#primaryimage","url":"https:\/\/petelulu.com\/wp-content\/uploads\/2025\/06\/X24102413-\u4e3b\u56fe-1.avif","contentUrl":"https:\/\/petelulu.com\/wp-content\/uploads\/2025\/06\/X24102413-\u4e3b\u56fe-1.avif","width":2000,"height":2000},{"@type":"BreadcrumbList","@id":"https:\/\/petelulu.com\/product\/unisex-biker-legging-shorts\/#breadcrumb","itemListElement":[{"@type":"ListItem","position":1,"name":"\u9996\u9875","item":"https:\/\/petelulu.com\/"},{"@type":"ListItem","position":2,"name":"PRODUCT GALLERY","item":"https:\/\/petelulu.com\/product-gallery\/"},{"@type":"ListItem","position":3,"name":"Custom Unisex Biker Legging Shorts"}]},{"@type":"WebSite","@id":"https:\/\/petelulu.com\/#website","url":"https:\/\/petelulu.com\/","name":"PETElulu","description":"","potentialAction":[{"@type":"SearchAction","target":{"@type":"EntryPoint","urlTemplate":"https:\/\/petelulu.com\/?s={search_term_string}"},"query-input":{"@type":"PropertyValueSpecification","valueRequired":true,"valueName":"search_term_string"}}],"inLanguage":"es"}]}},"builder_content":"","_links":{"self":[{"href":"https:\/\/petelulu.com\/es\/wp-json\/wp\/v2\/product\/4533","targetHints":{"allow":["GET"]}}],"collection":[{"href":"https:\/\/petelulu.com\/es\/wp-json\/wp\/v2\/product"}],"about":[{"href":"https:\/\/petelulu.com\/es\/wp-json\/wp\/v2\/types\/product"}],"wp:featuredmedia":[{"embeddable":true,"href":"https:\/\/petelulu.com\/es\/wp-json\/wp\/v2\/media\/4536"}],"wp:attachment":[{"href":"https:\/\/petelulu.com\/es\/wp-json\/wp\/v2\/media?parent=4533"}],"wp:term":[{"taxonomy":"product_brand","embeddable":true,"href":"https:\/\/petelulu.com\/es\/wp-json\/wp\/v2\/product_brand?post=4533"},{"taxonomy":"product_cat","embeddable":true,"href":"https:\/\/petelulu.com\/es\/wp-json\/wp\/v2\/product_cat?post=4533"},{"taxonomy":"product_tag","embeddable":true,"href":"https:\/\/petelulu.com\/es\/wp-json\/wp\/v2\/product_tag?post=4533"}],"curies":[{"name":"wp","href":"https:\/\/api.w.org\/{rel}","templated":true}]}}