{"id":3276,"date":"2025-04-29T01:16:36","date_gmt":"2025-04-29T01:16:36","guid":{"rendered":"https:\/\/petelulu.com\/?post_type=product&#038;p=3276"},"modified":"2025-08-12T23:29:37","modified_gmt":"2025-08-13T03:29:37","slug":"conjunto-de-ropa-de-lino-para-bebes-2","status":"publish","type":"product","link":"https:\/\/petelulu.com\/es\/producto\/conjunto-de-ropa-de-lino-para-bebes-2\/","title":{"rendered":"Conjunto de ropa de lino para beb\u00e9s con estampado s\u00f3lido personalizado"},"content":{"rendered":"<div id=\"sellingpoint\" class=\"header\">\n<h2>Acerca de este producto<\/h2>\n<ol data-spm-anchor-id=\"5176.28103460.0.i24.40f7451enAKIF4\">\n<li>Tejido transpirable y ecol\u00f3gico: Este conjunto de top y pantal\u00f3n corto de rizo para ni\u00f1os peque\u00f1os de OEM est\u00e1 confeccionado con un c\u00f3modo tejido de bamb\u00fa, que garantiza un uso fresco y seco para tu peque\u00f1o. El material ecol\u00f3gico es perfecto para las estaciones de primavera y verano, ideal para los usuarios que buscan una opci\u00f3n sostenible.<\/li>\n<li>Dise\u00f1o personalizable: Con un logotipo personalizado disponible, este producto permite una marca personalizada, por lo que es una excelente opci\u00f3n para empresas y particulares que buscan crear un producto \u00fanico.<\/li>\n<li>Propiedades de secado r\u00e1pido y antiencogimiento: Las caracter\u00edsticas antiencogimiento y de secado r\u00e1pido de este conjunto garantizan que se mantenga en perfecto estado incluso despu\u00e9s de varios lavados, lo que lo convierte en una opci\u00f3n pr\u00e1ctica para los padres.<\/li>\n<li>Suave y respetuoso con la piel: El suave tejido de este conjunto es delicado con la piel de su beb\u00e9, proporcion\u00e1ndole un cuidado y un confort \u00f3ptimos.<\/li>\n<li data-spm-anchor-id=\"a2700.details.0.i79.328c74f4My3Z1z\">Variedad de tallas: Disponible en tallas 6m-5t, este conjunto atiende a una amplia gama de usuarios, incluidos los padres que buscan un producto c\u00f3modo y duradero para su hijo en crecimiento.<\/li>\n<\/ol>\n<\/div>","protected":false},"excerpt":{"rendered":"<p>Precio unitario: US $4.3-6.8\/ Pieza<br \/>\nCantidad m\u00ednima de pedido: 300 Piezas\/ Tama\u00f1o<br \/>\nMaterial: Lino \/ Ray\u00f3n<br \/>\nAge: Newborn\/0-3M\/3-6M\/6-9M\/9-12M\/12-18M\/18-24M<br \/>\nMateriales aplicables: Bamb\u00fa\/Algod\u00f3n org\u00e1nico\/Algod\u00f3n puro\/Ray\u00f3n modal\/Muselina de bamb\u00fa<br \/>\nCapacidad de suministro: 10.000 piezas\/mes<br \/>\nPuerto: Guangzhou, China<br \/>\nCondiciones de pago: T\/T<br \/>\nMuestra\uff1aAceptar muestra personalizada<br \/>\nLogotipo: Logotipo personalizado<br \/>\nEntrega: 25-35 d\u00edas laborables<br \/>\nOEM Y ODM<\/p>\n<p><a href=\"https:\/\/petelulu.com\/es\/#category\">Ver m\u00e1s<\/a><\/p>\n<div class=\"wpforms-container wpforms-container-full wpforms-render-modern\" id=\"wpforms-2878\"><form id=\"wpforms-form-2878\" class=\"wpforms-validate wpforms-form wpforms-ajax-form\" data-formid=\"2878\" method=\"post\" enctype=\"multipart\/form-data\" action=\"\/es\/wp-json\/wp\/v2\/product\/3276\" data-token=\"8a9f6770948ac6ccb12802c6cc0c9730\" data-token-time=\"1775155896\" data-trp-original-action=\"\/es\/wp-json\/wp\/v2\/product\/3276\"><noscript class=\"wpforms-error-noscript\">Por favor, active JavaScript en su navegador para completar este formulario.<\/noscript><div class=\"wpforms-hidden\" id=\"wpforms-error-noscript\">Por favor, active JavaScript en su navegador para completar este formulario.<\/div><div class=\"wpforms-field-container\"><div id=\"wpforms-2878-field_2-container\" class=\"wpforms-field wpforms-field-name\" data-field-id=\"2\"><label class=\"wpforms-field-label\" for=\"wpforms-2878-field_2\">Nombre <span class=\"wpforms-required-label\" aria-hidden=\"true\">*<\/span><\/label><input type=\"text\" id=\"wpforms-2878-field_2\" class=\"wpforms-field-medium wpforms-field-required\" name=\"wpforms[fields][2]\" aria-errormessage=\"wpforms-2878-field_2-error\" required><\/div><div id=\"wpforms-2878-field_5-container\" class=\"wpforms-field wpforms-field-email\" data-field-id=\"5\"><label class=\"wpforms-field-label\" for=\"wpforms-2878-field_5\">Correo electr\u00f3nico <span class=\"wpforms-required-label\" aria-hidden=\"true\">*<\/span><\/label><input type=\"email\" id=\"wpforms-2878-field_5\" class=\"wpforms-field-medium wpforms-field-required\" name=\"wpforms[fields][5]\" spellcheck=\"false\" aria-errormessage=\"wpforms-2878-field_5-error\" required><\/div><div id=\"wpforms-2878-field_3-container\" class=\"wpforms-field wpforms-field-textarea\" data-field-id=\"3\"><label class=\"wpforms-field-label\" for=\"wpforms-2878-field_3\">Solicitar <span class=\"wpforms-required-label\" aria-hidden=\"true\">*<\/span><\/label><textarea id=\"wpforms-2878-field_3\" class=\"wpforms-field-medium wpforms-field-required\" name=\"wpforms[fields][3]\" aria-errormessage=\"wpforms-2878-field_3-error\" aria-describedby=\"wpforms-2878-field_3-description\" required><\/textarea><div id=\"wpforms-2878-field_3-description\" class=\"wpforms-field-description\">Ind\u00edquenos sus requisitos y su n\u00famero de WhatsApp, y nuestro representante de ventas se pondr\u00e1 en contacto con usted.<\/div><\/div><\/div><!-- .wpforms-field-container --><div class=\"wpforms-submit-container\" ><input type=\"hidden\" name=\"wpforms[id]\" value=\"2878\"><input type=\"hidden\" name=\"page_title\" value=\"\"><input type=\"hidden\" name=\"page_url\" value=\"https:\/\/petelulu.com\/es\/wp-json\/wp\/v2\/product\/3276\"><input type=\"hidden\" name=\"url_referer\" value=\"\"><button type=\"submit\" name=\"wpforms[submit]\" id=\"wpforms-submit-2878\" class=\"wpforms-submit\" data-alt-text=\"Sending...\" data-submit-text=\"Submit\" aria-live=\"assertive\" value=\"wpforms-submit\">Enviar<\/button><img loading=\"lazy\" decoding=\"async\" src=\"https:\/\/petelulu.com\/wp-content\/plugins\/wpforms-lite\/assets\/images\/submit-spin.svg\" class=\"wpforms-submit-spinner\" style=\"display: none;\" width=\"26\" height=\"26\" alt=\"Cargando\"><\/div><input type=\"hidden\" name=\"trp-form-language\" value=\"es\"\/><\/form><\/div>  <!-- .wpforms-container -->","protected":false},"featured_media":3277,"template":"","meta":[],"product_brand":[],"product_cat":[46],"product_tag":[98,102,99,82,97,100,81],"class_list":{"0":"post-3276","1":"product","2":"type-product","3":"status-publish","4":"has-post-thumbnail","6":"product_cat-clothing-sets","7":"product_tag-bamboo-fiber","8":"product_tag-category","9":"product_tag-french-terry","10":"product_tag-kid","11":"product_tag-organic-cotton","12":"product_tag-tencel","13":"product_tag-toddler","14":"has-post-title","15":"has-post-date","16":"has-post-category","17":"has-post-tag","18":"has-post-comment","19":"has-post-author","20":"","22":"first","23":"instock","24":"shipping-taxable","25":"product-type-simple"},"yoast_head":"<!-- This site is optimized with the Yoast SEO Premium plugin v24.5 (Yoast SEO v25.6) - https:\/\/yoast.com\/wordpress\/plugins\/seo\/ -->\n<title>Custom Solid Pattern Babies Linen Clothing Set - petelulu<\/title>\n<meta name=\"description\" content=\"Solid Pattern Babies Linen Clothing Set. Competitive Pricing, Quick Ship. Global Delivery for Retailers\/Wholesale.\" \/>\n<meta name=\"robots\" content=\"index, follow, max-snippet:-1, max-image-preview:large, max-video-preview:-1\" \/>\n<link rel=\"canonical\" href=\"https:\/\/petelulu.com\/es\/producto\/conjunto-de-ropa-de-lino-para-bebes-2\/\" \/>\n<meta property=\"og:locale\" content=\"es_ES\" \/>\n<meta property=\"og:type\" content=\"article\" \/>\n<meta property=\"og:title\" content=\"Custom Solid Pattern Babies Linen Clothing Set\" \/>\n<meta property=\"og:description\" content=\"Solid Pattern Babies Linen Clothing Set. Competitive Pricing, Quick Ship. Global Delivery for Retailers\/Wholesale.\" \/>\n<meta property=\"og:url\" content=\"https:\/\/petelulu.com\/es\/producto\/conjunto-de-ropa-de-lino-para-bebes-2\/\" \/>\n<meta property=\"og:site_name\" content=\"petelulu\" \/>\n<meta property=\"article:modified_time\" content=\"2025-08-13T03:29:37+00:00\" \/>\n<meta property=\"og:image\" content=\"https:\/\/petelulu.com\/wp-content\/uploads\/2025\/04\/\u4e3b\u56fe_002-5.avif\" \/>\n\t<meta property=\"og:image:width\" content=\"2000\" \/>\n\t<meta property=\"og:image:height\" content=\"2000\" \/>\n\t<meta property=\"og:image:type\" content=\"image\/jpeg\" \/>\n<meta name=\"twitter:card\" content=\"summary_large_image\" \/>\n<meta name=\"twitter:label1\" content=\"Tiempo de lectura\" \/>\n\t<meta name=\"twitter:data1\" content=\"1 minuto\" \/>\n<script type=\"application\/ld+json\" class=\"yoast-schema-graph\">{\"@context\":\"https:\/\/schema.org\",\"@graph\":[{\"@type\":\"WebPage\",\"@id\":\"https:\/\/petelulu.com\/product\/solid-pattern-babies-linen-clothing-set-2\/\",\"url\":\"https:\/\/petelulu.com\/product\/solid-pattern-babies-linen-clothing-set-2\/\",\"name\":\"Custom Solid Pattern Babies Linen Clothing Set - petelulu\",\"isPartOf\":{\"@id\":\"https:\/\/petelulu.com\/#website\"},\"primaryImageOfPage\":{\"@id\":\"https:\/\/petelulu.com\/product\/solid-pattern-babies-linen-clothing-set-2\/#primaryimage\"},\"image\":{\"@id\":\"https:\/\/petelulu.com\/product\/solid-pattern-babies-linen-clothing-set-2\/#primaryimage\"},\"thumbnailUrl\":\"https:\/\/petelulu.com\/wp-content\/uploads\/2025\/04\/\u4e3b\u56fe_002-5.avif\",\"datePublished\":\"2025-04-29T01:16:36+00:00\",\"dateModified\":\"2025-08-13T03:29:37+00:00\",\"description\":\"Solid Pattern Babies Linen Clothing Set. Competitive Pricing, Quick Ship. Global Delivery for Retailers\/Wholesale.\",\"breadcrumb\":{\"@id\":\"https:\/\/petelulu.com\/product\/solid-pattern-babies-linen-clothing-set-2\/#breadcrumb\"},\"inLanguage\":\"es\",\"potentialAction\":[{\"@type\":\"ReadAction\",\"target\":[\"https:\/\/petelulu.com\/product\/solid-pattern-babies-linen-clothing-set-2\/\"]}]},{\"@type\":\"ImageObject\",\"inLanguage\":\"es\",\"@id\":\"https:\/\/petelulu.com\/product\/solid-pattern-babies-linen-clothing-set-2\/#primaryimage\",\"url\":\"https:\/\/petelulu.com\/wp-content\/uploads\/2025\/04\/\u4e3b\u56fe_002-5.avif\",\"contentUrl\":\"https:\/\/petelulu.com\/wp-content\/uploads\/2025\/04\/\u4e3b\u56fe_002-5.avif\",\"width\":2000,\"height\":2000},{\"@type\":\"BreadcrumbList\",\"@id\":\"https:\/\/petelulu.com\/product\/solid-pattern-babies-linen-clothing-set-2\/#breadcrumb\",\"itemListElement\":[{\"@type\":\"ListItem\",\"position\":1,\"name\":\"\u9996\u9875\",\"item\":\"https:\/\/petelulu.com\/\"},{\"@type\":\"ListItem\",\"position\":2,\"name\":\"PRODUCT GALLERY\",\"item\":\"https:\/\/petelulu.com\/product-gallery\/\"},{\"@type\":\"ListItem\",\"position\":3,\"name\":\"Custom Solid Pattern Babies Linen Clothing Set\"}]},{\"@type\":\"WebSite\",\"@id\":\"https:\/\/petelulu.com\/#website\",\"url\":\"https:\/\/petelulu.com\/\",\"name\":\"PETElulu\",\"description\":\"\",\"potentialAction\":[{\"@type\":\"SearchAction\",\"target\":{\"@type\":\"EntryPoint\",\"urlTemplate\":\"https:\/\/petelulu.com\/?s={search_term_string}\"},\"query-input\":{\"@type\":\"PropertyValueSpecification\",\"valueRequired\":true,\"valueName\":\"search_term_string\"}}],\"inLanguage\":\"es\"}]}<\/script>\n<!-- \/ Yoast SEO Premium plugin. -->","yoast_head_json":{"title":"Conjunto de ropa de lino para beb\u00e9s con estampado s\u00f3lido personalizado - petelulu","description":"Conjunto de Ropa de Lino para Beb\u00e9s con Estampado S\u00f3lido. Precios competitivos, env\u00edo r\u00e1pido. Entrega Global para Minoristas\/Mayoristas.","robots":{"index":"index","follow":"follow","max-snippet":"max-snippet:-1","max-image-preview":"max-image-preview:large","max-video-preview":"max-video-preview:-1"},"canonical":"https:\/\/petelulu.com\/es\/producto\/conjunto-de-ropa-de-lino-para-bebes-2\/","og_locale":"es_ES","og_type":"article","og_title":"Custom Solid Pattern Babies Linen Clothing Set","og_description":"Solid Pattern Babies Linen Clothing Set. Competitive Pricing, Quick Ship. Global Delivery for Retailers\/Wholesale.","og_url":"https:\/\/petelulu.com\/es\/producto\/conjunto-de-ropa-de-lino-para-bebes-2\/","og_site_name":"petelulu","article_modified_time":"2025-08-13T03:29:37+00:00","og_image":[{"width":2000,"height":2000,"url":"https:\/\/petelulu.com\/wp-content\/uploads\/2025\/04\/\u4e3b\u56fe_002-5.avif","type":"image\/jpeg"}],"twitter_card":"summary_large_image","twitter_misc":{"Tiempo de lectura":"1 minuto"},"schema":{"@context":"https:\/\/schema.org","@graph":[{"@type":"WebPage","@id":"https:\/\/petelulu.com\/product\/solid-pattern-babies-linen-clothing-set-2\/","url":"https:\/\/petelulu.com\/product\/solid-pattern-babies-linen-clothing-set-2\/","name":"Conjunto de ropa de lino para beb\u00e9s con estampado s\u00f3lido personalizado - petelulu","isPartOf":{"@id":"https:\/\/petelulu.com\/#website"},"primaryImageOfPage":{"@id":"https:\/\/petelulu.com\/product\/solid-pattern-babies-linen-clothing-set-2\/#primaryimage"},"image":{"@id":"https:\/\/petelulu.com\/product\/solid-pattern-babies-linen-clothing-set-2\/#primaryimage"},"thumbnailUrl":"https:\/\/petelulu.com\/wp-content\/uploads\/2025\/04\/\u4e3b\u56fe_002-5.avif","datePublished":"2025-04-29T01:16:36+00:00","dateModified":"2025-08-13T03:29:37+00:00","description":"Conjunto de Ropa de Lino para Beb\u00e9s con Estampado S\u00f3lido. Precios competitivos, env\u00edo r\u00e1pido. Entrega Global para Minoristas\/Mayoristas.","breadcrumb":{"@id":"https:\/\/petelulu.com\/product\/solid-pattern-babies-linen-clothing-set-2\/#breadcrumb"},"inLanguage":"es","potentialAction":[{"@type":"ReadAction","target":["https:\/\/petelulu.com\/product\/solid-pattern-babies-linen-clothing-set-2\/"]}]},{"@type":"ImageObject","inLanguage":"es","@id":"https:\/\/petelulu.com\/product\/solid-pattern-babies-linen-clothing-set-2\/#primaryimage","url":"https:\/\/petelulu.com\/wp-content\/uploads\/2025\/04\/\u4e3b\u56fe_002-5.avif","contentUrl":"https:\/\/petelulu.com\/wp-content\/uploads\/2025\/04\/\u4e3b\u56fe_002-5.avif","width":2000,"height":2000},{"@type":"BreadcrumbList","@id":"https:\/\/petelulu.com\/product\/solid-pattern-babies-linen-clothing-set-2\/#breadcrumb","itemListElement":[{"@type":"ListItem","position":1,"name":"\u9996\u9875","item":"https:\/\/petelulu.com\/"},{"@type":"ListItem","position":2,"name":"PRODUCT GALLERY","item":"https:\/\/petelulu.com\/product-gallery\/"},{"@type":"ListItem","position":3,"name":"Custom Solid Pattern Babies Linen Clothing Set"}]},{"@type":"WebSite","@id":"https:\/\/petelulu.com\/#website","url":"https:\/\/petelulu.com\/","name":"PETElulu","description":"","potentialAction":[{"@type":"SearchAction","target":{"@type":"EntryPoint","urlTemplate":"https:\/\/petelulu.com\/?s={search_term_string}"},"query-input":{"@type":"PropertyValueSpecification","valueRequired":true,"valueName":"search_term_string"}}],"inLanguage":"es"}]}},"builder_content":"","_links":{"self":[{"href":"https:\/\/petelulu.com\/es\/wp-json\/wp\/v2\/product\/3276","targetHints":{"allow":["GET"]}}],"collection":[{"href":"https:\/\/petelulu.com\/es\/wp-json\/wp\/v2\/product"}],"about":[{"href":"https:\/\/petelulu.com\/es\/wp-json\/wp\/v2\/types\/product"}],"wp:featuredmedia":[{"embeddable":true,"href":"https:\/\/petelulu.com\/es\/wp-json\/wp\/v2\/media\/3277"}],"wp:attachment":[{"href":"https:\/\/petelulu.com\/es\/wp-json\/wp\/v2\/media?parent=3276"}],"wp:term":[{"taxonomy":"product_brand","embeddable":true,"href":"https:\/\/petelulu.com\/es\/wp-json\/wp\/v2\/product_brand?post=3276"},{"taxonomy":"product_cat","embeddable":true,"href":"https:\/\/petelulu.com\/es\/wp-json\/wp\/v2\/product_cat?post=3276"},{"taxonomy":"product_tag","embeddable":true,"href":"https:\/\/petelulu.com\/es\/wp-json\/wp\/v2\/product_tag?post=3276"}],"curies":[{"name":"wp","href":"https:\/\/api.w.org\/{rel}","templated":true}]}}