{"id":2136,"date":"2025-06-16T07:02:38","date_gmt":"2025-06-16T11:02:38","guid":{"rendered":"https:\/\/petelulu.com\/?post_type=product&#038;p=2136"},"modified":"2025-08-12T23:01:08","modified_gmt":"2025-08-13T03:01:08","slug":"pelele-ecologico-de-manga-larga","status":"publish","type":"product","link":"https:\/\/petelulu.com\/es\/producto\/pelele-ecologico-de-manga-larga\/","title":{"rendered":"Pelele de punto de manga larga ecol\u00f3gico personalizado"},"content":{"rendered":"<h2>Acerca de este producto<\/h2>\n<ul>\n<li>Material respetuoso con el medio ambiente: Este pelele est\u00e1 hecho de algod\u00f3n org\u00e1nico 100%, lo que garantiza un entorno suave y seguro para la piel sensible de tu peque\u00f1o. Perfecto para los padres que dan prioridad a las opciones de ropa naturales y sostenibles.<\/li>\n<li>Dise\u00f1o c\u00f3modo: El dise\u00f1o de manga larga proporciona calidez y protecci\u00f3n para la delicada piel de tu beb\u00e9, mientras que el estilo informal hace que sea f\u00e1cil vestirlos con ropa de arriba o de abajo. Ideal para llevar a diario, tanto en casa como de viaje.<\/li>\n<li>Beneficios para el cuidado de la piel: Los pa\u00f1os autoadhesivos de este pelele ofrecen una doble protecci\u00f3n para la barriguita, proporcionando un confort y un soporte adicionales para la barriguita sensible de tu beb\u00e9. Esta caracter\u00edstica es especialmente beneficiosa para los padres que buscan una soluci\u00f3n para calmar las irritaciones de la piel de su beb\u00e9.<\/li>\n<li>Opciones personalizables: Este producto ofrece impresi\u00f3n de logotipo a medida, lo que le permite personalizar el pelele con su propio dise\u00f1o o nombre de marca. Perfecto para empresas o particulares que buscan un producto \u00fanico y de marca.<\/li>\n<li>R\u00e1pido plazo de entrega: Con un plazo de entrega de pedidos de muestra de 7 d\u00edas, podr\u00e1 disponer r\u00e1pidamente de este producto y empezar a venderlo a sus clientes. Ideal para empresas que requieren una producci\u00f3n y un env\u00edo r\u00e1pidos para satisfacer las demandas de los clientes.<\/li>\n<\/ul>","protected":false},"excerpt":{"rendered":"<p>Precio unitario: US $4.99-6.99 \/ Pieza<br \/>\nCantidad m\u00ednima de pedido: 300 Piezas\/ Tama\u00f1o<br \/>\nMaterial: Algod\u00f3n org\u00e1nico 100%<br \/>\nAge: Newborn\/0-3M\/3-6M\/6-9M\/9-12M\/12-18M\/18-24M<br \/>\nMateriales aplicables: Bamb\u00fa\/Algod\u00f3n org\u00e1nico\/Algod\u00f3n puro\/Ray\u00f3n modal\/Muselina de bamb\u00fa<br \/>\nCapacidad de suministro: 10.000 piezas\/mes<br \/>\nPuerto: Guangzhou, China<br \/>\nCondiciones de pago: T\/T<br \/>\nMuestra\uff1aAceptar muestra personalizada<br \/>\nLogotipo: Logotipo personalizado<br \/>\nEntrega: 25-35 d\u00edas laborables<br \/>\nOEM Y ODM<\/p>\n<p><a href=\"https:\/\/petelulu.com\/es\/#category\">Ver m\u00e1s<\/a><\/p>\n<style id=\"wpforms-css-vars-2878\">\n\t\t\t\t#wpforms-2878 {\n\t\t\t\t\n\t\t\t}\n\t\t\t<\/style><div class=\"wpforms-container wpforms-container-full wpforms-render-modern\" id=\"wpforms-2878\"><form id=\"wpforms-form-2878\" class=\"wpforms-validate wpforms-form wpforms-ajax-form\" data-formid=\"2878\" method=\"post\" enctype=\"multipart\/form-data\" action=\"\/es\/wp-json\/wp\/v2\/product\/2136\" data-token=\"128124db61122febf9a8e0577f267efe\" data-token-time=\"1779052893\" data-trp-original-action=\"\/es\/wp-json\/wp\/v2\/product\/2136\"><noscript class=\"wpforms-error-noscript\">Por favor, active JavaScript en su navegador para completar este formulario.<\/noscript><div id=\"wpforms-error-noscript\" style=\"display: none;\">Por favor, active JavaScript en su navegador para completar este formulario.<\/div><div class=\"wpforms-field-container\"><div id=\"wpforms-2878-field_2-container\" class=\"wpforms-field wpforms-field-name\" data-field-id=\"2\"><label class=\"wpforms-field-label\" for=\"wpforms-2878-field_2\">Nombre <span class=\"wpforms-required-label\" aria-hidden=\"true\">*<\/span><\/label><input type=\"text\" id=\"wpforms-2878-field_2\" class=\"wpforms-field-medium wpforms-field-required\" name=\"wpforms[fields][2]\" aria-errormessage=\"wpforms-2878-field_2-error\" required><\/div><div id=\"wpforms-2878-field_5-container\" class=\"wpforms-field wpforms-field-email\" data-field-id=\"5\"><label class=\"wpforms-field-label\" for=\"wpforms-2878-field_5\">Correo electr\u00f3nico <span class=\"wpforms-required-label\" aria-hidden=\"true\">*<\/span><\/label><input type=\"email\" id=\"wpforms-2878-field_5\" class=\"wpforms-field-medium wpforms-field-required\" name=\"wpforms[fields][5]\" spellcheck=\"false\" aria-errormessage=\"wpforms-2878-field_5-error\" required><\/div>\t\t<div id=\"wpforms-2878-field_1-container\"\n\t\t\tclass=\"wpforms-field wpforms-field-text\"\n\t\t\tdata-field-type=\"text\"\n\t\t\tdata-field-id=\"1\"\n\t\t\t>\n\t\t\t<label class=\"wpforms-field-label\" for=\"wpforms-2878-field_1\" >Solicitar correo electr\u00f3nico<\/label>\n\t\t\t<input type=\"text\" id=\"wpforms-2878-field_1\" class=\"wpforms-field-medium\" name=\"wpforms[fields][1]\" >\n\t\t<\/div>\n\t\t<div id=\"wpforms-2878-field_3-container\" class=\"wpforms-field wpforms-field-textarea\" data-field-id=\"3\"><label class=\"wpforms-field-label\" for=\"wpforms-2878-field_3\">Solicitar <span class=\"wpforms-required-label\" aria-hidden=\"true\">*<\/span><\/label><textarea id=\"wpforms-2878-field_3\" class=\"wpforms-field-medium wpforms-field-required\" name=\"wpforms[fields][3]\" aria-errormessage=\"wpforms-2878-field_3-error\" aria-describedby=\"wpforms-2878-field_3-description\" required><\/textarea><div id=\"wpforms-2878-field_3-description\" class=\"wpforms-field-description\">Ind\u00edquenos sus requisitos y su n\u00famero de WhatsApp, y nuestro representante de ventas se pondr\u00e1 en contacto con usted.<\/div><\/div><script>\n\t\t\t\t( function() {\n\t\t\t\t\tconst style = document.createElement( 'style' );\n\t\t\t\t\tstyle.appendChild( document.createTextNode( '#wpforms-2878-field_1-container { position: absolute !important; overflow: hidden !important; display: inline !important; height: 1px !important; width: 1px !important; z-index: -1000 !important; padding: 0 !important; } #wpforms-2878-field_1-container input { visibility: hidden; } #wpforms-conversational-form-page #wpforms-2878-field_1-container label { counter-increment: none; }' ) );\n\t\t\t\t\tdocument.head.appendChild( style );\n\t\t\t\t\tdocument.currentScript?.remove();\n\t\t\t\t} )();\n\t\t\t<\/script><\/div><!-- .wpforms-field-container --><div class=\"wpforms-submit-container\" ><input type=\"hidden\" name=\"wpforms[id]\" value=\"2878\"><input type=\"hidden\" name=\"page_title\" value=\"\"><input type=\"hidden\" name=\"page_url\" value=\"https:\/\/petelulu.com\/es\/wp-json\/wp\/v2\/product\/2136\"><input type=\"hidden\" name=\"url_referer\" value=\"\"><button type=\"submit\" name=\"wpforms[submit]\" id=\"wpforms-submit-2878\" class=\"wpforms-submit\" data-alt-text=\"Sending...\" data-submit-text=\"Submit\" aria-live=\"assertive\" value=\"wpforms-submit\">Enviar<\/button><img loading=\"lazy\" decoding=\"async\" src=\"https:\/\/petelulu.com\/wp-content\/plugins\/wpforms-lite\/assets\/images\/submit-spin.svg\" class=\"wpforms-submit-spinner\" style=\"display: none;\" width=\"26\" height=\"26\" alt=\"Cargando\"><\/div><input type=\"hidden\" name=\"trp-form-language\" value=\"es\"\/><\/form><\/div>  <!-- .wpforms-container -->\n<p>&nbsp;<\/p>","protected":false},"featured_media":2142,"template":"","meta":[],"product_brand":[],"product_cat":[41],"product_tag":[80,102,99,97,100],"class_list":{"0":"post-2136","1":"product","2":"type-product","3":"status-publish","4":"has-post-thumbnail","6":"product_cat-rompers","7":"product_tag-baby","8":"product_tag-category","9":"product_tag-french-terry","10":"product_tag-organic-cotton","11":"product_tag-tencel","12":"has-post-title","13":"has-post-date","14":"has-post-category","15":"has-post-tag","16":"has-post-comment","17":"has-post-author","18":"","20":"first","21":"instock","22":"shipping-taxable","23":"product-type-simple"},"yoast_head":"<!-- This site is optimized with the Yoast SEO Premium plugin v24.5 (Yoast SEO v25.6) - https:\/\/yoast.com\/wordpress\/plugins\/seo\/ -->\n<title>Custom Organic Long Sleeve Knitted Baby Romper - petelulu<\/title>\n<meta name=\"description\" content=\"Organic Long Sleeve Baby Romper | Custom Designs, Fast Shipping Worldwide. Competitive Pricing for Retailers. Get Quote &amp; Enquire Now!\" \/>\n<meta name=\"robots\" content=\"index, follow, max-snippet:-1, max-image-preview:large, max-video-preview:-1\" \/>\n<link rel=\"canonical\" href=\"https:\/\/petelulu.com\/es\/producto\/pelele-ecologico-de-manga-larga\/\" \/>\n<meta property=\"og:locale\" content=\"es_ES\" \/>\n<meta property=\"og:type\" content=\"article\" \/>\n<meta property=\"og:title\" content=\"Custom Organic Long Sleeve Knitted Baby Romper\" \/>\n<meta property=\"og:description\" content=\"Organic Long Sleeve Baby Romper | Custom Designs, Fast Shipping Worldwide. Competitive Pricing for Retailers. Get Quote &amp; Enquire Now!\" \/>\n<meta property=\"og:url\" content=\"https:\/\/petelulu.com\/es\/producto\/pelele-ecologico-de-manga-larga\/\" \/>\n<meta property=\"og:site_name\" content=\"petelulu\" \/>\n<meta property=\"article:modified_time\" content=\"2025-08-13T03:01:08+00:00\" \/>\n<meta property=\"og:image\" content=\"https:\/\/petelulu.com\/wp-content\/uploads\/2025\/03\/\u4e3b\u56fe_003-34.jpg\" \/>\n\t<meta property=\"og:image:width\" content=\"1800\" \/>\n\t<meta property=\"og:image:height\" content=\"1800\" \/>\n\t<meta property=\"og:image:type\" content=\"image\/jpeg\" \/>\n<meta name=\"twitter:card\" content=\"summary_large_image\" \/>\n<meta name=\"twitter:label1\" content=\"Tiempo de lectura\" \/>\n\t<meta name=\"twitter:data1\" content=\"2 minutos\" \/>\n<script type=\"application\/ld+json\" class=\"yoast-schema-graph\">{\"@context\":\"https:\/\/schema.org\",\"@graph\":[{\"@type\":\"WebPage\",\"@id\":\"https:\/\/petelulu.com\/product\/organic-long-sleeve-baby-romper\/\",\"url\":\"https:\/\/petelulu.com\/product\/organic-long-sleeve-baby-romper\/\",\"name\":\"Custom Organic Long Sleeve Knitted Baby Romper - petelulu\",\"isPartOf\":{\"@id\":\"https:\/\/petelulu.com\/#website\"},\"primaryImageOfPage\":{\"@id\":\"https:\/\/petelulu.com\/product\/organic-long-sleeve-baby-romper\/#primaryimage\"},\"image\":{\"@id\":\"https:\/\/petelulu.com\/product\/organic-long-sleeve-baby-romper\/#primaryimage\"},\"thumbnailUrl\":\"https:\/\/petelulu.com\/wp-content\/uploads\/2025\/03\/\u4e3b\u56fe_003-34.jpg\",\"datePublished\":\"2025-06-16T11:02:38+00:00\",\"dateModified\":\"2025-08-13T03:01:08+00:00\",\"description\":\"Organic Long Sleeve Baby Romper | Custom Designs, Fast Shipping Worldwide. Competitive Pricing for Retailers. Get Quote & Enquire Now!\",\"breadcrumb\":{\"@id\":\"https:\/\/petelulu.com\/product\/organic-long-sleeve-baby-romper\/#breadcrumb\"},\"inLanguage\":\"es\",\"potentialAction\":[{\"@type\":\"ReadAction\",\"target\":[\"https:\/\/petelulu.com\/product\/organic-long-sleeve-baby-romper\/\"]}]},{\"@type\":\"ImageObject\",\"inLanguage\":\"es\",\"@id\":\"https:\/\/petelulu.com\/product\/organic-long-sleeve-baby-romper\/#primaryimage\",\"url\":\"https:\/\/petelulu.com\/wp-content\/uploads\/2025\/03\/\u4e3b\u56fe_003-34.jpg\",\"contentUrl\":\"https:\/\/petelulu.com\/wp-content\/uploads\/2025\/03\/\u4e3b\u56fe_003-34.jpg\",\"width\":1800,\"height\":1800,\"caption\":\"Organic Long Sleeve Baby Romper\"},{\"@type\":\"BreadcrumbList\",\"@id\":\"https:\/\/petelulu.com\/product\/organic-long-sleeve-baby-romper\/#breadcrumb\",\"itemListElement\":[{\"@type\":\"ListItem\",\"position\":1,\"name\":\"\u9996\u9875\",\"item\":\"https:\/\/petelulu.com\/\"},{\"@type\":\"ListItem\",\"position\":2,\"name\":\"PRODUCT GALLERY\",\"item\":\"https:\/\/petelulu.com\/product-gallery\/\"},{\"@type\":\"ListItem\",\"position\":3,\"name\":\"Custom Organic Long Sleeve Knitted Baby Romper\"}]},{\"@type\":\"WebSite\",\"@id\":\"https:\/\/petelulu.com\/#website\",\"url\":\"https:\/\/petelulu.com\/\",\"name\":\"PETElulu\",\"description\":\"\",\"potentialAction\":[{\"@type\":\"SearchAction\",\"target\":{\"@type\":\"EntryPoint\",\"urlTemplate\":\"https:\/\/petelulu.com\/?s={search_term_string}\"},\"query-input\":{\"@type\":\"PropertyValueSpecification\",\"valueRequired\":true,\"valueName\":\"search_term_string\"}}],\"inLanguage\":\"es\"}]}<\/script>\n<!-- \/ Yoast SEO Premium plugin. -->","yoast_head_json":{"title":"Pelele org\u00e1nico de punto de manga larga - petelulu","description":"Pelele Org\u00e1nico Manga Larga | Dise\u00f1os Personalizados, Env\u00edo R\u00e1pido a Todo el Mundo. Precios competitivos para minoristas. \u00a1Obtenga una cotizaci\u00f3n y pregunte ahora!","robots":{"index":"index","follow":"follow","max-snippet":"max-snippet:-1","max-image-preview":"max-image-preview:large","max-video-preview":"max-video-preview:-1"},"canonical":"https:\/\/petelulu.com\/es\/producto\/pelele-ecologico-de-manga-larga\/","og_locale":"es_ES","og_type":"article","og_title":"Custom Organic Long Sleeve Knitted Baby Romper","og_description":"Organic Long Sleeve Baby Romper | Custom Designs, Fast Shipping Worldwide. Competitive Pricing for Retailers. Get Quote & Enquire Now!","og_url":"https:\/\/petelulu.com\/es\/producto\/pelele-ecologico-de-manga-larga\/","og_site_name":"petelulu","article_modified_time":"2025-08-13T03:01:08+00:00","og_image":[{"width":1800,"height":1800,"url":"https:\/\/petelulu.com\/wp-content\/uploads\/2025\/03\/\u4e3b\u56fe_003-34.jpg","type":"image\/jpeg"}],"twitter_card":"summary_large_image","twitter_misc":{"Tiempo de lectura":"2 minutos"},"schema":{"@context":"https:\/\/schema.org","@graph":[{"@type":"WebPage","@id":"https:\/\/petelulu.com\/product\/organic-long-sleeve-baby-romper\/","url":"https:\/\/petelulu.com\/product\/organic-long-sleeve-baby-romper\/","name":"Pelele org\u00e1nico de punto de manga larga - petelulu","isPartOf":{"@id":"https:\/\/petelulu.com\/#website"},"primaryImageOfPage":{"@id":"https:\/\/petelulu.com\/product\/organic-long-sleeve-baby-romper\/#primaryimage"},"image":{"@id":"https:\/\/petelulu.com\/product\/organic-long-sleeve-baby-romper\/#primaryimage"},"thumbnailUrl":"https:\/\/petelulu.com\/wp-content\/uploads\/2025\/03\/\u4e3b\u56fe_003-34.jpg","datePublished":"2025-06-16T11:02:38+00:00","dateModified":"2025-08-13T03:01:08+00:00","description":"Pelele Org\u00e1nico Manga Larga | Dise\u00f1os Personalizados, Env\u00edo R\u00e1pido a Todo el Mundo. Precios competitivos para minoristas. \u00a1Obtenga una cotizaci\u00f3n y pregunte ahora!","breadcrumb":{"@id":"https:\/\/petelulu.com\/product\/organic-long-sleeve-baby-romper\/#breadcrumb"},"inLanguage":"es","potentialAction":[{"@type":"ReadAction","target":["https:\/\/petelulu.com\/product\/organic-long-sleeve-baby-romper\/"]}]},{"@type":"ImageObject","inLanguage":"es","@id":"https:\/\/petelulu.com\/product\/organic-long-sleeve-baby-romper\/#primaryimage","url":"https:\/\/petelulu.com\/wp-content\/uploads\/2025\/03\/\u4e3b\u56fe_003-34.jpg","contentUrl":"https:\/\/petelulu.com\/wp-content\/uploads\/2025\/03\/\u4e3b\u56fe_003-34.jpg","width":1800,"height":1800,"caption":"Organic Long Sleeve Baby Romper"},{"@type":"BreadcrumbList","@id":"https:\/\/petelulu.com\/product\/organic-long-sleeve-baby-romper\/#breadcrumb","itemListElement":[{"@type":"ListItem","position":1,"name":"\u9996\u9875","item":"https:\/\/petelulu.com\/"},{"@type":"ListItem","position":2,"name":"PRODUCT GALLERY","item":"https:\/\/petelulu.com\/product-gallery\/"},{"@type":"ListItem","position":3,"name":"Custom Organic Long Sleeve Knitted Baby Romper"}]},{"@type":"WebSite","@id":"https:\/\/petelulu.com\/#website","url":"https:\/\/petelulu.com\/","name":"PETElulu","description":"","potentialAction":[{"@type":"SearchAction","target":{"@type":"EntryPoint","urlTemplate":"https:\/\/petelulu.com\/?s={search_term_string}"},"query-input":{"@type":"PropertyValueSpecification","valueRequired":true,"valueName":"search_term_string"}}],"inLanguage":"es"}]}},"builder_content":"","_links":{"self":[{"href":"https:\/\/petelulu.com\/es\/wp-json\/wp\/v2\/product\/2136","targetHints":{"allow":["GET"]}}],"collection":[{"href":"https:\/\/petelulu.com\/es\/wp-json\/wp\/v2\/product"}],"about":[{"href":"https:\/\/petelulu.com\/es\/wp-json\/wp\/v2\/types\/product"}],"wp:featuredmedia":[{"embeddable":true,"href":"https:\/\/petelulu.com\/es\/wp-json\/wp\/v2\/media\/2142"}],"wp:attachment":[{"href":"https:\/\/petelulu.com\/es\/wp-json\/wp\/v2\/media?parent=2136"}],"wp:term":[{"taxonomy":"product_brand","embeddable":true,"href":"https:\/\/petelulu.com\/es\/wp-json\/wp\/v2\/product_brand?post=2136"},{"taxonomy":"product_cat","embeddable":true,"href":"https:\/\/petelulu.com\/es\/wp-json\/wp\/v2\/product_cat?post=2136"},{"taxonomy":"product_tag","embeddable":true,"href":"https:\/\/petelulu.com\/es\/wp-json\/wp\/v2\/product_tag?post=2136"}],"curies":[{"name":"wp","href":"https:\/\/api.w.org\/{rel}","templated":true}]}}