{"id":2112,"date":"2025-03-24T06:31:10","date_gmt":"2025-03-24T06:31:10","guid":{"rendered":"https:\/\/petelulu.com\/?post_type=product&#038;p=2112"},"modified":"2025-08-12T23:17:09","modified_gmt":"2025-08-13T03:17:09","slug":"conjuntos-de-ropa-de-bebe-de-pana","status":"publish","type":"product","link":"https:\/\/petelulu.com\/es\/producto\/conjuntos-de-ropa-de-bebe-de-pana\/","title":{"rendered":"Conjuntos de ropa de pana para beb\u00e9 personalizados"},"content":{"rendered":"<div id=\"sellingpoint\" class=\"header\">\n<h2>Acerca de este producto<\/h2>\n<ol data-spm-anchor-id=\"5176.28103460.0.i24.40f7451enAKIF4\">\n<li><strong>Ultimate Comfort &amp; Durability<\/strong>: Crafted from high-quality, child-friendly materials, our CuddleSoft Baby Essentials set features a blend of cotton and spandex. This combination ensures that your baby enjoys maximum comfort while also benefiting from the durability of corduroy.<\/li>\n<li><strong>Perfect Fit for Growing Babies<\/strong>: Designed specifically for infants and toddlers aged 6 to 24 months, this clothes set is tailored to accommodate your baby&#8217;s growth stages without compromising on style or comfort. The slight stretch provided by spandex allows for a snug yet comfortable fit.<\/li>\n<li><strong>Solid Color Design with a Touch of Class<\/strong>: Keeping the design simple yet elegant, our baby clothes set comes in solid colors that are easy to mix and match with other items in your baby\u2019s wardrobe. The classic look of corduroy adds a touch of sophistication to everyday wear.<\/li>\n<li><strong>Easy Care Fabric<\/strong>: Made from easy-to-clean and quick-drying cotton and spandex fabric, this baby clothes set is as practical as it is stylish. Perfect for parents who want to spend less time worrying about laundry and more time enjoying moments with their little one.<\/li>\n<li><strong>Safe for Your Little One&#8217;s Skin<\/strong>: Our commitment to quality includes ensuring that all materials used are gentle on your baby\u2019s delicate skin. Free from harmful chemicals, this set offers not just comfort and style but also peace of mind regarding your baby\u2019s health and safety.<\/li>\n<\/ol>\n<\/div>","protected":false},"excerpt":{"rendered":"<p>Precio unitario: US $9.80-12.80\/ Pieza<br \/>\nCantidad m\u00ednima de pedido: 300 Piezas\/ Tama\u00f1o<br \/>\nMaterial: Spandex \/ Algod\u00f3n<br \/>\nAge: 0-3M\/3-6M\/6-9M\/9-12M\/12-18M\/18-24M\/2T-3T-4T<br \/>\nMateriales aplicables: Bamb\u00fa\/algod\u00f3n org\u00e1nico\/algod\u00f3n puro\/franc\u00e9s\/muselina de bamb\u00fa<br \/>\nCapacidad de suministro: 10.000 piezas\/mes<br \/>\nPuerto: Guangzhou, China<br \/>\nCondiciones de pago: T\/T<br \/>\nMuestra\uff1aAceptar muestra personalizada<br \/>\nLogotipo: Logotipo personalizado<br \/>\nEntrega: 25-35 d\u00edas laborables<br \/>\nOEM Y ODM<\/p>\n<p><a href=\"https:\/\/petelulu.com\/es\/#category\">Ver m\u00e1s<\/a><\/p>\n<div class=\"wpforms-container wpforms-container-full wpforms-render-modern\" id=\"wpforms-2878\"><form id=\"wpforms-form-2878\" class=\"wpforms-validate wpforms-form wpforms-ajax-form\" data-formid=\"2878\" method=\"post\" enctype=\"multipart\/form-data\" action=\"\/es\/wp-json\/wp\/v2\/product\/2112\" data-token=\"29463cdf8f50dbb33f40d46c9ea45e0a\" data-token-time=\"1776299709\" data-trp-original-action=\"\/es\/wp-json\/wp\/v2\/product\/2112\"><noscript class=\"wpforms-error-noscript\">Por favor, active JavaScript en su navegador para completar este formulario.<\/noscript><div class=\"wpforms-hidden\" id=\"wpforms-error-noscript\">Por favor, active JavaScript en su navegador para completar este formulario.<\/div><div class=\"wpforms-field-container\"><div id=\"wpforms-2878-field_2-container\" class=\"wpforms-field wpforms-field-name\" data-field-id=\"2\"><label class=\"wpforms-field-label\" for=\"wpforms-2878-field_2\">Nombre <span class=\"wpforms-required-label\" aria-hidden=\"true\">*<\/span><\/label><input type=\"text\" id=\"wpforms-2878-field_2\" class=\"wpforms-field-medium wpforms-field-required\" name=\"wpforms[fields][2]\" aria-errormessage=\"wpforms-2878-field_2-error\" required><\/div><div id=\"wpforms-2878-field_5-container\" class=\"wpforms-field wpforms-field-email\" data-field-id=\"5\"><label class=\"wpforms-field-label\" for=\"wpforms-2878-field_5\">Correo electr\u00f3nico <span class=\"wpforms-required-label\" aria-hidden=\"true\">*<\/span><\/label><input type=\"email\" id=\"wpforms-2878-field_5\" class=\"wpforms-field-medium wpforms-field-required\" name=\"wpforms[fields][5]\" spellcheck=\"false\" aria-errormessage=\"wpforms-2878-field_5-error\" required><\/div><div id=\"wpforms-2878-field_3-container\" class=\"wpforms-field wpforms-field-textarea\" data-field-id=\"3\"><label class=\"wpforms-field-label\" for=\"wpforms-2878-field_3\">Solicitar <span class=\"wpforms-required-label\" aria-hidden=\"true\">*<\/span><\/label><textarea id=\"wpforms-2878-field_3\" class=\"wpforms-field-medium wpforms-field-required\" name=\"wpforms[fields][3]\" aria-errormessage=\"wpforms-2878-field_3-error\" aria-describedby=\"wpforms-2878-field_3-description\" required><\/textarea><div id=\"wpforms-2878-field_3-description\" class=\"wpforms-field-description\">Ind\u00edquenos sus requisitos y su n\u00famero de WhatsApp, y nuestro representante de ventas se pondr\u00e1 en contacto con usted.<\/div><\/div><\/div><!-- .wpforms-field-container --><div class=\"wpforms-submit-container\" ><input type=\"hidden\" name=\"wpforms[id]\" value=\"2878\"><input type=\"hidden\" name=\"page_title\" value=\"\"><input type=\"hidden\" name=\"page_url\" value=\"https:\/\/petelulu.com\/es\/wp-json\/wp\/v2\/product\/2112\"><input type=\"hidden\" name=\"url_referer\" value=\"\"><button type=\"submit\" name=\"wpforms[submit]\" id=\"wpforms-submit-2878\" class=\"wpforms-submit\" data-alt-text=\"Sending...\" data-submit-text=\"Submit\" aria-live=\"assertive\" value=\"wpforms-submit\">Enviar<\/button><img loading=\"lazy\" decoding=\"async\" src=\"https:\/\/petelulu.com\/wp-content\/plugins\/wpforms-lite\/assets\/images\/submit-spin.svg\" class=\"wpforms-submit-spinner\" style=\"display: none;\" width=\"26\" height=\"26\" alt=\"Cargando\"><\/div><input type=\"hidden\" name=\"trp-form-language\" value=\"es\"\/><\/form><\/div>  <!-- .wpforms-container -->\n<p>&nbsp;<\/p>","protected":false},"featured_media":2114,"template":"","meta":[],"product_brand":[],"product_cat":[46],"product_tag":[102,99,82,97,100,81],"class_list":{"0":"post-2112","1":"product","2":"type-product","3":"status-publish","4":"has-post-thumbnail","6":"product_cat-clothing-sets","7":"product_tag-category","8":"product_tag-french-terry","9":"product_tag-kid","10":"product_tag-organic-cotton","11":"product_tag-tencel","12":"product_tag-toddler","13":"has-post-title","14":"has-post-date","15":"has-post-category","16":"has-post-tag","17":"has-post-comment","18":"has-post-author","19":"","21":"first","22":"instock","23":"shipping-taxable","24":"product-type-simple"},"yoast_head":"<!-- This site is optimized with the Yoast SEO Premium plugin v24.5 (Yoast SEO v25.6) - https:\/\/yoast.com\/wordpress\/plugins\/seo\/ -->\n<title>Custom Corduroy Baby Clothing Sets - petelulu<\/title>\n<meta name=\"description\" content=\"Corduroy Baby Clothing Sets | Short Sleeve Baby Clothing Sets. Competitive Pricing, Quick Ship. Global Delivery for Retailers\/Wholesale.\" \/>\n<meta name=\"robots\" content=\"index, follow, max-snippet:-1, max-image-preview:large, max-video-preview:-1\" \/>\n<link rel=\"canonical\" href=\"https:\/\/petelulu.com\/es\/producto\/conjuntos-de-ropa-de-bebe-de-pana\/\" \/>\n<meta property=\"og:locale\" content=\"es_ES\" \/>\n<meta property=\"og:type\" content=\"article\" \/>\n<meta property=\"og:title\" content=\"Custom Corduroy Baby Clothing Sets\" \/>\n<meta property=\"og:description\" content=\"Corduroy Baby Clothing Sets | Short Sleeve Baby Clothing Sets. Competitive Pricing, Quick Ship. Global Delivery for Retailers\/Wholesale.\" \/>\n<meta property=\"og:url\" content=\"https:\/\/petelulu.com\/es\/producto\/conjuntos-de-ropa-de-bebe-de-pana\/\" \/>\n<meta property=\"og:site_name\" content=\"petelulu\" \/>\n<meta property=\"article:modified_time\" content=\"2025-08-13T03:17:09+00:00\" \/>\n<meta property=\"og:image\" content=\"https:\/\/petelulu.com\/wp-content\/uploads\/2025\/03\/\u4e3b\u56fe_001-10.jpg\" \/>\n\t<meta property=\"og:image:width\" content=\"2000\" \/>\n\t<meta property=\"og:image:height\" content=\"2000\" \/>\n\t<meta property=\"og:image:type\" content=\"image\/jpeg\" \/>\n<meta name=\"twitter:card\" content=\"summary_large_image\" \/>\n<meta name=\"twitter:label1\" content=\"Tiempo de lectura\" \/>\n\t<meta name=\"twitter:data1\" content=\"2 minutos\" \/>\n<script type=\"application\/ld+json\" class=\"yoast-schema-graph\">{\"@context\":\"https:\/\/schema.org\",\"@graph\":[{\"@type\":\"WebPage\",\"@id\":\"https:\/\/petelulu.com\/product\/corduroy-baby-clothing-sets\/\",\"url\":\"https:\/\/petelulu.com\/product\/corduroy-baby-clothing-sets\/\",\"name\":\"Custom Corduroy Baby Clothing Sets - petelulu\",\"isPartOf\":{\"@id\":\"https:\/\/petelulu.com\/#website\"},\"primaryImageOfPage\":{\"@id\":\"https:\/\/petelulu.com\/product\/corduroy-baby-clothing-sets\/#primaryimage\"},\"image\":{\"@id\":\"https:\/\/petelulu.com\/product\/corduroy-baby-clothing-sets\/#primaryimage\"},\"thumbnailUrl\":\"https:\/\/petelulu.com\/wp-content\/uploads\/2025\/03\/\u4e3b\u56fe_001-10.jpg\",\"datePublished\":\"2025-03-24T06:31:10+00:00\",\"dateModified\":\"2025-08-13T03:17:09+00:00\",\"description\":\"Corduroy Baby Clothing Sets | Short Sleeve Baby Clothing Sets. Competitive Pricing, Quick Ship. Global Delivery for Retailers\/Wholesale.\",\"breadcrumb\":{\"@id\":\"https:\/\/petelulu.com\/product\/corduroy-baby-clothing-sets\/#breadcrumb\"},\"inLanguage\":\"es\",\"potentialAction\":[{\"@type\":\"ReadAction\",\"target\":[\"https:\/\/petelulu.com\/product\/corduroy-baby-clothing-sets\/\"]}]},{\"@type\":\"ImageObject\",\"inLanguage\":\"es\",\"@id\":\"https:\/\/petelulu.com\/product\/corduroy-baby-clothing-sets\/#primaryimage\",\"url\":\"https:\/\/petelulu.com\/wp-content\/uploads\/2025\/03\/\u4e3b\u56fe_001-10.jpg\",\"contentUrl\":\"https:\/\/petelulu.com\/wp-content\/uploads\/2025\/03\/\u4e3b\u56fe_001-10.jpg\",\"width\":2000,\"height\":2000,\"caption\":\"Corduroy Baby Clothing Sets\"},{\"@type\":\"BreadcrumbList\",\"@id\":\"https:\/\/petelulu.com\/product\/corduroy-baby-clothing-sets\/#breadcrumb\",\"itemListElement\":[{\"@type\":\"ListItem\",\"position\":1,\"name\":\"\u9996\u9875\",\"item\":\"https:\/\/petelulu.com\/\"},{\"@type\":\"ListItem\",\"position\":2,\"name\":\"PRODUCT GALLERY\",\"item\":\"https:\/\/petelulu.com\/product-gallery\/\"},{\"@type\":\"ListItem\",\"position\":3,\"name\":\"Custom Corduroy Baby Clothing Sets\"}]},{\"@type\":\"WebSite\",\"@id\":\"https:\/\/petelulu.com\/#website\",\"url\":\"https:\/\/petelulu.com\/\",\"name\":\"PETElulu\",\"description\":\"\",\"potentialAction\":[{\"@type\":\"SearchAction\",\"target\":{\"@type\":\"EntryPoint\",\"urlTemplate\":\"https:\/\/petelulu.com\/?s={search_term_string}\"},\"query-input\":{\"@type\":\"PropertyValueSpecification\",\"valueRequired\":true,\"valueName\":\"search_term_string\"}}],\"inLanguage\":\"es\"}]}<\/script>\n<!-- \/ Yoast SEO Premium plugin. -->","yoast_head_json":{"title":"Conjuntos de ropa de pana para beb\u00e9 personalizados - petelulu","description":"Conjuntos de ropa de pana para beb\u00e9 | Conjuntos de ropa de manga corta para beb\u00e9. Precios competitivos, env\u00edo r\u00e1pido. Entrega Global para Minoristas\/Mayoristas.","robots":{"index":"index","follow":"follow","max-snippet":"max-snippet:-1","max-image-preview":"max-image-preview:large","max-video-preview":"max-video-preview:-1"},"canonical":"https:\/\/petelulu.com\/es\/producto\/conjuntos-de-ropa-de-bebe-de-pana\/","og_locale":"es_ES","og_type":"article","og_title":"Custom Corduroy Baby Clothing Sets","og_description":"Corduroy Baby Clothing Sets | Short Sleeve Baby Clothing Sets. Competitive Pricing, Quick Ship. Global Delivery for Retailers\/Wholesale.","og_url":"https:\/\/petelulu.com\/es\/producto\/conjuntos-de-ropa-de-bebe-de-pana\/","og_site_name":"petelulu","article_modified_time":"2025-08-13T03:17:09+00:00","og_image":[{"width":2000,"height":2000,"url":"https:\/\/petelulu.com\/wp-content\/uploads\/2025\/03\/\u4e3b\u56fe_001-10.jpg","type":"image\/jpeg"}],"twitter_card":"summary_large_image","twitter_misc":{"Tiempo de lectura":"2 minutos"},"schema":{"@context":"https:\/\/schema.org","@graph":[{"@type":"WebPage","@id":"https:\/\/petelulu.com\/product\/corduroy-baby-clothing-sets\/","url":"https:\/\/petelulu.com\/product\/corduroy-baby-clothing-sets\/","name":"Conjuntos de ropa de pana para beb\u00e9 personalizados - petelulu","isPartOf":{"@id":"https:\/\/petelulu.com\/#website"},"primaryImageOfPage":{"@id":"https:\/\/petelulu.com\/product\/corduroy-baby-clothing-sets\/#primaryimage"},"image":{"@id":"https:\/\/petelulu.com\/product\/corduroy-baby-clothing-sets\/#primaryimage"},"thumbnailUrl":"https:\/\/petelulu.com\/wp-content\/uploads\/2025\/03\/\u4e3b\u56fe_001-10.jpg","datePublished":"2025-03-24T06:31:10+00:00","dateModified":"2025-08-13T03:17:09+00:00","description":"Conjuntos de ropa de pana para beb\u00e9 | Conjuntos de ropa de manga corta para beb\u00e9. Precios competitivos, env\u00edo r\u00e1pido. Entrega Global para Minoristas\/Mayoristas.","breadcrumb":{"@id":"https:\/\/petelulu.com\/product\/corduroy-baby-clothing-sets\/#breadcrumb"},"inLanguage":"es","potentialAction":[{"@type":"ReadAction","target":["https:\/\/petelulu.com\/product\/corduroy-baby-clothing-sets\/"]}]},{"@type":"ImageObject","inLanguage":"es","@id":"https:\/\/petelulu.com\/product\/corduroy-baby-clothing-sets\/#primaryimage","url":"https:\/\/petelulu.com\/wp-content\/uploads\/2025\/03\/\u4e3b\u56fe_001-10.jpg","contentUrl":"https:\/\/petelulu.com\/wp-content\/uploads\/2025\/03\/\u4e3b\u56fe_001-10.jpg","width":2000,"height":2000,"caption":"Corduroy Baby Clothing Sets"},{"@type":"BreadcrumbList","@id":"https:\/\/petelulu.com\/product\/corduroy-baby-clothing-sets\/#breadcrumb","itemListElement":[{"@type":"ListItem","position":1,"name":"\u9996\u9875","item":"https:\/\/petelulu.com\/"},{"@type":"ListItem","position":2,"name":"PRODUCT GALLERY","item":"https:\/\/petelulu.com\/product-gallery\/"},{"@type":"ListItem","position":3,"name":"Custom Corduroy Baby Clothing Sets"}]},{"@type":"WebSite","@id":"https:\/\/petelulu.com\/#website","url":"https:\/\/petelulu.com\/","name":"PETElulu","description":"","potentialAction":[{"@type":"SearchAction","target":{"@type":"EntryPoint","urlTemplate":"https:\/\/petelulu.com\/?s={search_term_string}"},"query-input":{"@type":"PropertyValueSpecification","valueRequired":true,"valueName":"search_term_string"}}],"inLanguage":"es"}]}},"builder_content":"","_links":{"self":[{"href":"https:\/\/petelulu.com\/es\/wp-json\/wp\/v2\/product\/2112","targetHints":{"allow":["GET"]}}],"collection":[{"href":"https:\/\/petelulu.com\/es\/wp-json\/wp\/v2\/product"}],"about":[{"href":"https:\/\/petelulu.com\/es\/wp-json\/wp\/v2\/types\/product"}],"wp:featuredmedia":[{"embeddable":true,"href":"https:\/\/petelulu.com\/es\/wp-json\/wp\/v2\/media\/2114"}],"wp:attachment":[{"href":"https:\/\/petelulu.com\/es\/wp-json\/wp\/v2\/media?parent=2112"}],"wp:term":[{"taxonomy":"product_brand","embeddable":true,"href":"https:\/\/petelulu.com\/es\/wp-json\/wp\/v2\/product_brand?post=2112"},{"taxonomy":"product_cat","embeddable":true,"href":"https:\/\/petelulu.com\/es\/wp-json\/wp\/v2\/product_cat?post=2112"},{"taxonomy":"product_tag","embeddable":true,"href":"https:\/\/petelulu.com\/es\/wp-json\/wp\/v2\/product_tag?post=2112"}],"curies":[{"name":"wp","href":"https:\/\/api.w.org\/{rel}","templated":true}]}}