{"id":1955,"date":"2025-03-19T03:33:18","date_gmt":"2025-03-19T03:33:18","guid":{"rendered":"https:\/\/petelulu.com\/?post_type=product&#038;p=1955"},"modified":"2025-08-12T23:51:55","modified_gmt":"2025-08-13T03:51:55","slug":"mameluco-familiar-de-bambu-suelto-a-juego","status":"publish","type":"product","link":"https:\/\/petelulu.com\/es\/producto\/mameluco-familiar-de-bambu-suelto-a-juego\/","title":{"rendered":"Pelele de bamb\u00fa viscosa suelto a juego para la familia"},"content":{"rendered":"<h2 data-spm-anchor-id=\"a2700.details.0.i89.77c84f08W0xl9h\">Acerca de este producto<\/h2>\n<ul class=\"\">\n<li data-spm-anchor-id=\"a2700.details.0.i85.77c84f08W0xl9h\">Conjuntos familiares a juego para todas las edades: Este producto ofrece conjuntos familiares a juego para adultos, ni\u00f1os y beb\u00e9s, por lo que es perfecto para familias que desean pasar tiempo de calidad juntos y crear recuerdos duraderos. El producto est\u00e1 dise\u00f1ado para familias con ni\u00f1os de 1 a 5 a\u00f1os, as\u00ed como para ni\u00f1os de hasta 12 a\u00f1os.<\/li>\n<li>Material sostenible y respetuoso con el medio ambiente: Los bodies sueltos est\u00e1n hechos de fibra de bamb\u00fa 92% y elastano 8%, lo que garantiza un ajuste suave y c\u00f3modo a la vez que promueve un estilo de vida sostenible. El material ecol\u00f3gico es transpirable, de secado r\u00e1pido y antiencogimiento, por lo que es ideal para el uso diario.<\/li>\n<li>Opciones de personalizaci\u00f3n: Este producto ofrece opciones de personalizaci\u00f3n para empresas y particulares que deseen crear conjuntos a juego \u00fanicos y personalizados para sus clientes o familiares. El producto admite servicios ODM y OEM, lo que permite plazos de entrega r\u00e1pidos y m\u00e9todos de pago flexibles, como PayPal, Western Union y Trade Assurance.<\/li>\n<li>Perfecto para varias ocasiones: Los conjuntos de verano a juego para la familia son adecuados para varias ocasiones, como salidas familiares, vacaciones y eventos especiales como las fiestas de Navidad y oto\u00f1o. El producto est\u00e1 dise\u00f1ado para ser vers\u00e1til y c\u00f3modo, por lo que es perfecto para el uso diario y el juego.<\/li>\n<li data-spm-anchor-id=\"a2700.details.0.i88.77c84f08W0xl9h\">Admite plazos de entrega r\u00e1pidos: El producto ofrece un plazo de entrega de pedidos de muestra de 7 d\u00edas, lo que garantiza que las empresas y los particulares puedan recibir sus pedidos personalizados de forma r\u00e1pida y eficaz. El r\u00e1pido plazo de entrega es ideal para pedidos de \u00faltima hora o para empresas que requieren un r\u00e1pido cumplimiento de sus pedidos.<\/li>\n<\/ul>","protected":false},"excerpt":{"rendered":"<p>Precio unitario: US $12.5-14.8\/ Unidad<br \/>\nCantidad m\u00ednima de pedido: 300 Piezas\/ Tama\u00f1o<br \/>\nMaterial: Spandex \/ Bamb\u00fa<br \/>\nTalla ni\u00f1o: 12-18M\/2T-3T-4T-5T-6T-8T-10T<br \/>\nTalla adulto: S\/M\/L\/XL\/XXL<br \/>\nMateriales aplicables: Bamb\u00fa\/algod\u00f3n org\u00e1nico\/algod\u00f3n puro\/franc\u00e9s\/muselina de bamb\u00fa<br \/>\nCapacidad de suministro: 10.000 piezas\/mes<br \/>\nPuerto: Guangzhou, China<br \/>\nCondiciones de pago: T\/T<br \/>\nMuestra\uff1aAceptar muestra personalizada<br \/>\nLogotipo: Logotipo personalizado<br \/>\nEntrega: 25-35 d\u00edas laborables<br \/>\nOEM Y ODM<\/p>\n<p><a href=\"https:\/\/petelulu.com\/es\/#category\">Ver m\u00e1s<\/a><\/p>\n<style id=\"wpforms-css-vars-2878\">\n\t\t\t\t#wpforms-2878 {\n\t\t\t\t\n\t\t\t}\n\t\t\t<\/style><div class=\"wpforms-container wpforms-container-full wpforms-render-modern\" id=\"wpforms-2878\"><form id=\"wpforms-form-2878\" class=\"wpforms-validate wpforms-form wpforms-ajax-form\" data-formid=\"2878\" method=\"post\" enctype=\"multipart\/form-data\" action=\"\/es\/wp-json\/wp\/v2\/product\/1955\" data-token=\"4cdad08adf896e98c9b3efc511888584\" data-token-time=\"1777451708\" data-trp-original-action=\"\/es\/wp-json\/wp\/v2\/product\/1955\"><noscript class=\"wpforms-error-noscript\">Por favor, active JavaScript en su navegador para completar este formulario.<\/noscript><div id=\"wpforms-error-noscript\" style=\"display: none;\">Por favor, active JavaScript en su navegador para completar este formulario.<\/div><div class=\"wpforms-field-container\">\t\t<div id=\"wpforms-2878-field_1-container\"\n\t\t\tclass=\"wpforms-field wpforms-field-text\"\n\t\t\tdata-field-type=\"text\"\n\t\t\tdata-field-id=\"1\"\n\t\t\t>\n\t\t\t<label class=\"wpforms-field-label\" for=\"wpforms-2878-field_1\" >Nombre Solicitud Email<\/label>\n\t\t\t<input type=\"text\" id=\"wpforms-2878-field_1\" class=\"wpforms-field-medium\" name=\"wpforms[fields][1]\" >\n\t\t<\/div>\n\t\t<div id=\"wpforms-2878-field_2-container\" class=\"wpforms-field wpforms-field-name\" data-field-id=\"2\"><label class=\"wpforms-field-label\" for=\"wpforms-2878-field_2\">Nombre <span class=\"wpforms-required-label\" aria-hidden=\"true\">*<\/span><\/label><input type=\"text\" id=\"wpforms-2878-field_2\" class=\"wpforms-field-medium wpforms-field-required\" name=\"wpforms[fields][2]\" aria-errormessage=\"wpforms-2878-field_2-error\" required><\/div><div id=\"wpforms-2878-field_5-container\" class=\"wpforms-field wpforms-field-email\" data-field-id=\"5\"><label class=\"wpforms-field-label\" for=\"wpforms-2878-field_5\">Correo electr\u00f3nico <span class=\"wpforms-required-label\" aria-hidden=\"true\">*<\/span><\/label><input type=\"email\" id=\"wpforms-2878-field_5\" class=\"wpforms-field-medium wpforms-field-required\" name=\"wpforms[fields][5]\" spellcheck=\"false\" aria-errormessage=\"wpforms-2878-field_5-error\" required><\/div><div id=\"wpforms-2878-field_3-container\" class=\"wpforms-field wpforms-field-textarea\" data-field-id=\"3\"><label class=\"wpforms-field-label\" for=\"wpforms-2878-field_3\">Solicitar <span class=\"wpforms-required-label\" aria-hidden=\"true\">*<\/span><\/label><textarea id=\"wpforms-2878-field_3\" class=\"wpforms-field-medium wpforms-field-required\" name=\"wpforms[fields][3]\" aria-errormessage=\"wpforms-2878-field_3-error\" aria-describedby=\"wpforms-2878-field_3-description\" required><\/textarea><div id=\"wpforms-2878-field_3-description\" class=\"wpforms-field-description\">Ind\u00edquenos sus requisitos y su n\u00famero de WhatsApp, y nuestro representante de ventas se pondr\u00e1 en contacto con usted.<\/div><\/div><script>\n\t\t\t\t( function() {\n\t\t\t\t\tconst style = document.createElement( 'style' );\n\t\t\t\t\tstyle.appendChild( document.createTextNode( '#wpforms-2878-field_1-container { position: absolute !important; overflow: hidden !important; display: inline !important; height: 1px !important; width: 1px !important; z-index: -1000 !important; padding: 0 !important; } #wpforms-2878-field_1-container input { visibility: hidden; } #wpforms-conversational-form-page #wpforms-2878-field_1-container label { counter-increment: none; }' ) );\n\t\t\t\t\tdocument.head.appendChild( style );\n\t\t\t\t\tdocument.currentScript?.remove();\n\t\t\t\t} )();\n\t\t\t<\/script><\/div><!-- .wpforms-field-container --><div class=\"wpforms-submit-container\" ><input type=\"hidden\" name=\"wpforms[id]\" value=\"2878\"><input type=\"hidden\" name=\"page_title\" value=\"\"><input type=\"hidden\" name=\"page_url\" value=\"https:\/\/petelulu.com\/es\/wp-json\/wp\/v2\/product\/1955\"><input type=\"hidden\" name=\"url_referer\" value=\"\"><button type=\"submit\" name=\"wpforms[submit]\" id=\"wpforms-submit-2878\" class=\"wpforms-submit\" data-alt-text=\"Sending...\" data-submit-text=\"Submit\" aria-live=\"assertive\" value=\"wpforms-submit\">Enviar<\/button><img loading=\"lazy\" decoding=\"async\" src=\"https:\/\/petelulu.com\/wp-content\/plugins\/wpforms-lite\/assets\/images\/submit-spin.svg\" class=\"wpforms-submit-spinner\" style=\"display: none;\" width=\"26\" height=\"26\" alt=\"Cargando\"><\/div><input type=\"hidden\" name=\"trp-form-language\" value=\"es\"\/><\/form><\/div>  <!-- .wpforms-container -->\n<p>&nbsp;<\/p>","protected":false},"featured_media":1956,"template":"","meta":[],"product_brand":[],"product_cat":[78],"product_tag":[83,82,81],"class_list":{"0":"post-1955","1":"product","2":"type-product","3":"status-publish","4":"has-post-thumbnail","6":"product_cat-family-matching-clothes","7":"product_tag-family","8":"product_tag-kid","9":"product_tag-toddler","10":"has-post-title","11":"has-post-date","12":"has-post-category","13":"has-post-tag","14":"has-post-comment","15":"has-post-author","16":"","18":"first","19":"instock","20":"shipping-taxable","21":"product-type-simple"},"yoast_head":"<!-- This site is optimized with the Yoast SEO Premium plugin v24.5 (Yoast SEO v25.6) - https:\/\/yoast.com\/wordpress\/plugins\/seo\/ -->\n<title>Custom Loose Bamboo Viscose Family Matching Romper - petelulu<\/title>\n<meta name=\"description\" content=\"Loose Bamboo Family Matching Romper | Custom Designs, Fast Shipping Worldwide. Competitive Pricing for Retailers. Get Quote &amp; Enquire Now!\" \/>\n<meta name=\"robots\" content=\"index, follow, max-snippet:-1, max-image-preview:large, max-video-preview:-1\" \/>\n<link rel=\"canonical\" href=\"https:\/\/petelulu.com\/es\/producto\/mameluco-familiar-de-bambu-suelto-a-juego\/\" \/>\n<meta property=\"og:locale\" content=\"es_ES\" \/>\n<meta property=\"og:type\" content=\"article\" \/>\n<meta property=\"og:title\" content=\"Custom Loose Bamboo Viscose Family Matching Romper\" \/>\n<meta property=\"og:description\" content=\"Loose Bamboo Family Matching Romper | Custom Designs, Fast Shipping Worldwide. Competitive Pricing for Retailers. Get Quote &amp; Enquire Now!\" \/>\n<meta property=\"og:url\" content=\"https:\/\/petelulu.com\/es\/producto\/mameluco-familiar-de-bambu-suelto-a-juego\/\" \/>\n<meta property=\"og:site_name\" content=\"petelulu\" \/>\n<meta property=\"article:modified_time\" content=\"2025-08-13T03:51:55+00:00\" \/>\n<meta property=\"og:image\" content=\"https:\/\/petelulu.com\/wp-content\/uploads\/2025\/03\/\u4e3b\u56fe_002-9.jpg\" \/>\n\t<meta property=\"og:image:width\" content=\"1200\" \/>\n\t<meta property=\"og:image:height\" content=\"1200\" \/>\n\t<meta property=\"og:image:type\" content=\"image\/jpeg\" \/>\n<meta name=\"twitter:card\" content=\"summary_large_image\" \/>\n<meta name=\"twitter:label1\" content=\"Tiempo de lectura\" \/>\n\t<meta name=\"twitter:data1\" content=\"2 minutos\" \/>\n<script type=\"application\/ld+json\" class=\"yoast-schema-graph\">{\"@context\":\"https:\/\/schema.org\",\"@graph\":[{\"@type\":\"WebPage\",\"@id\":\"https:\/\/petelulu.com\/product\/loose-bamboo-family-matching-romper\/\",\"url\":\"https:\/\/petelulu.com\/product\/loose-bamboo-family-matching-romper\/\",\"name\":\"Custom Loose Bamboo Viscose Family Matching Romper - petelulu\",\"isPartOf\":{\"@id\":\"https:\/\/petelulu.com\/#website\"},\"primaryImageOfPage\":{\"@id\":\"https:\/\/petelulu.com\/product\/loose-bamboo-family-matching-romper\/#primaryimage\"},\"image\":{\"@id\":\"https:\/\/petelulu.com\/product\/loose-bamboo-family-matching-romper\/#primaryimage\"},\"thumbnailUrl\":\"https:\/\/petelulu.com\/wp-content\/uploads\/2025\/03\/\u4e3b\u56fe_002-9.jpg\",\"datePublished\":\"2025-03-19T03:33:18+00:00\",\"dateModified\":\"2025-08-13T03:51:55+00:00\",\"description\":\"Loose Bamboo Family Matching Romper | Custom Designs, Fast Shipping Worldwide. Competitive Pricing for Retailers. Get Quote & Enquire Now!\",\"breadcrumb\":{\"@id\":\"https:\/\/petelulu.com\/product\/loose-bamboo-family-matching-romper\/#breadcrumb\"},\"inLanguage\":\"es\",\"potentialAction\":[{\"@type\":\"ReadAction\",\"target\":[\"https:\/\/petelulu.com\/product\/loose-bamboo-family-matching-romper\/\"]}]},{\"@type\":\"ImageObject\",\"inLanguage\":\"es\",\"@id\":\"https:\/\/petelulu.com\/product\/loose-bamboo-family-matching-romper\/#primaryimage\",\"url\":\"https:\/\/petelulu.com\/wp-content\/uploads\/2025\/03\/\u4e3b\u56fe_002-9.jpg\",\"contentUrl\":\"https:\/\/petelulu.com\/wp-content\/uploads\/2025\/03\/\u4e3b\u56fe_002-9.jpg\",\"width\":1200,\"height\":1200,\"caption\":\"Loose Bamboo Family Matching Romper\"},{\"@type\":\"BreadcrumbList\",\"@id\":\"https:\/\/petelulu.com\/product\/loose-bamboo-family-matching-romper\/#breadcrumb\",\"itemListElement\":[{\"@type\":\"ListItem\",\"position\":1,\"name\":\"\u9996\u9875\",\"item\":\"https:\/\/petelulu.com\/\"},{\"@type\":\"ListItem\",\"position\":2,\"name\":\"PRODUCT GALLERY\",\"item\":\"https:\/\/petelulu.com\/product-gallery\/\"},{\"@type\":\"ListItem\",\"position\":3,\"name\":\"Custom Loose Bamboo Viscose Family Matching Romper\"}]},{\"@type\":\"WebSite\",\"@id\":\"https:\/\/petelulu.com\/#website\",\"url\":\"https:\/\/petelulu.com\/\",\"name\":\"PETElulu\",\"description\":\"\",\"potentialAction\":[{\"@type\":\"SearchAction\",\"target\":{\"@type\":\"EntryPoint\",\"urlTemplate\":\"https:\/\/petelulu.com\/?s={search_term_string}\"},\"query-input\":{\"@type\":\"PropertyValueSpecification\",\"valueRequired\":true,\"valueName\":\"search_term_string\"}}],\"inLanguage\":\"es\"}]}<\/script>\n<!-- \/ Yoast SEO Premium plugin. -->","yoast_head_json":{"title":"Pelele a juego familiar de bamb\u00fa viscosa suelto personalizado - petelulu","description":"Loose Bamboo Family Matching Romper | Dise\u00f1os personalizados, env\u00edo r\u00e1pido a todo el mundo. Precios competitivos para minoristas. \u00a1Obtenga una cotizaci\u00f3n y pregunte ahora!","robots":{"index":"index","follow":"follow","max-snippet":"max-snippet:-1","max-image-preview":"max-image-preview:large","max-video-preview":"max-video-preview:-1"},"canonical":"https:\/\/petelulu.com\/es\/producto\/mameluco-familiar-de-bambu-suelto-a-juego\/","og_locale":"es_ES","og_type":"article","og_title":"Custom Loose Bamboo Viscose Family Matching Romper","og_description":"Loose Bamboo Family Matching Romper | Custom Designs, Fast Shipping Worldwide. Competitive Pricing for Retailers. Get Quote & Enquire Now!","og_url":"https:\/\/petelulu.com\/es\/producto\/mameluco-familiar-de-bambu-suelto-a-juego\/","og_site_name":"petelulu","article_modified_time":"2025-08-13T03:51:55+00:00","og_image":[{"width":1200,"height":1200,"url":"https:\/\/petelulu.com\/wp-content\/uploads\/2025\/03\/\u4e3b\u56fe_002-9.jpg","type":"image\/jpeg"}],"twitter_card":"summary_large_image","twitter_misc":{"Tiempo de lectura":"2 minutos"},"schema":{"@context":"https:\/\/schema.org","@graph":[{"@type":"WebPage","@id":"https:\/\/petelulu.com\/product\/loose-bamboo-family-matching-romper\/","url":"https:\/\/petelulu.com\/product\/loose-bamboo-family-matching-romper\/","name":"Pelele a juego familiar de bamb\u00fa viscosa suelto personalizado - petelulu","isPartOf":{"@id":"https:\/\/petelulu.com\/#website"},"primaryImageOfPage":{"@id":"https:\/\/petelulu.com\/product\/loose-bamboo-family-matching-romper\/#primaryimage"},"image":{"@id":"https:\/\/petelulu.com\/product\/loose-bamboo-family-matching-romper\/#primaryimage"},"thumbnailUrl":"https:\/\/petelulu.com\/wp-content\/uploads\/2025\/03\/\u4e3b\u56fe_002-9.jpg","datePublished":"2025-03-19T03:33:18+00:00","dateModified":"2025-08-13T03:51:55+00:00","description":"Loose Bamboo Family Matching Romper | Dise\u00f1os personalizados, env\u00edo r\u00e1pido a todo el mundo. Precios competitivos para minoristas. \u00a1Obtenga una cotizaci\u00f3n y pregunte ahora!","breadcrumb":{"@id":"https:\/\/petelulu.com\/product\/loose-bamboo-family-matching-romper\/#breadcrumb"},"inLanguage":"es","potentialAction":[{"@type":"ReadAction","target":["https:\/\/petelulu.com\/product\/loose-bamboo-family-matching-romper\/"]}]},{"@type":"ImageObject","inLanguage":"es","@id":"https:\/\/petelulu.com\/product\/loose-bamboo-family-matching-romper\/#primaryimage","url":"https:\/\/petelulu.com\/wp-content\/uploads\/2025\/03\/\u4e3b\u56fe_002-9.jpg","contentUrl":"https:\/\/petelulu.com\/wp-content\/uploads\/2025\/03\/\u4e3b\u56fe_002-9.jpg","width":1200,"height":1200,"caption":"Loose Bamboo Family Matching Romper"},{"@type":"BreadcrumbList","@id":"https:\/\/petelulu.com\/product\/loose-bamboo-family-matching-romper\/#breadcrumb","itemListElement":[{"@type":"ListItem","position":1,"name":"\u9996\u9875","item":"https:\/\/petelulu.com\/"},{"@type":"ListItem","position":2,"name":"PRODUCT GALLERY","item":"https:\/\/petelulu.com\/product-gallery\/"},{"@type":"ListItem","position":3,"name":"Custom Loose Bamboo Viscose Family Matching Romper"}]},{"@type":"WebSite","@id":"https:\/\/petelulu.com\/#website","url":"https:\/\/petelulu.com\/","name":"PETElulu","description":"","potentialAction":[{"@type":"SearchAction","target":{"@type":"EntryPoint","urlTemplate":"https:\/\/petelulu.com\/?s={search_term_string}"},"query-input":{"@type":"PropertyValueSpecification","valueRequired":true,"valueName":"search_term_string"}}],"inLanguage":"es"}]}},"builder_content":"","_links":{"self":[{"href":"https:\/\/petelulu.com\/es\/wp-json\/wp\/v2\/product\/1955","targetHints":{"allow":["GET"]}}],"collection":[{"href":"https:\/\/petelulu.com\/es\/wp-json\/wp\/v2\/product"}],"about":[{"href":"https:\/\/petelulu.com\/es\/wp-json\/wp\/v2\/types\/product"}],"wp:featuredmedia":[{"embeddable":true,"href":"https:\/\/petelulu.com\/es\/wp-json\/wp\/v2\/media\/1956"}],"wp:attachment":[{"href":"https:\/\/petelulu.com\/es\/wp-json\/wp\/v2\/media?parent=1955"}],"wp:term":[{"taxonomy":"product_brand","embeddable":true,"href":"https:\/\/petelulu.com\/es\/wp-json\/wp\/v2\/product_brand?post=1955"},{"taxonomy":"product_cat","embeddable":true,"href":"https:\/\/petelulu.com\/es\/wp-json\/wp\/v2\/product_cat?post=1955"},{"taxonomy":"product_tag","embeddable":true,"href":"https:\/\/petelulu.com\/es\/wp-json\/wp\/v2\/product_tag?post=1955"}],"curies":[{"name":"wp","href":"https:\/\/api.w.org\/{rel}","templated":true}]}}