{"id":820,"date":"2025-03-01T02:22:18","date_gmt":"2025-03-01T02:22:18","guid":{"rendered":"https:\/\/petelulu.com\/?post_type=product&#038;p=820"},"modified":"2025-08-12T23:24:46","modified_gmt":"2025-08-13T03:24:46","slug":"strampler-aus-bambus-viskosefaser-mit-kurzen-armeln","status":"publish","type":"product","link":"https:\/\/petelulu.com\/de_ch\/product\/strampler-aus-bambus-viskosefaser-mit-kurzen-armeln\/","title":{"rendered":"Kundenspezifischer Bambus-Viskosefaser-Strampler mit kurzen \u00c4rmeln"},"content":{"rendered":"<div id=\"sellingpoint\" class=\"header\">\n<div id=\"sellingpoint\" class=\"header\">\n<div id=\"sellingpoint\" class=\"header\">\n<h2>\u00dcber dieses Produkt<\/h2>\n<\/div>\n<ul class=\"\">\n<li>Umweltfreundliches und nachhaltiges Material: Unser Baby-Pullover-Strampler besteht aus 100%-Baumwolle und Bambusfasern, was ihn zu einer umweltfreundlichen und nachhaltigen Wahl f\u00fcr Eltern macht, denen die Umwelt wichtig ist. Dies ist besonders wichtig f\u00fcr Eltern wie Sie, die Wert auf die Umwelt legen.<\/li>\n<li>Multifunktionales Design: Dieser Strampler mit Kapuze und langen \u00c4rmeln eignet sich perfekt f\u00fcr Aktivit\u00e4ten im Freien und bietet hervorragenden Schutz vor den Elementen. Sein schnelltrocknendes und atmungsaktives Material sorgt daf\u00fcr, dass sich Ihr Baby den ganzen Tag lang wohlf\u00fchlt.<\/li>\n<li>Anpassbare Optionen: Wir bieten individuelle Farboptionen f\u00fcr diesen Strampler an, die es Ihnen erm\u00f6glichen, ihn nach Ihren W\u00fcnschen zu gestalten. Dies ist ideal f\u00fcr Eltern, die den Strampler ihres Babys an ihren eigenen Stil anpassen m\u00f6chten.<\/li>\n<li>Strapazierf\u00e4hig und langlebig: Die Anti-Knitter- und Anti-Pilling-Eigenschaften sorgen daf\u00fcr, dass dieser Strampler auch nach wiederholtem Waschen und Tragen in einem hervorragenden Zustand bleibt. Dies ist eine gro\u00dfartige Investition f\u00fcr Eltern, die ein hochwertiges Produkt w\u00fcnschen, das lange h\u00e4lt.<\/li>\n<li data-spm-anchor-id=\"a2700.details.0.i85.35075635x9pzpe\">Praktische Verpackung: Jeder Strampler ist einzeln in einem Beutel verpackt und l\u00e4sst sich so leicht aufbewahren und transportieren. Dies ist besonders praktisch f\u00fcr Eltern, die st\u00e4ndig unterwegs sind.<\/li>\n<\/ul>\n<\/div>\n<\/div>","protected":false},"excerpt":{"rendered":"<p>St\u00fcckpreis: US $3.50-5.50\/St\u00fcck<br \/>\nMin.Bestellmenge: 300 St\u00fcck\/ Gr\u00f6\u00dfe<br \/>\nMaterial: Spandex \/ Bambusfaser<br \/>\nAge: Newborn\/0-3M\/3-6M\/6-9M\/9-12M\/12-18M\/18-24M<br \/>\nVerwendbare Materialien: Bambus\/Bio-Baumwolle\/Reine Baumwolle\/Modal Viskose\/Bambus-Musselin<br \/>\nLieferf\u00e4higkeit: 10.000 St\u00fcck\/St\u00fcck pro Monat<br \/>\nHafen: Guangzhou, China<br \/>\nZahlungsbedingungen: T\/T<br \/>\nProbe\uff1aAngepasste Probe akzeptieren<br \/>\nLogo: Individuelles Logo<br \/>\nLieferung: 25-35 Arbeitstage<br \/>\nOEM &amp; ODM<\/p>\n<p><a href=\"https:\/\/petelulu.com\/de_ch\/#category\">Mehr sehen<\/a><\/p>\n<div class=\"wpforms-container wpforms-container-full wpforms-render-modern\" id=\"wpforms-2878\"><form id=\"wpforms-form-2878\" class=\"wpforms-validate wpforms-form wpforms-ajax-form\" data-formid=\"2878\" method=\"post\" enctype=\"multipart\/form-data\" action=\"\/de_ch\/wp-json\/wp\/v2\/product\/820\" data-token=\"836a5486dd5c4dd2ff090a7336c3e910\" data-token-time=\"1777372687\" data-trp-original-action=\"\/de_ch\/wp-json\/wp\/v2\/product\/820\"><noscript class=\"wpforms-error-noscript\">Bitte aktivieren Sie JavaScript in Ihrem Browser, um dieses Formular fertigzustellen.<\/noscript><div class=\"wpforms-hidden\" id=\"wpforms-error-noscript\">Bitte aktivieren Sie JavaScript in Ihrem Browser, um dieses Formular fertigzustellen.<\/div><div class=\"wpforms-field-container\"><div id=\"wpforms-2878-field_2-container\" class=\"wpforms-field wpforms-field-name\" data-field-id=\"2\"><label class=\"wpforms-field-label\" for=\"wpforms-2878-field_2\">Name <span class=\"wpforms-required-label\" aria-hidden=\"true\">*<\/span><\/label><input type=\"text\" id=\"wpforms-2878-field_2\" class=\"wpforms-field-medium wpforms-field-required\" name=\"wpforms[fields][2]\" aria-errormessage=\"wpforms-2878-field_2-error\" required><\/div><div id=\"wpforms-2878-field_5-container\" class=\"wpforms-field wpforms-field-email\" data-field-id=\"5\"><label class=\"wpforms-field-label\" for=\"wpforms-2878-field_5\">E-Mail <span class=\"wpforms-required-label\" aria-hidden=\"true\">*<\/span><\/label><input type=\"email\" id=\"wpforms-2878-field_5\" class=\"wpforms-field-medium wpforms-field-required\" name=\"wpforms[fields][5]\" spellcheck=\"false\" aria-errormessage=\"wpforms-2878-field_5-error\" required><\/div><div id=\"wpforms-2878-field_3-container\" class=\"wpforms-field wpforms-field-textarea\" data-field-id=\"3\"><label class=\"wpforms-field-label\" for=\"wpforms-2878-field_3\">Anfrage <span class=\"wpforms-required-label\" aria-hidden=\"true\">*<\/span><\/label><textarea id=\"wpforms-2878-field_3\" class=\"wpforms-field-medium wpforms-field-required\" name=\"wpforms[fields][3]\" aria-errormessage=\"wpforms-2878-field_3-error\" aria-describedby=\"wpforms-2878-field_3-description\" required><\/textarea><div id=\"wpforms-2878-field_3-description\" class=\"wpforms-field-description\">Bitte nennen Sie uns Ihre Anforderungen und Ihre WhatsApp-Nummer, und unser Vertriebsmitarbeiter wird sich mit Ihnen in Verbindung setzen.<\/div><\/div><\/div><!-- .wpforms-field-container --><div class=\"wpforms-submit-container\" ><input type=\"hidden\" name=\"wpforms[id]\" value=\"2878\"><input type=\"hidden\" name=\"page_title\" value=\"\"><input type=\"hidden\" name=\"page_url\" value=\"https:\/\/petelulu.com\/de_ch\/wp-json\/wp\/v2\/product\/820\"><input type=\"hidden\" name=\"url_referer\" value=\"\"><button type=\"submit\" name=\"wpforms[submit]\" id=\"wpforms-submit-2878\" class=\"wpforms-submit\" data-alt-text=\"Sending...\" data-submit-text=\"Submit\" aria-live=\"assertive\" value=\"wpforms-submit\">Einreichen<\/button><img loading=\"lazy\" decoding=\"async\" src=\"https:\/\/petelulu.com\/wp-content\/plugins\/wpforms-lite\/assets\/images\/submit-spin.svg\" class=\"wpforms-submit-spinner\" style=\"display: none;\" width=\"26\" height=\"26\" alt=\"Wird geladen\"><\/div><input type=\"hidden\" name=\"trp-form-language\" value=\"de_ch\"\/><\/form><\/div>  <!-- .wpforms-container -->\n<p>&nbsp;<\/p>","protected":false},"featured_media":822,"template":"","meta":[],"product_brand":[],"product_cat":[41],"product_tag":[80],"class_list":{"0":"post-820","1":"product","2":"type-product","3":"status-publish","4":"has-post-thumbnail","6":"product_cat-rompers","7":"product_tag-baby","8":"has-post-title","9":"has-post-date","10":"has-post-category","11":"has-post-tag","12":"has-post-comment","13":"has-post-author","14":"","16":"first","17":"instock","18":"shipping-taxable","19":"product-type-simple"},"yoast_head":"<!-- This site is optimized with the Yoast SEO Premium plugin v24.5 (Yoast SEO v25.6) - https:\/\/yoast.com\/wordpress\/plugins\/seo\/ -->\n<title>Custom Bamboo Viscose Fiber Short Sleeve Romper - petelulu<\/title>\n<meta name=\"description\" content=\"Bamboo Viscose Fiber Short Sleeve Romper by Petelulu. Unique designs, global shipping, and OEM&amp;ODM services. Request a quote for your baby clothing needs!\" \/>\n<meta name=\"robots\" content=\"index, follow, max-snippet:-1, max-image-preview:large, max-video-preview:-1\" \/>\n<link rel=\"canonical\" href=\"https:\/\/petelulu.com\/de_ch\/product\/strampler-aus-bambus-viskosefaser-mit-kurzen-armeln\/\" \/>\n<meta property=\"og:locale\" content=\"de_DE\" \/>\n<meta property=\"og:type\" content=\"article\" \/>\n<meta property=\"og:title\" content=\"Custom Bamboo Viscose Fiber Short Sleeve Romper\" \/>\n<meta property=\"og:description\" content=\"Bamboo Viscose Fiber Short Sleeve Romper by Petelulu. Unique designs, global shipping, and OEM&amp;ODM services. Request a quote for your baby clothing needs!\" \/>\n<meta property=\"og:url\" content=\"https:\/\/petelulu.com\/de_ch\/product\/strampler-aus-bambus-viskosefaser-mit-kurzen-armeln\/\" \/>\n<meta property=\"og:site_name\" content=\"petelulu\" \/>\n<meta property=\"article:modified_time\" content=\"2025-08-13T03:24:46+00:00\" \/>\n<meta name=\"twitter:card\" content=\"summary_large_image\" \/>\n<meta name=\"twitter:label1\" content=\"Gesch\u00e4tzte Lesezeit\" \/>\n\t<meta name=\"twitter:data1\" content=\"1 Minute\" \/>\n<script type=\"application\/ld+json\" class=\"yoast-schema-graph\">{\"@context\":\"https:\/\/schema.org\",\"@graph\":[{\"@type\":\"WebPage\",\"@id\":\"https:\/\/petelulu.com\/product\/bamboo-viscose-fiber-short-sleeve-romper\/\",\"url\":\"https:\/\/petelulu.com\/product\/bamboo-viscose-fiber-short-sleeve-romper\/\",\"name\":\"Custom Bamboo Viscose Fiber Short Sleeve Romper - petelulu\",\"isPartOf\":{\"@id\":\"https:\/\/petelulu.com\/#website\"},\"primaryImageOfPage\":{\"@id\":\"https:\/\/petelulu.com\/product\/bamboo-viscose-fiber-short-sleeve-romper\/#primaryimage\"},\"image\":{\"@id\":\"https:\/\/petelulu.com\/product\/bamboo-viscose-fiber-short-sleeve-romper\/#primaryimage\"},\"thumbnailUrl\":\"https:\/\/petelulu.com\/wp-content\/uploads\/2025\/03\/H19e3faa4aad948ebb256d1fd89380a7ep.png_720x720q50.avif\",\"datePublished\":\"2025-03-01T02:22:18+00:00\",\"dateModified\":\"2025-08-13T03:24:46+00:00\",\"description\":\"Bamboo Viscose Fiber Short Sleeve Romper by Petelulu. Unique designs, global shipping, and OEM&ODM services. Request a quote for your baby clothing needs!\",\"breadcrumb\":{\"@id\":\"https:\/\/petelulu.com\/product\/bamboo-viscose-fiber-short-sleeve-romper\/#breadcrumb\"},\"inLanguage\":\"de-CH\",\"potentialAction\":[{\"@type\":\"ReadAction\",\"target\":[\"https:\/\/petelulu.com\/product\/bamboo-viscose-fiber-short-sleeve-romper\/\"]}]},{\"@type\":\"ImageObject\",\"inLanguage\":\"de-CH\",\"@id\":\"https:\/\/petelulu.com\/product\/bamboo-viscose-fiber-short-sleeve-romper\/#primaryimage\",\"url\":\"https:\/\/petelulu.com\/wp-content\/uploads\/2025\/03\/H19e3faa4aad948ebb256d1fd89380a7ep.png_720x720q50.avif\",\"contentUrl\":\"https:\/\/petelulu.com\/wp-content\/uploads\/2025\/03\/H19e3faa4aad948ebb256d1fd89380a7ep.png_720x720q50.avif\",\"width\":720,\"height\":720},{\"@type\":\"BreadcrumbList\",\"@id\":\"https:\/\/petelulu.com\/product\/bamboo-viscose-fiber-short-sleeve-romper\/#breadcrumb\",\"itemListElement\":[{\"@type\":\"ListItem\",\"position\":1,\"name\":\"\u9996\u9875\",\"item\":\"https:\/\/petelulu.com\/\"},{\"@type\":\"ListItem\",\"position\":2,\"name\":\"PRODUCT GALLERY\",\"item\":\"https:\/\/petelulu.com\/product-gallery\/\"},{\"@type\":\"ListItem\",\"position\":3,\"name\":\"Custom Bamboo Viscose Fiber Short Sleeve Romper\"}]},{\"@type\":\"WebSite\",\"@id\":\"https:\/\/petelulu.com\/#website\",\"url\":\"https:\/\/petelulu.com\/\",\"name\":\"PETElulu\",\"description\":\"\",\"potentialAction\":[{\"@type\":\"SearchAction\",\"target\":{\"@type\":\"EntryPoint\",\"urlTemplate\":\"https:\/\/petelulu.com\/?s={search_term_string}\"},\"query-input\":{\"@type\":\"PropertyValueSpecification\",\"valueRequired\":true,\"valueName\":\"search_term_string\"}}],\"inLanguage\":\"de-CH\"}]}<\/script>\n<!-- \/ Yoast SEO Premium plugin. -->","yoast_head_json":{"title":"Benutzerdefinierte Bambus-Viskose-Faser kurze \u00c4rmel Strampler - petelulu","description":"Bambus Viskose Faser Kurzarm Strampler von Petelulu. Einzigartige Designs, weltweiter Versand und OEM&amp;ODM Dienstleistungen. Fordern Sie ein Angebot f\u00fcr Ihre Baby-Kleidung braucht!","robots":{"index":"index","follow":"follow","max-snippet":"max-snippet:-1","max-image-preview":"max-image-preview:large","max-video-preview":"max-video-preview:-1"},"canonical":"https:\/\/petelulu.com\/de_ch\/product\/strampler-aus-bambus-viskosefaser-mit-kurzen-armeln\/","og_locale":"de_DE","og_type":"article","og_title":"Custom Bamboo Viscose Fiber Short Sleeve Romper","og_description":"Bamboo Viscose Fiber Short Sleeve Romper by Petelulu. Unique designs, global shipping, and OEM&ODM services. Request a quote for your baby clothing needs!","og_url":"https:\/\/petelulu.com\/de_ch\/product\/strampler-aus-bambus-viskosefaser-mit-kurzen-armeln\/","og_site_name":"petelulu","article_modified_time":"2025-08-13T03:24:46+00:00","twitter_card":"summary_large_image","twitter_misc":{"Gesch\u00e4tzte Lesezeit":"1 Minute"},"schema":{"@context":"https:\/\/schema.org","@graph":[{"@type":"WebPage","@id":"https:\/\/petelulu.com\/product\/bamboo-viscose-fiber-short-sleeve-romper\/","url":"https:\/\/petelulu.com\/product\/bamboo-viscose-fiber-short-sleeve-romper\/","name":"Benutzerdefinierte Bambus-Viskose-Faser kurze \u00c4rmel Strampler - petelulu","isPartOf":{"@id":"https:\/\/petelulu.com\/#website"},"primaryImageOfPage":{"@id":"https:\/\/petelulu.com\/product\/bamboo-viscose-fiber-short-sleeve-romper\/#primaryimage"},"image":{"@id":"https:\/\/petelulu.com\/product\/bamboo-viscose-fiber-short-sleeve-romper\/#primaryimage"},"thumbnailUrl":"https:\/\/petelulu.com\/wp-content\/uploads\/2025\/03\/H19e3faa4aad948ebb256d1fd89380a7ep.png_720x720q50.avif","datePublished":"2025-03-01T02:22:18+00:00","dateModified":"2025-08-13T03:24:46+00:00","description":"Bambus Viskose Faser Kurzarm Strampler von Petelulu. Einzigartige Designs, weltweiter Versand und OEM&amp;ODM Dienstleistungen. Fordern Sie ein Angebot f\u00fcr Ihre Baby-Kleidung braucht!","breadcrumb":{"@id":"https:\/\/petelulu.com\/product\/bamboo-viscose-fiber-short-sleeve-romper\/#breadcrumb"},"inLanguage":"de-CH","potentialAction":[{"@type":"ReadAction","target":["https:\/\/petelulu.com\/product\/bamboo-viscose-fiber-short-sleeve-romper\/"]}]},{"@type":"ImageObject","inLanguage":"de-CH","@id":"https:\/\/petelulu.com\/product\/bamboo-viscose-fiber-short-sleeve-romper\/#primaryimage","url":"https:\/\/petelulu.com\/wp-content\/uploads\/2025\/03\/H19e3faa4aad948ebb256d1fd89380a7ep.png_720x720q50.avif","contentUrl":"https:\/\/petelulu.com\/wp-content\/uploads\/2025\/03\/H19e3faa4aad948ebb256d1fd89380a7ep.png_720x720q50.avif","width":720,"height":720},{"@type":"BreadcrumbList","@id":"https:\/\/petelulu.com\/product\/bamboo-viscose-fiber-short-sleeve-romper\/#breadcrumb","itemListElement":[{"@type":"ListItem","position":1,"name":"\u9996\u9875","item":"https:\/\/petelulu.com\/"},{"@type":"ListItem","position":2,"name":"PRODUCT GALLERY","item":"https:\/\/petelulu.com\/product-gallery\/"},{"@type":"ListItem","position":3,"name":"Custom Bamboo Viscose Fiber Short Sleeve Romper"}]},{"@type":"WebSite","@id":"https:\/\/petelulu.com\/#website","url":"https:\/\/petelulu.com\/","name":"PETElulu","description":"","potentialAction":[{"@type":"SearchAction","target":{"@type":"EntryPoint","urlTemplate":"https:\/\/petelulu.com\/?s={search_term_string}"},"query-input":{"@type":"PropertyValueSpecification","valueRequired":true,"valueName":"search_term_string"}}],"inLanguage":"de-CH"}]}},"builder_content":"","_links":{"self":[{"href":"https:\/\/petelulu.com\/de_ch\/wp-json\/wp\/v2\/product\/820","targetHints":{"allow":["GET"]}}],"collection":[{"href":"https:\/\/petelulu.com\/de_ch\/wp-json\/wp\/v2\/product"}],"about":[{"href":"https:\/\/petelulu.com\/de_ch\/wp-json\/wp\/v2\/types\/product"}],"wp:featuredmedia":[{"embeddable":true,"href":"https:\/\/petelulu.com\/de_ch\/wp-json\/wp\/v2\/media\/822"}],"wp:attachment":[{"href":"https:\/\/petelulu.com\/de_ch\/wp-json\/wp\/v2\/media?parent=820"}],"wp:term":[{"taxonomy":"product_brand","embeddable":true,"href":"https:\/\/petelulu.com\/de_ch\/wp-json\/wp\/v2\/product_brand?post=820"},{"taxonomy":"product_cat","embeddable":true,"href":"https:\/\/petelulu.com\/de_ch\/wp-json\/wp\/v2\/product_cat?post=820"},{"taxonomy":"product_tag","embeddable":true,"href":"https:\/\/petelulu.com\/de_ch\/wp-json\/wp\/v2\/product_tag?post=820"}],"curies":[{"name":"wp","href":"https:\/\/api.w.org\/{rel}","templated":true}]}}