{"id":792,"date":"2025-03-01T01:58:32","date_gmt":"2025-03-01T01:58:32","guid":{"rendered":"https:\/\/petelulu.com\/?post_type=product&#038;p=792"},"modified":"2025-08-12T23:46:10","modified_gmt":"2025-08-13T03:46:10","slug":"bambus-benutzerdefinierte-karierten-muster-baby-geschenk-set","status":"publish","type":"product","link":"https:\/\/petelulu.com\/de_ch\/product\/bambus-benutzerdefinierte-karierten-muster-baby-geschenk-set\/","title":{"rendered":"Benutzerdefinierte Bambus Viskose benutzerdefinierte Plaid Muster Baby-Geschenk-Set"},"content":{"rendered":"<div id=\"sellingpoint\" class=\"header\">\n<div id=\"sellingpoint\" class=\"header\">\n<h2>\u00dcber dieses Produkt<\/h2>\n<\/div>\n<ul class=\"\">\n<li>Weiches und atmungsaktives Material: Unsere Babystrampler sind aus hochwertigem Bambusgewebe gefertigt, das ultimativen Komfort und Atmungsaktivit\u00e4t f\u00fcr Ihr Kleines bietet. Die Weichheit des Stoffes sorgt daf\u00fcr, dass Ihr Baby den ganzen Tag \u00fcber gem\u00fctlich und entspannt bleibt.<\/li>\n<li>Individuelles Design: Wir bieten einen Fotographen-Service an, mit dem Sie Ihr eigenes, einzigartiges Karomuster f\u00fcr die Strampler entwerfen k\u00f6nnen. Das bedeutet, dass Sie ein pers\u00f6nliches Geschenk f\u00fcr Ihr Baby oder einen geliebten Menschen entwerfen k\u00f6nnen.<\/li>\n<li>Unisex und vielseitig: Unsere Strampler sind f\u00fcr S\u00e4uglinge und Kleinkinder konzipiert und eignen sich daher sowohl f\u00fcr Jungen als auch f\u00fcr M\u00e4dchen. Das lang\u00e4rmelige Design sorgt daf\u00fcr, dass Ihr Baby das ganze Jahr \u00fcber warm und stilvoll bleibt.<\/li>\n<li>Umweltfreundlich und nachhaltig: Unsere Strampler sind CPC-, \u00d6ko-Tex-, BSCI-, GOTS-, Sedex- und EPR-zertifiziert und erf\u00fcllen somit die h\u00f6chsten Standards f\u00fcr Umweltvertr\u00e4glichkeit und Sicherheit.<\/li>\n<li data-spm-anchor-id=\"a2700.details.0.i87.520c6c1f1bjn18\">Anpassbare Verpackung und Musteroptionen: Wir bieten Ihnen eine individuelle Verpackung und eine 7-t\u00e4gige Vorlaufzeit f\u00fcr Musterbestellungen, damit Sie Ihre Bestellung schnell und effizient erhalten k\u00f6nnen.<\/li>\n<\/ul>\n<\/div>","protected":false},"excerpt":{"rendered":"<p>St\u00fcckpreis: US $6.30-7.40 \/ St\u00fcck<br \/>\nMin.Bestellmenge: 300 St\u00fcck\/ Gr\u00f6\u00dfe<br \/>\nMaterial: Bambusfaser<br \/>\nAge: Newborn\/0-3M\/3-6M\/6-9M\/9-12M\/12-18M\/18-24M<br \/>\nVerwendbare Materialien: Bambus\/Bio-Baumwolle\/Reine Baumwolle\/Modal Viskose\/Bambus-Musselin<br \/>\nLieferf\u00e4higkeit: 10.000 St\u00fcck\/St\u00fcck pro Monat<br \/>\nHafen: Guangzhou, China<br \/>\nZahlungsbedingungen: T\/T<br \/>\nProbe\uff1aAngepasste Probe akzeptieren<br \/>\nLogo: Individuelles Logo<br \/>\nLieferung: 25-35 Arbeitstage<br \/>\nOEM &amp; ODM<\/p>\n<p><a href=\"https:\/\/petelulu.com\/de_ch\/#category\">Mehr sehen<\/a><\/p>\n<div class=\"wpforms-container wpforms-container-full wpforms-render-modern\" id=\"wpforms-2878\"><form id=\"wpforms-form-2878\" class=\"wpforms-validate wpforms-form wpforms-ajax-form\" data-formid=\"2878\" method=\"post\" enctype=\"multipart\/form-data\" action=\"\/de_ch\/wp-json\/wp\/v2\/product\/792\" data-token=\"fde75f8eaf6d8cf056c5b40a4fa6d54f\" data-token-time=\"1777192315\" data-trp-original-action=\"\/de_ch\/wp-json\/wp\/v2\/product\/792\"><noscript class=\"wpforms-error-noscript\">Bitte aktivieren Sie JavaScript in Ihrem Browser, um dieses Formular fertigzustellen.<\/noscript><div class=\"wpforms-hidden\" id=\"wpforms-error-noscript\">Bitte aktivieren Sie JavaScript in Ihrem Browser, um dieses Formular fertigzustellen.<\/div><div class=\"wpforms-field-container\"><div id=\"wpforms-2878-field_2-container\" class=\"wpforms-field wpforms-field-name\" data-field-id=\"2\"><label class=\"wpforms-field-label\" for=\"wpforms-2878-field_2\">Name <span class=\"wpforms-required-label\" aria-hidden=\"true\">*<\/span><\/label><input type=\"text\" id=\"wpforms-2878-field_2\" class=\"wpforms-field-medium wpforms-field-required\" name=\"wpforms[fields][2]\" aria-errormessage=\"wpforms-2878-field_2-error\" required><\/div><div id=\"wpforms-2878-field_5-container\" class=\"wpforms-field wpforms-field-email\" data-field-id=\"5\"><label class=\"wpforms-field-label\" for=\"wpforms-2878-field_5\">E-Mail <span class=\"wpforms-required-label\" aria-hidden=\"true\">*<\/span><\/label><input type=\"email\" id=\"wpforms-2878-field_5\" class=\"wpforms-field-medium wpforms-field-required\" name=\"wpforms[fields][5]\" spellcheck=\"false\" aria-errormessage=\"wpforms-2878-field_5-error\" required><\/div><div id=\"wpforms-2878-field_3-container\" class=\"wpforms-field wpforms-field-textarea\" data-field-id=\"3\"><label class=\"wpforms-field-label\" for=\"wpforms-2878-field_3\">Anfrage <span class=\"wpforms-required-label\" aria-hidden=\"true\">*<\/span><\/label><textarea id=\"wpforms-2878-field_3\" class=\"wpforms-field-medium wpforms-field-required\" name=\"wpforms[fields][3]\" aria-errormessage=\"wpforms-2878-field_3-error\" aria-describedby=\"wpforms-2878-field_3-description\" required><\/textarea><div id=\"wpforms-2878-field_3-description\" class=\"wpforms-field-description\">Bitte nennen Sie uns Ihre Anforderungen und Ihre WhatsApp-Nummer, und unser Vertriebsmitarbeiter wird sich mit Ihnen in Verbindung setzen.<\/div><\/div><\/div><!-- .wpforms-field-container --><div class=\"wpforms-submit-container\" ><input type=\"hidden\" name=\"wpforms[id]\" value=\"2878\"><input type=\"hidden\" name=\"page_title\" value=\"\"><input type=\"hidden\" name=\"page_url\" value=\"https:\/\/petelulu.com\/de_ch\/wp-json\/wp\/v2\/product\/792\"><input type=\"hidden\" name=\"url_referer\" value=\"\"><button type=\"submit\" name=\"wpforms[submit]\" id=\"wpforms-submit-2878\" class=\"wpforms-submit\" data-alt-text=\"Sending...\" data-submit-text=\"Submit\" aria-live=\"assertive\" value=\"wpforms-submit\">Einreichen<\/button><img loading=\"lazy\" decoding=\"async\" src=\"https:\/\/petelulu.com\/wp-content\/plugins\/wpforms-lite\/assets\/images\/submit-spin.svg\" class=\"wpforms-submit-spinner\" style=\"display: none;\" width=\"26\" height=\"26\" alt=\"Wird geladen\"><\/div><input type=\"hidden\" name=\"trp-form-language\" value=\"de_ch\"\/><\/form><\/div>  <!-- .wpforms-container -->\n<p>&nbsp;<\/p>","protected":false},"featured_media":795,"template":"","meta":[],"product_brand":[],"product_cat":[79],"product_tag":[80],"class_list":{"0":"post-792","1":"product","2":"type-product","3":"status-publish","4":"has-post-thumbnail","6":"product_cat-gift-set","7":"product_tag-baby","8":"has-post-title","9":"has-post-date","10":"has-post-category","11":"has-post-tag","12":"has-post-comment","13":"has-post-author","14":"","16":"first","17":"instock","18":"shipping-taxable","19":"product-type-simple"},"yoast_head":"<!-- This site is optimized with the Yoast SEO Premium plugin v24.5 (Yoast SEO v25.6) - https:\/\/yoast.com\/wordpress\/plugins\/seo\/ -->\n<title>Custom Bamboo Viscose Custom Plaid Pattern Baby Gift Set - petelulu<\/title>\n<meta name=\"description\" content=\"B2B Baby Clothing | Bamboo Custom Plaid Pattern Baby Gift Set. Competitive Pricing, Quick Ship. Global Delivery for Retailers\/Wholesale.\" \/>\n<meta name=\"robots\" content=\"index, follow, max-snippet:-1, max-image-preview:large, max-video-preview:-1\" \/>\n<link rel=\"canonical\" href=\"https:\/\/petelulu.com\/de_ch\/product\/bambus-benutzerdefinierte-karierten-muster-baby-geschenk-set\/\" \/>\n<meta property=\"og:locale\" content=\"de_DE\" \/>\n<meta property=\"og:type\" content=\"article\" \/>\n<meta property=\"og:title\" content=\"Custom Bamboo Viscose Custom Plaid Pattern Baby Gift Set\" \/>\n<meta property=\"og:description\" content=\"B2B Baby Clothing | Bamboo Custom Plaid Pattern Baby Gift Set. Competitive Pricing, Quick Ship. Global Delivery for Retailers\/Wholesale.\" \/>\n<meta property=\"og:url\" content=\"https:\/\/petelulu.com\/de_ch\/product\/bambus-benutzerdefinierte-karierten-muster-baby-geschenk-set\/\" \/>\n<meta property=\"og:site_name\" content=\"petelulu\" \/>\n<meta property=\"article:modified_time\" content=\"2025-08-13T03:46:10+00:00\" \/>\n<meta name=\"twitter:card\" content=\"summary_large_image\" \/>\n<meta name=\"twitter:label1\" content=\"Gesch\u00e4tzte Lesezeit\" \/>\n\t<meta name=\"twitter:data1\" content=\"1 Minute\" \/>\n<script type=\"application\/ld+json\" class=\"yoast-schema-graph\">{\"@context\":\"https:\/\/schema.org\",\"@graph\":[{\"@type\":\"WebPage\",\"@id\":\"https:\/\/petelulu.com\/product\/bamboo-custom-plaid-pattern-baby-gift-set\/\",\"url\":\"https:\/\/petelulu.com\/product\/bamboo-custom-plaid-pattern-baby-gift-set\/\",\"name\":\"Custom Bamboo Viscose Custom Plaid Pattern Baby Gift Set - petelulu\",\"isPartOf\":{\"@id\":\"https:\/\/petelulu.com\/#website\"},\"primaryImageOfPage\":{\"@id\":\"https:\/\/petelulu.com\/product\/bamboo-custom-plaid-pattern-baby-gift-set\/#primaryimage\"},\"image\":{\"@id\":\"https:\/\/petelulu.com\/product\/bamboo-custom-plaid-pattern-baby-gift-set\/#primaryimage\"},\"thumbnailUrl\":\"https:\/\/petelulu.com\/wp-content\/uploads\/2025\/03\/H75633bb348b14b72bdc09b5505baadeau.jpg_720x720q50.avif\",\"datePublished\":\"2025-03-01T01:58:32+00:00\",\"dateModified\":\"2025-08-13T03:46:10+00:00\",\"description\":\"B2B Baby Clothing | Bamboo Custom Plaid Pattern Baby Gift Set. Competitive Pricing, Quick Ship. Global Delivery for Retailers\/Wholesale.\",\"breadcrumb\":{\"@id\":\"https:\/\/petelulu.com\/product\/bamboo-custom-plaid-pattern-baby-gift-set\/#breadcrumb\"},\"inLanguage\":\"de-CH\",\"potentialAction\":[{\"@type\":\"ReadAction\",\"target\":[\"https:\/\/petelulu.com\/product\/bamboo-custom-plaid-pattern-baby-gift-set\/\"]}]},{\"@type\":\"ImageObject\",\"inLanguage\":\"de-CH\",\"@id\":\"https:\/\/petelulu.com\/product\/bamboo-custom-plaid-pattern-baby-gift-set\/#primaryimage\",\"url\":\"https:\/\/petelulu.com\/wp-content\/uploads\/2025\/03\/H75633bb348b14b72bdc09b5505baadeau.jpg_720x720q50.avif\",\"contentUrl\":\"https:\/\/petelulu.com\/wp-content\/uploads\/2025\/03\/H75633bb348b14b72bdc09b5505baadeau.jpg_720x720q50.avif\",\"width\":720,\"height\":720,\"caption\":\"Bamboo Custom Plaid Pattern Baby Gift Set\"},{\"@type\":\"BreadcrumbList\",\"@id\":\"https:\/\/petelulu.com\/product\/bamboo-custom-plaid-pattern-baby-gift-set\/#breadcrumb\",\"itemListElement\":[{\"@type\":\"ListItem\",\"position\":1,\"name\":\"\u9996\u9875\",\"item\":\"https:\/\/petelulu.com\/\"},{\"@type\":\"ListItem\",\"position\":2,\"name\":\"PRODUCT GALLERY\",\"item\":\"https:\/\/petelulu.com\/product-gallery\/\"},{\"@type\":\"ListItem\",\"position\":3,\"name\":\"Custom Bamboo Viscose Custom Plaid Pattern Baby Gift Set\"}]},{\"@type\":\"WebSite\",\"@id\":\"https:\/\/petelulu.com\/#website\",\"url\":\"https:\/\/petelulu.com\/\",\"name\":\"PETElulu\",\"description\":\"\",\"potentialAction\":[{\"@type\":\"SearchAction\",\"target\":{\"@type\":\"EntryPoint\",\"urlTemplate\":\"https:\/\/petelulu.com\/?s={search_term_string}\"},\"query-input\":{\"@type\":\"PropertyValueSpecification\",\"valueRequired\":true,\"valueName\":\"search_term_string\"}}],\"inLanguage\":\"de-CH\"}]}<\/script>\n<!-- \/ Yoast SEO Premium plugin. -->","yoast_head_json":{"title":"Benutzerdefinierte Bambus Viskose benutzerdefinierte Plaid Muster Baby-Geschenk-Set - petelulu","description":"B2B Babykleidung | Bambus Custom Plaid Pattern Baby-Geschenk-Set. Konkurrenzf\u00e4hige Preise, schneller Versand. Globale Lieferung f\u00fcr Einzelh\u00e4ndler\/Gro\u00dfhandel.","robots":{"index":"index","follow":"follow","max-snippet":"max-snippet:-1","max-image-preview":"max-image-preview:large","max-video-preview":"max-video-preview:-1"},"canonical":"https:\/\/petelulu.com\/de_ch\/product\/bambus-benutzerdefinierte-karierten-muster-baby-geschenk-set\/","og_locale":"de_DE","og_type":"article","og_title":"Custom Bamboo Viscose Custom Plaid Pattern Baby Gift Set","og_description":"B2B Baby Clothing | Bamboo Custom Plaid Pattern Baby Gift Set. Competitive Pricing, Quick Ship. Global Delivery for Retailers\/Wholesale.","og_url":"https:\/\/petelulu.com\/de_ch\/product\/bambus-benutzerdefinierte-karierten-muster-baby-geschenk-set\/","og_site_name":"petelulu","article_modified_time":"2025-08-13T03:46:10+00:00","twitter_card":"summary_large_image","twitter_misc":{"Gesch\u00e4tzte Lesezeit":"1 Minute"},"schema":{"@context":"https:\/\/schema.org","@graph":[{"@type":"WebPage","@id":"https:\/\/petelulu.com\/product\/bamboo-custom-plaid-pattern-baby-gift-set\/","url":"https:\/\/petelulu.com\/product\/bamboo-custom-plaid-pattern-baby-gift-set\/","name":"Benutzerdefinierte Bambus Viskose benutzerdefinierte Plaid Muster Baby-Geschenk-Set - petelulu","isPartOf":{"@id":"https:\/\/petelulu.com\/#website"},"primaryImageOfPage":{"@id":"https:\/\/petelulu.com\/product\/bamboo-custom-plaid-pattern-baby-gift-set\/#primaryimage"},"image":{"@id":"https:\/\/petelulu.com\/product\/bamboo-custom-plaid-pattern-baby-gift-set\/#primaryimage"},"thumbnailUrl":"https:\/\/petelulu.com\/wp-content\/uploads\/2025\/03\/H75633bb348b14b72bdc09b5505baadeau.jpg_720x720q50.avif","datePublished":"2025-03-01T01:58:32+00:00","dateModified":"2025-08-13T03:46:10+00:00","description":"B2B Babykleidung | Bambus Custom Plaid Pattern Baby-Geschenk-Set. Konkurrenzf\u00e4hige Preise, schneller Versand. Globale Lieferung f\u00fcr Einzelh\u00e4ndler\/Gro\u00dfhandel.","breadcrumb":{"@id":"https:\/\/petelulu.com\/product\/bamboo-custom-plaid-pattern-baby-gift-set\/#breadcrumb"},"inLanguage":"de-CH","potentialAction":[{"@type":"ReadAction","target":["https:\/\/petelulu.com\/product\/bamboo-custom-plaid-pattern-baby-gift-set\/"]}]},{"@type":"ImageObject","inLanguage":"de-CH","@id":"https:\/\/petelulu.com\/product\/bamboo-custom-plaid-pattern-baby-gift-set\/#primaryimage","url":"https:\/\/petelulu.com\/wp-content\/uploads\/2025\/03\/H75633bb348b14b72bdc09b5505baadeau.jpg_720x720q50.avif","contentUrl":"https:\/\/petelulu.com\/wp-content\/uploads\/2025\/03\/H75633bb348b14b72bdc09b5505baadeau.jpg_720x720q50.avif","width":720,"height":720,"caption":"Bamboo Custom Plaid Pattern Baby Gift Set"},{"@type":"BreadcrumbList","@id":"https:\/\/petelulu.com\/product\/bamboo-custom-plaid-pattern-baby-gift-set\/#breadcrumb","itemListElement":[{"@type":"ListItem","position":1,"name":"\u9996\u9875","item":"https:\/\/petelulu.com\/"},{"@type":"ListItem","position":2,"name":"PRODUCT GALLERY","item":"https:\/\/petelulu.com\/product-gallery\/"},{"@type":"ListItem","position":3,"name":"Custom Bamboo Viscose Custom Plaid Pattern Baby Gift Set"}]},{"@type":"WebSite","@id":"https:\/\/petelulu.com\/#website","url":"https:\/\/petelulu.com\/","name":"PETElulu","description":"","potentialAction":[{"@type":"SearchAction","target":{"@type":"EntryPoint","urlTemplate":"https:\/\/petelulu.com\/?s={search_term_string}"},"query-input":{"@type":"PropertyValueSpecification","valueRequired":true,"valueName":"search_term_string"}}],"inLanguage":"de-CH"}]}},"builder_content":"","_links":{"self":[{"href":"https:\/\/petelulu.com\/de_ch\/wp-json\/wp\/v2\/product\/792","targetHints":{"allow":["GET"]}}],"collection":[{"href":"https:\/\/petelulu.com\/de_ch\/wp-json\/wp\/v2\/product"}],"about":[{"href":"https:\/\/petelulu.com\/de_ch\/wp-json\/wp\/v2\/types\/product"}],"wp:featuredmedia":[{"embeddable":true,"href":"https:\/\/petelulu.com\/de_ch\/wp-json\/wp\/v2\/media\/795"}],"wp:attachment":[{"href":"https:\/\/petelulu.com\/de_ch\/wp-json\/wp\/v2\/media?parent=792"}],"wp:term":[{"taxonomy":"product_brand","embeddable":true,"href":"https:\/\/petelulu.com\/de_ch\/wp-json\/wp\/v2\/product_brand?post=792"},{"taxonomy":"product_cat","embeddable":true,"href":"https:\/\/petelulu.com\/de_ch\/wp-json\/wp\/v2\/product_cat?post=792"},{"taxonomy":"product_tag","embeddable":true,"href":"https:\/\/petelulu.com\/de_ch\/wp-json\/wp\/v2\/product_tag?post=792"}],"curies":[{"name":"wp","href":"https:\/\/api.w.org\/{rel}","templated":true}]}}