{"id":2148,"date":"2025-03-24T07:15:00","date_gmt":"2025-03-24T07:15:00","guid":{"rendered":"https:\/\/petelulu.com\/?post_type=product&#038;p=2148"},"modified":"2025-08-12T23:17:40","modified_gmt":"2025-08-13T03:17:40","slug":"vollkammgarn-rundhalsausschnitt-kurzes-bekleidungsset","status":"publish","type":"product","link":"https:\/\/petelulu.com\/de_ch\/product\/vollkammgarn-rundhalsausschnitt-kurzes-bekleidungsset\/","title":{"rendered":"Custom Solid Worsted Rundhalsausschnitt kurze Kleidung Set"},"content":{"rendered":"<ol>\n<li>Umweltfreundliches und atmungsaktives Design: Unser Frottee-Handtuch-Set f\u00fcr Jungen ist aus komfortablem Bambusgewebe gefertigt, das ein atmungsaktives und umweltfreundliches Tragegef\u00fchl f\u00fcr Ihr Kind gew\u00e4hrleistet. Diese Eigenschaft ist ideal f\u00fcr Eltern, denen die Hautpflege ihres Kindes und die Umwelt am Herzen liegen.<\/li>\n<li>Vielseitig und praktisch: Dieses Unisex-Bekleidungsset ist f\u00fcr die Fr\u00fchlings- und Sommersaison konzipiert und somit perfekt f\u00fcr den t\u00e4glichen Gebrauch. Das Set enth\u00e4lt 2 St\u00fcck Kurzarm Freizeitkleidung, geeignet f\u00fcr Baby-Jungen von 6 Monaten bis 5 Jahre alt.<\/li>\n<li>Langlebig und schnelltrocknend: Das Bekleidungsset verf\u00fcgt \u00fcber schrumpffreie, knitterfreie und antistatische Eigenschaften, die daf\u00fcr sorgen, dass es auch nach mehreren W\u00e4schen in gutem Zustand bleibt. Au\u00dferdem verhindert das schnell trocknende Gewebe, dass sich Ihr Kind unwohl f\u00fchlt.<\/li>\n<li>Anpassbar und langlebig: Wir bieten OEM- und ODM-Dienstleistungen an, die es Ihnen erm\u00f6glichen, das Logo und das Design nach den W\u00fcnschen Ihrer Marke anzupassen. Das verwendete Kammgarngewebe ist strapazierf\u00e4hig und langlebig und damit eine lohnende Investition f\u00fcr Ihre Marke.<\/li>\n<li data-spm-anchor-id=\"a2700.details.0.i80.2b5a4a061dJ5Va\">Schnelle Produktion und Lieferung: Wir bieten eine 7-t\u00e4gige Vorlaufzeit f\u00fcr Musterbestellungen, damit Sie Ihre individuellen Produkte schnell erhalten. Bitte beachten Sie, dass sich dies je nach Komplexit\u00e4t des Designs und der Produktionsanforderungen \u00e4ndern kann.<\/li>\n<\/ol>","protected":false},"excerpt":{"rendered":"<p>St\u00fcckpreis: US $5.99-7.58\/St\u00fcck<br \/>\nMin.Bestellmenge: 300 St\u00fcck\/ Gr\u00f6\u00dfe<br \/>\nMaterial: Polyester \/ Baumwolle<br \/>\nAge: 0-3M\/3-6M\/6-9M\/9-12M\/12-18M\/18-24M\/2T-3T-4T<br \/>\nVerwendbare Materialien: Bambus\/Biobaumwolle\/Reine Baumwolle\/French Terry\/Bambusmusselin<br \/>\nLieferf\u00e4higkeit: 10.000 St\u00fcck\/St\u00fcck pro Monat<br \/>\nHafen: Guangzhou, China<br \/>\nZahlungsbedingungen: T\/T<br \/>\nProbe\uff1aAngepasste Probe akzeptieren<br \/>\nLogo: Individuelles Logo<br \/>\nLieferung: 25-35 Arbeitstage<br \/>\nOEM &amp; ODM<\/p>\n<p><a href=\"https:\/\/petelulu.com\/de_ch\/#category\">Mehr sehen<\/a><\/p>\n<style id=\"wpforms-css-vars-2878\">\n\t\t\t\t#wpforms-2878 {\n\t\t\t\t\n\t\t\t}\n\t\t\t<\/style><div class=\"wpforms-container wpforms-container-full wpforms-render-modern\" id=\"wpforms-2878\"><form id=\"wpforms-form-2878\" class=\"wpforms-validate wpforms-form wpforms-ajax-form\" data-formid=\"2878\" method=\"post\" enctype=\"multipart\/form-data\" action=\"\/de_ch\/wp-json\/wp\/v2\/product\/2148\" data-token=\"a6f414c9c07d2e6964a6ed541b672870\" data-token-time=\"1778019737\" data-trp-original-action=\"\/de_ch\/wp-json\/wp\/v2\/product\/2148\"><noscript class=\"wpforms-error-noscript\">Bitte aktivieren Sie JavaScript in Ihrem Browser, um dieses Formular fertigzustellen.<\/noscript><div id=\"wpforms-error-noscript\" style=\"display: none;\">Bitte aktivieren Sie JavaScript in Ihrem Browser, um dieses Formular fertigzustellen.<\/div><div class=\"wpforms-field-container\"><div id=\"wpforms-2878-field_2-container\" class=\"wpforms-field wpforms-field-name\" data-field-id=\"2\"><label class=\"wpforms-field-label\" for=\"wpforms-2878-field_2\">Name <span class=\"wpforms-required-label\" aria-hidden=\"true\">*<\/span><\/label><input type=\"text\" id=\"wpforms-2878-field_2\" class=\"wpforms-field-medium wpforms-field-required\" name=\"wpforms[fields][2]\" aria-errormessage=\"wpforms-2878-field_2-error\" required><\/div><div id=\"wpforms-2878-field_5-container\" class=\"wpforms-field wpforms-field-email\" data-field-id=\"5\"><label class=\"wpforms-field-label\" for=\"wpforms-2878-field_5\">E-Mail <span class=\"wpforms-required-label\" aria-hidden=\"true\">*<\/span><\/label><input type=\"email\" id=\"wpforms-2878-field_5\" class=\"wpforms-field-medium wpforms-field-required\" name=\"wpforms[fields][5]\" spellcheck=\"false\" aria-errormessage=\"wpforms-2878-field_5-error\" required><\/div>\t\t<div id=\"wpforms-2878-field_1-container\"\n\t\t\tclass=\"wpforms-field wpforms-field-text\"\n\t\t\tdata-field-type=\"text\"\n\t\t\tdata-field-id=\"1\"\n\t\t\t>\n\t\t\t<label class=\"wpforms-field-label\" for=\"wpforms-2878-field_1\" >Name E-Mail Anfrage<\/label>\n\t\t\t<input type=\"text\" id=\"wpforms-2878-field_1\" class=\"wpforms-field-medium\" name=\"wpforms[fields][1]\" >\n\t\t<\/div>\n\t\t<div id=\"wpforms-2878-field_3-container\" class=\"wpforms-field wpforms-field-textarea\" data-field-id=\"3\"><label class=\"wpforms-field-label\" for=\"wpforms-2878-field_3\">Anfrage <span class=\"wpforms-required-label\" aria-hidden=\"true\">*<\/span><\/label><textarea id=\"wpforms-2878-field_3\" class=\"wpforms-field-medium wpforms-field-required\" name=\"wpforms[fields][3]\" aria-errormessage=\"wpforms-2878-field_3-error\" aria-describedby=\"wpforms-2878-field_3-description\" required><\/textarea><div id=\"wpforms-2878-field_3-description\" class=\"wpforms-field-description\">Bitte nennen Sie uns Ihre Anforderungen und Ihre WhatsApp-Nummer, und unser Vertriebsmitarbeiter wird sich mit Ihnen in Verbindung setzen.<\/div><\/div><script>\n\t\t\t\t( function() {\n\t\t\t\t\tconst style = document.createElement( 'style' );\n\t\t\t\t\tstyle.appendChild( document.createTextNode( '#wpforms-2878-field_1-container { position: absolute !important; overflow: hidden !important; display: inline !important; height: 1px !important; width: 1px !important; z-index: -1000 !important; padding: 0 !important; } #wpforms-2878-field_1-container input { visibility: hidden; } #wpforms-conversational-form-page #wpforms-2878-field_1-container label { counter-increment: none; }' ) );\n\t\t\t\t\tdocument.head.appendChild( style );\n\t\t\t\t\tdocument.currentScript?.remove();\n\t\t\t\t} )();\n\t\t\t<\/script><\/div><!-- .wpforms-field-container --><div class=\"wpforms-submit-container\" ><input type=\"hidden\" name=\"wpforms[id]\" value=\"2878\"><input type=\"hidden\" name=\"page_title\" value=\"\"><input type=\"hidden\" name=\"page_url\" value=\"https:\/\/petelulu.com\/de_ch\/wp-json\/wp\/v2\/product\/2148\"><input type=\"hidden\" name=\"url_referer\" value=\"\"><button type=\"submit\" name=\"wpforms[submit]\" id=\"wpforms-submit-2878\" class=\"wpforms-submit\" data-alt-text=\"Sending...\" data-submit-text=\"Submit\" aria-live=\"assertive\" value=\"wpforms-submit\">Einreichen<\/button><img loading=\"lazy\" decoding=\"async\" src=\"https:\/\/petelulu.com\/wp-content\/plugins\/wpforms-lite\/assets\/images\/submit-spin.svg\" class=\"wpforms-submit-spinner\" style=\"display: none;\" width=\"26\" height=\"26\" alt=\"Wird geladen\"><\/div><input type=\"hidden\" name=\"trp-form-language\" value=\"de_ch\"\/><\/form><\/div>  <!-- .wpforms-container -->\n<p>&nbsp;<\/p>","protected":false},"featured_media":2152,"template":"","meta":[],"product_brand":[],"product_cat":[76],"product_tag":[98,102,99,82,97,100,81],"class_list":{"0":"post-2148","1":"product","2":"type-product","3":"status-publish","4":"has-post-thumbnail","6":"product_cat-sweatshirt","7":"product_tag-bamboo-fiber","8":"product_tag-category","9":"product_tag-french-terry","10":"product_tag-kid","11":"product_tag-organic-cotton","12":"product_tag-tencel","13":"product_tag-toddler","14":"has-post-title","15":"has-post-date","16":"has-post-category","17":"has-post-tag","18":"has-post-comment","19":"has-post-author","20":"","22":"first","23":"instock","24":"shipping-taxable","25":"product-type-simple"},"yoast_head":"<!-- This site is optimized with the Yoast SEO Premium plugin v24.5 (Yoast SEO v25.6) - https:\/\/yoast.com\/wordpress\/plugins\/seo\/ -->\n<title>Custom Solid Worsted Crew Neck Short Clothes Set - petelulu<\/title>\n<meta name=\"description\" content=\"B2B Baby Clothing | Solid Worsted Crew Neck Short Clothes Set. Competitive Pricing, Quick Ship. Global Delivery for Retailers\/Wholesale.\" \/>\n<meta name=\"robots\" content=\"index, follow, max-snippet:-1, max-image-preview:large, max-video-preview:-1\" \/>\n<link rel=\"canonical\" href=\"https:\/\/petelulu.com\/de_ch\/product\/vollkammgarn-rundhalsausschnitt-kurzes-bekleidungsset\/\" \/>\n<meta property=\"og:locale\" content=\"de_DE\" \/>\n<meta property=\"og:type\" content=\"article\" \/>\n<meta property=\"og:title\" content=\"Custom Solid Worsted Crew Neck Short Clothes Set\" \/>\n<meta property=\"og:description\" content=\"B2B Baby Clothing | Solid Worsted Crew Neck Short Clothes Set. Competitive Pricing, Quick Ship. Global Delivery for Retailers\/Wholesale.\" \/>\n<meta property=\"og:url\" content=\"https:\/\/petelulu.com\/de_ch\/product\/vollkammgarn-rundhalsausschnitt-kurzes-bekleidungsset\/\" \/>\n<meta property=\"og:site_name\" content=\"petelulu\" \/>\n<meta property=\"article:modified_time\" content=\"2025-08-13T03:17:40+00:00\" \/>\n<meta property=\"og:image\" content=\"https:\/\/petelulu.com\/wp-content\/uploads\/2025\/03\/\u4e3b\u56fe_003-35.jpg\" \/>\n\t<meta property=\"og:image:width\" content=\"1800\" \/>\n\t<meta property=\"og:image:height\" content=\"1800\" \/>\n\t<meta property=\"og:image:type\" content=\"image\/jpeg\" \/>\n<meta name=\"twitter:card\" content=\"summary_large_image\" \/>\n<meta name=\"twitter:label1\" content=\"Gesch\u00e4tzte Lesezeit\" \/>\n\t<meta name=\"twitter:data1\" content=\"2 Minuten\" \/>\n<script type=\"application\/ld+json\" class=\"yoast-schema-graph\">{\"@context\":\"https:\/\/schema.org\",\"@graph\":[{\"@type\":\"WebPage\",\"@id\":\"https:\/\/petelulu.com\/product\/solid-worsted-crew-neck-short-clothes-set\/\",\"url\":\"https:\/\/petelulu.com\/product\/solid-worsted-crew-neck-short-clothes-set\/\",\"name\":\"Custom Solid Worsted Crew Neck Short Clothes Set - petelulu\",\"isPartOf\":{\"@id\":\"https:\/\/petelulu.com\/#website\"},\"primaryImageOfPage\":{\"@id\":\"https:\/\/petelulu.com\/product\/solid-worsted-crew-neck-short-clothes-set\/#primaryimage\"},\"image\":{\"@id\":\"https:\/\/petelulu.com\/product\/solid-worsted-crew-neck-short-clothes-set\/#primaryimage\"},\"thumbnailUrl\":\"https:\/\/petelulu.com\/wp-content\/uploads\/2025\/03\/\u4e3b\u56fe_003-35.jpg\",\"datePublished\":\"2025-03-24T07:15:00+00:00\",\"dateModified\":\"2025-08-13T03:17:40+00:00\",\"description\":\"B2B Baby Clothing | Solid Worsted Crew Neck Short Clothes Set. Competitive Pricing, Quick Ship. Global Delivery for Retailers\/Wholesale.\",\"breadcrumb\":{\"@id\":\"https:\/\/petelulu.com\/product\/solid-worsted-crew-neck-short-clothes-set\/#breadcrumb\"},\"inLanguage\":\"de-CH\",\"potentialAction\":[{\"@type\":\"ReadAction\",\"target\":[\"https:\/\/petelulu.com\/product\/solid-worsted-crew-neck-short-clothes-set\/\"]}]},{\"@type\":\"ImageObject\",\"inLanguage\":\"de-CH\",\"@id\":\"https:\/\/petelulu.com\/product\/solid-worsted-crew-neck-short-clothes-set\/#primaryimage\",\"url\":\"https:\/\/petelulu.com\/wp-content\/uploads\/2025\/03\/\u4e3b\u56fe_003-35.jpg\",\"contentUrl\":\"https:\/\/petelulu.com\/wp-content\/uploads\/2025\/03\/\u4e3b\u56fe_003-35.jpg\",\"width\":1800,\"height\":1800,\"caption\":\"Solid Worsted Crew Neck Short Clothes Set\"},{\"@type\":\"BreadcrumbList\",\"@id\":\"https:\/\/petelulu.com\/product\/solid-worsted-crew-neck-short-clothes-set\/#breadcrumb\",\"itemListElement\":[{\"@type\":\"ListItem\",\"position\":1,\"name\":\"\u9996\u9875\",\"item\":\"https:\/\/petelulu.com\/\"},{\"@type\":\"ListItem\",\"position\":2,\"name\":\"PRODUCT GALLERY\",\"item\":\"https:\/\/petelulu.com\/product-gallery\/\"},{\"@type\":\"ListItem\",\"position\":3,\"name\":\"Custom Solid Worsted Crew Neck Short Clothes Set\"}]},{\"@type\":\"WebSite\",\"@id\":\"https:\/\/petelulu.com\/#website\",\"url\":\"https:\/\/petelulu.com\/\",\"name\":\"PETElulu\",\"description\":\"\",\"potentialAction\":[{\"@type\":\"SearchAction\",\"target\":{\"@type\":\"EntryPoint\",\"urlTemplate\":\"https:\/\/petelulu.com\/?s={search_term_string}\"},\"query-input\":{\"@type\":\"PropertyValueSpecification\",\"valueRequired\":true,\"valueName\":\"search_term_string\"}}],\"inLanguage\":\"de-CH\"}]}<\/script>\n<!-- \/ Yoast SEO Premium plugin. -->","yoast_head_json":{"title":"Custom Solid Worsted Rundhalsausschnitt kurze Kleidung Set - petelulu","description":"B2B Baby Kleidung | Festes Kammgarn Rundhalsausschnitt Kurzes Bekleidungsset. Konkurrenzf\u00e4hige Preise, schneller Versand. Globale Lieferung f\u00fcr Einzelh\u00e4ndler\/Gro\u00dfhandel.","robots":{"index":"index","follow":"follow","max-snippet":"max-snippet:-1","max-image-preview":"max-image-preview:large","max-video-preview":"max-video-preview:-1"},"canonical":"https:\/\/petelulu.com\/de_ch\/product\/vollkammgarn-rundhalsausschnitt-kurzes-bekleidungsset\/","og_locale":"de_DE","og_type":"article","og_title":"Custom Solid Worsted Crew Neck Short Clothes Set","og_description":"B2B Baby Clothing | Solid Worsted Crew Neck Short Clothes Set. Competitive Pricing, Quick Ship. Global Delivery for Retailers\/Wholesale.","og_url":"https:\/\/petelulu.com\/de_ch\/product\/vollkammgarn-rundhalsausschnitt-kurzes-bekleidungsset\/","og_site_name":"petelulu","article_modified_time":"2025-08-13T03:17:40+00:00","og_image":[{"width":1800,"height":1800,"url":"https:\/\/petelulu.com\/wp-content\/uploads\/2025\/03\/\u4e3b\u56fe_003-35.jpg","type":"image\/jpeg"}],"twitter_card":"summary_large_image","twitter_misc":{"Gesch\u00e4tzte Lesezeit":"2 Minuten"},"schema":{"@context":"https:\/\/schema.org","@graph":[{"@type":"WebPage","@id":"https:\/\/petelulu.com\/product\/solid-worsted-crew-neck-short-clothes-set\/","url":"https:\/\/petelulu.com\/product\/solid-worsted-crew-neck-short-clothes-set\/","name":"Custom Solid Worsted Rundhalsausschnitt kurze Kleidung Set - petelulu","isPartOf":{"@id":"https:\/\/petelulu.com\/#website"},"primaryImageOfPage":{"@id":"https:\/\/petelulu.com\/product\/solid-worsted-crew-neck-short-clothes-set\/#primaryimage"},"image":{"@id":"https:\/\/petelulu.com\/product\/solid-worsted-crew-neck-short-clothes-set\/#primaryimage"},"thumbnailUrl":"https:\/\/petelulu.com\/wp-content\/uploads\/2025\/03\/\u4e3b\u56fe_003-35.jpg","datePublished":"2025-03-24T07:15:00+00:00","dateModified":"2025-08-13T03:17:40+00:00","description":"B2B Baby Kleidung | Festes Kammgarn Rundhalsausschnitt Kurzes Bekleidungsset. Konkurrenzf\u00e4hige Preise, schneller Versand. Globale Lieferung f\u00fcr Einzelh\u00e4ndler\/Gro\u00dfhandel.","breadcrumb":{"@id":"https:\/\/petelulu.com\/product\/solid-worsted-crew-neck-short-clothes-set\/#breadcrumb"},"inLanguage":"de-CH","potentialAction":[{"@type":"ReadAction","target":["https:\/\/petelulu.com\/product\/solid-worsted-crew-neck-short-clothes-set\/"]}]},{"@type":"ImageObject","inLanguage":"de-CH","@id":"https:\/\/petelulu.com\/product\/solid-worsted-crew-neck-short-clothes-set\/#primaryimage","url":"https:\/\/petelulu.com\/wp-content\/uploads\/2025\/03\/\u4e3b\u56fe_003-35.jpg","contentUrl":"https:\/\/petelulu.com\/wp-content\/uploads\/2025\/03\/\u4e3b\u56fe_003-35.jpg","width":1800,"height":1800,"caption":"Solid Worsted Crew Neck Short Clothes Set"},{"@type":"BreadcrumbList","@id":"https:\/\/petelulu.com\/product\/solid-worsted-crew-neck-short-clothes-set\/#breadcrumb","itemListElement":[{"@type":"ListItem","position":1,"name":"\u9996\u9875","item":"https:\/\/petelulu.com\/"},{"@type":"ListItem","position":2,"name":"PRODUCT GALLERY","item":"https:\/\/petelulu.com\/product-gallery\/"},{"@type":"ListItem","position":3,"name":"Custom Solid Worsted Crew Neck Short Clothes Set"}]},{"@type":"WebSite","@id":"https:\/\/petelulu.com\/#website","url":"https:\/\/petelulu.com\/","name":"PETElulu","description":"","potentialAction":[{"@type":"SearchAction","target":{"@type":"EntryPoint","urlTemplate":"https:\/\/petelulu.com\/?s={search_term_string}"},"query-input":{"@type":"PropertyValueSpecification","valueRequired":true,"valueName":"search_term_string"}}],"inLanguage":"de-CH"}]}},"builder_content":"","_links":{"self":[{"href":"https:\/\/petelulu.com\/de_ch\/wp-json\/wp\/v2\/product\/2148","targetHints":{"allow":["GET"]}}],"collection":[{"href":"https:\/\/petelulu.com\/de_ch\/wp-json\/wp\/v2\/product"}],"about":[{"href":"https:\/\/petelulu.com\/de_ch\/wp-json\/wp\/v2\/types\/product"}],"wp:featuredmedia":[{"embeddable":true,"href":"https:\/\/petelulu.com\/de_ch\/wp-json\/wp\/v2\/media\/2152"}],"wp:attachment":[{"href":"https:\/\/petelulu.com\/de_ch\/wp-json\/wp\/v2\/media?parent=2148"}],"wp:term":[{"taxonomy":"product_brand","embeddable":true,"href":"https:\/\/petelulu.com\/de_ch\/wp-json\/wp\/v2\/product_brand?post=2148"},{"taxonomy":"product_cat","embeddable":true,"href":"https:\/\/petelulu.com\/de_ch\/wp-json\/wp\/v2\/product_cat?post=2148"},{"taxonomy":"product_tag","embeddable":true,"href":"https:\/\/petelulu.com\/de_ch\/wp-json\/wp\/v2\/product_tag?post=2148"}],"curies":[{"name":"wp","href":"https:\/\/api.w.org\/{rel}","templated":true}]}}