{"id":2143,"date":"2025-03-24T07:07:55","date_gmt":"2025-03-24T07:07:55","guid":{"rendered":"https:\/\/petelulu.com\/?post_type=product&#038;p=2143"},"modified":"2025-08-12T23:14:53","modified_gmt":"2025-08-13T03:14:53","slug":"kammgarn-langarm-baby-sweatshirt-set","status":"publish","type":"product","link":"https:\/\/petelulu.com\/de_ch\/product\/kammgarn-langarm-baby-sweatshirt-set\/","title":{"rendered":"Individuelles Kammgarn-Baby-Pullover-Set mit langen \u00c4rmeln"},"content":{"rendered":"<ol>\n<li>Einzigartiges Unisex-Design: Unsere Baby-Sweatshirt-Sets sind im l\u00e4ssigen Vintage-Stil gestaltet und eignen sich sowohl f\u00fcr Jungen als auch f\u00fcr M\u00e4dchen. Damit sind sie perfekt f\u00fcr Eltern, die eine vielseitige Kleidungsoption f\u00fcr ihr Kind suchen.<\/li>\n<li>Hochwertige Materialien: Die aus 100%-Baumwolle hergestellten Sets sind nicht nur weich und bequem, sondern auch schrumpffrei und knitterfrei, so dass sie auch nach mehrmaligem Waschen ihre Form und Qualit\u00e4t behalten.<\/li>\n<li>Anpassungsm\u00f6glichkeiten: Als Gro\u00dfhandelslieferant bieten wir ma\u00dfgeschneiderte Stoff- und Farboptionen an, die es den Kunden erm\u00f6glichen, ihre Bestellungen auf ihre speziellen Bed\u00fcrfnisse abzustimmen.<\/li>\n<li>Praktische Verpackung: Jedes Set ist in einem OPP-Beutel verpackt und l\u00e4sst sich so leicht aufbewahren und transportieren.<\/li>\n<li data-spm-anchor-id=\"a2700.details.0.i83.330e4ddeUa6nJW\">Konkurrenzf\u00e4hige Preisgestaltung: Mit einer Mindestbestellmenge von 100 St\u00fcck bieten wir wettbewerbsf\u00e4hige Preise f\u00fcr Gro\u00dfbestellungen, was unsere Produkte zu einer attraktiven Option f\u00fcr Unternehmen und Einzelh\u00e4ndler macht, die sich mit hochwertigen Babybekleidungssets eindecken m\u00f6chten.<\/li>\n<\/ol>","protected":false},"excerpt":{"rendered":"<p>St\u00fcckpreis: US $9.90-14.50\/St\u00fcck<br \/>\nMin.Bestellmenge: 300 St\u00fcck\/ Gr\u00f6\u00dfe<br \/>\nMaterial: 100% Baumwolle\/Gewebe nach Ma\u00df<br \/>\nAge: 0-3M\/3-6M\/6-9M\/9-12M\/12-18M\/18-24M\/2T-3T-4T<br \/>\nVerwendbare Materialien: Bambus\/Biobaumwolle\/Reine Baumwolle\/French Terry\/Bambusmusselin<br \/>\nLieferf\u00e4higkeit: 10.000 St\u00fcck\/St\u00fcck pro Monat<br \/>\nHafen: Guangzhou, China<br \/>\nZahlungsbedingungen: T\/T<br \/>\nProbe\uff1aAngepasste Probe akzeptieren<br \/>\nLogo: Individuelles Logo<br \/>\nLieferung: 25-35 Arbeitstage<br \/>\nOEM &amp; ODM<\/p>\n<p><a href=\"https:\/\/petelulu.com\/de_ch\/#category\">Mehr sehen<\/a><\/p>\n<style id=\"wpforms-css-vars-2878\">\n\t\t\t\t#wpforms-2878 {\n\t\t\t\t\n\t\t\t}\n\t\t\t<\/style><div class=\"wpforms-container wpforms-container-full wpforms-render-modern\" id=\"wpforms-2878\"><form id=\"wpforms-form-2878\" class=\"wpforms-validate wpforms-form wpforms-ajax-form\" data-formid=\"2878\" method=\"post\" enctype=\"multipart\/form-data\" action=\"\/de_ch\/wp-json\/wp\/v2\/product\/2143\" data-token=\"a6f414c9c07d2e6964a6ed541b672870\" data-token-time=\"1778021038\" data-trp-original-action=\"\/de_ch\/wp-json\/wp\/v2\/product\/2143\"><noscript class=\"wpforms-error-noscript\">Bitte aktivieren Sie JavaScript in Ihrem Browser, um dieses Formular fertigzustellen.<\/noscript><div id=\"wpforms-error-noscript\" style=\"display: none;\">Bitte aktivieren Sie JavaScript in Ihrem Browser, um dieses Formular fertigzustellen.<\/div><div class=\"wpforms-field-container\">\t\t<div id=\"wpforms-2878-field_1-container\"\n\t\t\tclass=\"wpforms-field wpforms-field-text\"\n\t\t\tdata-field-type=\"text\"\n\t\t\tdata-field-id=\"1\"\n\t\t\t>\n\t\t\t<label class=\"wpforms-field-label\" for=\"wpforms-2878-field_1\" >Name Anfrage E-Mail<\/label>\n\t\t\t<input type=\"text\" id=\"wpforms-2878-field_1\" class=\"wpforms-field-medium\" name=\"wpforms[fields][1]\" >\n\t\t<\/div>\n\t\t<div id=\"wpforms-2878-field_2-container\" class=\"wpforms-field wpforms-field-name\" data-field-id=\"2\"><label class=\"wpforms-field-label\" for=\"wpforms-2878-field_2\">Name <span class=\"wpforms-required-label\" aria-hidden=\"true\">*<\/span><\/label><input type=\"text\" id=\"wpforms-2878-field_2\" class=\"wpforms-field-medium wpforms-field-required\" name=\"wpforms[fields][2]\" aria-errormessage=\"wpforms-2878-field_2-error\" required><\/div><div id=\"wpforms-2878-field_5-container\" class=\"wpforms-field wpforms-field-email\" data-field-id=\"5\"><label class=\"wpforms-field-label\" for=\"wpforms-2878-field_5\">E-Mail <span class=\"wpforms-required-label\" aria-hidden=\"true\">*<\/span><\/label><input type=\"email\" id=\"wpforms-2878-field_5\" class=\"wpforms-field-medium wpforms-field-required\" name=\"wpforms[fields][5]\" spellcheck=\"false\" aria-errormessage=\"wpforms-2878-field_5-error\" required><\/div><div id=\"wpforms-2878-field_3-container\" class=\"wpforms-field wpforms-field-textarea\" data-field-id=\"3\"><label class=\"wpforms-field-label\" for=\"wpforms-2878-field_3\">Anfrage <span class=\"wpforms-required-label\" aria-hidden=\"true\">*<\/span><\/label><textarea id=\"wpforms-2878-field_3\" class=\"wpforms-field-medium wpforms-field-required\" name=\"wpforms[fields][3]\" aria-errormessage=\"wpforms-2878-field_3-error\" aria-describedby=\"wpforms-2878-field_3-description\" required><\/textarea><div id=\"wpforms-2878-field_3-description\" class=\"wpforms-field-description\">Bitte nennen Sie uns Ihre Anforderungen und Ihre WhatsApp-Nummer, und unser Vertriebsmitarbeiter wird sich mit Ihnen in Verbindung setzen.<\/div><\/div><script>\n\t\t\t\t( function() {\n\t\t\t\t\tconst style = document.createElement( 'style' );\n\t\t\t\t\tstyle.appendChild( document.createTextNode( '#wpforms-2878-field_1-container { position: absolute !important; overflow: hidden !important; display: inline !important; height: 1px !important; width: 1px !important; z-index: -1000 !important; padding: 0 !important; } #wpforms-2878-field_1-container input { visibility: hidden; } #wpforms-conversational-form-page #wpforms-2878-field_1-container label { counter-increment: none; }' ) );\n\t\t\t\t\tdocument.head.appendChild( style );\n\t\t\t\t\tdocument.currentScript?.remove();\n\t\t\t\t} )();\n\t\t\t<\/script><\/div><!-- .wpforms-field-container --><div class=\"wpforms-submit-container\" ><input type=\"hidden\" name=\"wpforms[id]\" value=\"2878\"><input type=\"hidden\" name=\"page_title\" value=\"\"><input type=\"hidden\" name=\"page_url\" value=\"https:\/\/petelulu.com\/de_ch\/wp-json\/wp\/v2\/product\/2143\"><input type=\"hidden\" name=\"url_referer\" value=\"\"><button type=\"submit\" name=\"wpforms[submit]\" id=\"wpforms-submit-2878\" class=\"wpforms-submit\" data-alt-text=\"Sending...\" data-submit-text=\"Submit\" aria-live=\"assertive\" value=\"wpforms-submit\">Einreichen<\/button><img loading=\"lazy\" decoding=\"async\" src=\"https:\/\/petelulu.com\/wp-content\/plugins\/wpforms-lite\/assets\/images\/submit-spin.svg\" class=\"wpforms-submit-spinner\" style=\"display: none;\" width=\"26\" height=\"26\" alt=\"Wird geladen\"><\/div><input type=\"hidden\" name=\"trp-form-language\" value=\"de_ch\"\/><\/form><\/div>  <!-- .wpforms-container -->\n<p>&nbsp;<\/p>","protected":false},"featured_media":2146,"template":"","meta":[],"product_brand":[],"product_cat":[76],"product_tag":[98,102,99,82,97,100,81],"class_list":{"0":"post-2143","1":"product","2":"type-product","3":"status-publish","4":"has-post-thumbnail","6":"product_cat-sweatshirt","7":"product_tag-bamboo-fiber","8":"product_tag-category","9":"product_tag-french-terry","10":"product_tag-kid","11":"product_tag-organic-cotton","12":"product_tag-tencel","13":"product_tag-toddler","14":"has-post-title","15":"has-post-date","16":"has-post-category","17":"has-post-tag","18":"has-post-comment","19":"has-post-author","20":"","22":"first","23":"instock","24":"shipping-taxable","25":"product-type-simple"},"yoast_head":"<!-- This site is optimized with the Yoast SEO Premium plugin v24.5 (Yoast SEO v25.6) - https:\/\/yoast.com\/wordpress\/plugins\/seo\/ -->\n<title>Custom Worsted Long Sleeve Baby Jumper Set - petelulu<\/title>\n<meta name=\"description\" content=\"B2B Baby Clothing | Worsted Long Sleeve Baby Sweatshirt Set. Competitive Pricing, Quick Ship. Global Delivery for Retailers\/Wholesale.\" \/>\n<meta name=\"robots\" content=\"index, follow, max-snippet:-1, max-image-preview:large, max-video-preview:-1\" \/>\n<link rel=\"canonical\" href=\"https:\/\/petelulu.com\/de_ch\/product\/kammgarn-langarm-baby-sweatshirt-set\/\" \/>\n<meta property=\"og:locale\" content=\"de_DE\" \/>\n<meta property=\"og:type\" content=\"article\" \/>\n<meta property=\"og:title\" content=\"Custom Worsted Long Sleeve Baby Jumper Set\" \/>\n<meta property=\"og:description\" content=\"B2B Baby Clothing | Worsted Long Sleeve Baby Sweatshirt Set. Competitive Pricing, Quick Ship. Global Delivery for Retailers\/Wholesale.\" \/>\n<meta property=\"og:url\" content=\"https:\/\/petelulu.com\/de_ch\/product\/kammgarn-langarm-baby-sweatshirt-set\/\" \/>\n<meta property=\"og:site_name\" content=\"petelulu\" \/>\n<meta property=\"article:modified_time\" content=\"2025-08-13T03:14:53+00:00\" \/>\n<meta property=\"og:image\" content=\"https:\/\/petelulu.com\/wp-content\/uploads\/2025\/03\/\u4e3b\u56fe_003-1.png\" \/>\n\t<meta property=\"og:image:width\" content=\"960\" \/>\n\t<meta property=\"og:image:height\" content=\"960\" \/>\n\t<meta property=\"og:image:type\" content=\"image\/png\" \/>\n<meta name=\"twitter:card\" content=\"summary_large_image\" \/>\n<meta name=\"twitter:label1\" content=\"Gesch\u00e4tzte Lesezeit\" \/>\n\t<meta name=\"twitter:data1\" content=\"1 Minute\" \/>\n<script type=\"application\/ld+json\" class=\"yoast-schema-graph\">{\"@context\":\"https:\/\/schema.org\",\"@graph\":[{\"@type\":\"WebPage\",\"@id\":\"https:\/\/petelulu.com\/product\/worsted-long-sleeve-baby-sweatshirt-set\/\",\"url\":\"https:\/\/petelulu.com\/product\/worsted-long-sleeve-baby-sweatshirt-set\/\",\"name\":\"Custom Worsted Long Sleeve Baby Jumper Set - petelulu\",\"isPartOf\":{\"@id\":\"https:\/\/petelulu.com\/#website\"},\"primaryImageOfPage\":{\"@id\":\"https:\/\/petelulu.com\/product\/worsted-long-sleeve-baby-sweatshirt-set\/#primaryimage\"},\"image\":{\"@id\":\"https:\/\/petelulu.com\/product\/worsted-long-sleeve-baby-sweatshirt-set\/#primaryimage\"},\"thumbnailUrl\":\"https:\/\/petelulu.com\/wp-content\/uploads\/2025\/03\/\u4e3b\u56fe_003-1.png\",\"datePublished\":\"2025-03-24T07:07:55+00:00\",\"dateModified\":\"2025-08-13T03:14:53+00:00\",\"description\":\"B2B Baby Clothing | Worsted Long Sleeve Baby Sweatshirt Set. Competitive Pricing, Quick Ship. Global Delivery for Retailers\/Wholesale.\",\"breadcrumb\":{\"@id\":\"https:\/\/petelulu.com\/product\/worsted-long-sleeve-baby-sweatshirt-set\/#breadcrumb\"},\"inLanguage\":\"de-CH\",\"potentialAction\":[{\"@type\":\"ReadAction\",\"target\":[\"https:\/\/petelulu.com\/product\/worsted-long-sleeve-baby-sweatshirt-set\/\"]}]},{\"@type\":\"ImageObject\",\"inLanguage\":\"de-CH\",\"@id\":\"https:\/\/petelulu.com\/product\/worsted-long-sleeve-baby-sweatshirt-set\/#primaryimage\",\"url\":\"https:\/\/petelulu.com\/wp-content\/uploads\/2025\/03\/\u4e3b\u56fe_003-1.png\",\"contentUrl\":\"https:\/\/petelulu.com\/wp-content\/uploads\/2025\/03\/\u4e3b\u56fe_003-1.png\",\"width\":960,\"height\":960,\"caption\":\"Worsted Long Sleeve Baby Sweatshirt Set\"},{\"@type\":\"BreadcrumbList\",\"@id\":\"https:\/\/petelulu.com\/product\/worsted-long-sleeve-baby-sweatshirt-set\/#breadcrumb\",\"itemListElement\":[{\"@type\":\"ListItem\",\"position\":1,\"name\":\"\u9996\u9875\",\"item\":\"https:\/\/petelulu.com\/\"},{\"@type\":\"ListItem\",\"position\":2,\"name\":\"PRODUCT GALLERY\",\"item\":\"https:\/\/petelulu.com\/product-gallery\/\"},{\"@type\":\"ListItem\",\"position\":3,\"name\":\"Custom Worsted Long Sleeve Baby Jumper Set\"}]},{\"@type\":\"WebSite\",\"@id\":\"https:\/\/petelulu.com\/#website\",\"url\":\"https:\/\/petelulu.com\/\",\"name\":\"PETElulu\",\"description\":\"\",\"potentialAction\":[{\"@type\":\"SearchAction\",\"target\":{\"@type\":\"EntryPoint\",\"urlTemplate\":\"https:\/\/petelulu.com\/?s={search_term_string}\"},\"query-input\":{\"@type\":\"PropertyValueSpecification\",\"valueRequired\":true,\"valueName\":\"search_term_string\"}}],\"inLanguage\":\"de-CH\"}]}<\/script>\n<!-- \/ Yoast SEO Premium plugin. -->","yoast_head_json":{"title":"Individuelles Kammgarn-Langarm-Baby-Pullover-Set - petelulu","description":"B2B Babykleidung | Kammgarn Langarm-Baby-Sweatshirt-Set. Konkurrenzf\u00e4hige Preise, schneller Versand. Globale Lieferung f\u00fcr Einzelh\u00e4ndler\/Gro\u00dfhandel.","robots":{"index":"index","follow":"follow","max-snippet":"max-snippet:-1","max-image-preview":"max-image-preview:large","max-video-preview":"max-video-preview:-1"},"canonical":"https:\/\/petelulu.com\/de_ch\/product\/kammgarn-langarm-baby-sweatshirt-set\/","og_locale":"de_DE","og_type":"article","og_title":"Custom Worsted Long Sleeve Baby Jumper Set","og_description":"B2B Baby Clothing | Worsted Long Sleeve Baby Sweatshirt Set. Competitive Pricing, Quick Ship. Global Delivery for Retailers\/Wholesale.","og_url":"https:\/\/petelulu.com\/de_ch\/product\/kammgarn-langarm-baby-sweatshirt-set\/","og_site_name":"petelulu","article_modified_time":"2025-08-13T03:14:53+00:00","og_image":[{"width":960,"height":960,"url":"https:\/\/petelulu.com\/wp-content\/uploads\/2025\/03\/\u4e3b\u56fe_003-1.png","type":"image\/png"}],"twitter_card":"summary_large_image","twitter_misc":{"Gesch\u00e4tzte Lesezeit":"1 Minute"},"schema":{"@context":"https:\/\/schema.org","@graph":[{"@type":"WebPage","@id":"https:\/\/petelulu.com\/product\/worsted-long-sleeve-baby-sweatshirt-set\/","url":"https:\/\/petelulu.com\/product\/worsted-long-sleeve-baby-sweatshirt-set\/","name":"Individuelles Kammgarn-Langarm-Baby-Pullover-Set - petelulu","isPartOf":{"@id":"https:\/\/petelulu.com\/#website"},"primaryImageOfPage":{"@id":"https:\/\/petelulu.com\/product\/worsted-long-sleeve-baby-sweatshirt-set\/#primaryimage"},"image":{"@id":"https:\/\/petelulu.com\/product\/worsted-long-sleeve-baby-sweatshirt-set\/#primaryimage"},"thumbnailUrl":"https:\/\/petelulu.com\/wp-content\/uploads\/2025\/03\/\u4e3b\u56fe_003-1.png","datePublished":"2025-03-24T07:07:55+00:00","dateModified":"2025-08-13T03:14:53+00:00","description":"B2B Babykleidung | Kammgarn Langarm-Baby-Sweatshirt-Set. Konkurrenzf\u00e4hige Preise, schneller Versand. Globale Lieferung f\u00fcr Einzelh\u00e4ndler\/Gro\u00dfhandel.","breadcrumb":{"@id":"https:\/\/petelulu.com\/product\/worsted-long-sleeve-baby-sweatshirt-set\/#breadcrumb"},"inLanguage":"de-CH","potentialAction":[{"@type":"ReadAction","target":["https:\/\/petelulu.com\/product\/worsted-long-sleeve-baby-sweatshirt-set\/"]}]},{"@type":"ImageObject","inLanguage":"de-CH","@id":"https:\/\/petelulu.com\/product\/worsted-long-sleeve-baby-sweatshirt-set\/#primaryimage","url":"https:\/\/petelulu.com\/wp-content\/uploads\/2025\/03\/\u4e3b\u56fe_003-1.png","contentUrl":"https:\/\/petelulu.com\/wp-content\/uploads\/2025\/03\/\u4e3b\u56fe_003-1.png","width":960,"height":960,"caption":"Worsted Long Sleeve Baby Sweatshirt Set"},{"@type":"BreadcrumbList","@id":"https:\/\/petelulu.com\/product\/worsted-long-sleeve-baby-sweatshirt-set\/#breadcrumb","itemListElement":[{"@type":"ListItem","position":1,"name":"\u9996\u9875","item":"https:\/\/petelulu.com\/"},{"@type":"ListItem","position":2,"name":"PRODUCT GALLERY","item":"https:\/\/petelulu.com\/product-gallery\/"},{"@type":"ListItem","position":3,"name":"Custom Worsted Long Sleeve Baby Jumper Set"}]},{"@type":"WebSite","@id":"https:\/\/petelulu.com\/#website","url":"https:\/\/petelulu.com\/","name":"PETElulu","description":"","potentialAction":[{"@type":"SearchAction","target":{"@type":"EntryPoint","urlTemplate":"https:\/\/petelulu.com\/?s={search_term_string}"},"query-input":{"@type":"PropertyValueSpecification","valueRequired":true,"valueName":"search_term_string"}}],"inLanguage":"de-CH"}]}},"builder_content":"","_links":{"self":[{"href":"https:\/\/petelulu.com\/de_ch\/wp-json\/wp\/v2\/product\/2143","targetHints":{"allow":["GET"]}}],"collection":[{"href":"https:\/\/petelulu.com\/de_ch\/wp-json\/wp\/v2\/product"}],"about":[{"href":"https:\/\/petelulu.com\/de_ch\/wp-json\/wp\/v2\/types\/product"}],"wp:featuredmedia":[{"embeddable":true,"href":"https:\/\/petelulu.com\/de_ch\/wp-json\/wp\/v2\/media\/2146"}],"wp:attachment":[{"href":"https:\/\/petelulu.com\/de_ch\/wp-json\/wp\/v2\/media?parent=2143"}],"wp:term":[{"taxonomy":"product_brand","embeddable":true,"href":"https:\/\/petelulu.com\/de_ch\/wp-json\/wp\/v2\/product_brand?post=2143"},{"taxonomy":"product_cat","embeddable":true,"href":"https:\/\/petelulu.com\/de_ch\/wp-json\/wp\/v2\/product_cat?post=2143"},{"taxonomy":"product_tag","embeddable":true,"href":"https:\/\/petelulu.com\/de_ch\/wp-json\/wp\/v2\/product_tag?post=2143"}],"curies":[{"name":"wp","href":"https:\/\/api.w.org\/{rel}","templated":true}]}}