{"id":2046,"date":"2025-03-20T03:22:52","date_gmt":"2025-03-20T03:22:52","guid":{"rendered":"https:\/\/petelulu.com\/?post_type=product&#038;p=2046"},"modified":"2025-08-12T23:52:48","modified_gmt":"2025-08-13T03:52:48","slug":"bamboo-cotton-baby-sleep-sacks-with-feet","status":"publish","type":"product","link":"https:\/\/petelulu.com\/de_ch\/product\/bamboo-cotton-baby-sleep-sacks-with-feet\/","title":{"rendered":"Benutzerdefinierte Bambus Viskose Baumwolle Baby Schlafs\u00e4cke mit F\u00fc\u00dfen"},"content":{"rendered":"<div id=\"sellingpoint\" class=\"header\">\n<div id=\"sellingpoint\" class=\"header\">\n<div id=\"sellingpoint\" class=\"header\">\n<h2>\u00dcber dieses Produkt<\/h2>\n<\/div>\n<p>Soft and Breathable Fabric: Our baby sleeping bags are made from 100% bamboo fiber, ensuring a comfortable and breathable sleeping experience for your little one. The soft cotton material provides a gentle touch, perfect for delicate skin.<\/p>\n<p>Customizable with Your Logo: We offer customized logo printing services, allowing you to personalize our baby sleeping bags with your brand name or design. This is ideal for businesses looking to create a unique and recognizable product for their customers.<\/p>\n<p>Antimicrobial and Sustainable: Our baby sleeping bags feature antibacterial properties, ensuring your child&#8217;s sleeping environment is clean and hygienic. Additionally, the bamboo fabric is a sustainable and eco-friendly material choice.<\/p>\n<p>Summer-Ready Design: Our design is perfect for warm weather, making it an ideal choice for summer baby clothes. The sleeveless style and lightweight material keep your child cool and comfortable during the hot summer months.<\/p>\n<p>7-Day Sample Order Lead Time: We offer a quick turnaround time of 7 days for sample orders, allowing you to test and review our products efficiently.<\/p>\n<\/div>\n<\/div>","protected":false},"excerpt":{"rendered":"<p>Unit Price: US $7.99-9.99 \/ Piece<br \/>\nMin.Bestellmenge: 300 St\u00fcck\/ Gr\u00f6\u00dfe<br \/>\nMaterial: 100% Bamboo Fiber<br \/>\nAge: 0-3M\/3-6M\/6-9M\/9-12M\/12-18M\/18-24M\/2T-3T-4T<br \/>\nVerwendbare Materialien: Bambus\/Biobaumwolle\/Reine Baumwolle\/French Terry\/Bambusmusselin<br \/>\nLieferf\u00e4higkeit: 10.000 St\u00fcck\/St\u00fcck pro Monat<br \/>\nHafen: Guangzhou, China<br \/>\nZahlungsbedingungen: T\/T<br \/>\nProbe\uff1aAngepasste Probe akzeptieren<br \/>\nLogo: Individuelles Logo<br \/>\nLieferung: 25-35 Arbeitstage<br \/>\nOEM &amp; ODM<\/p>\n<p><a href=\"https:\/\/petelulu.com\/de_ch\/#category\">Mehr sehen<\/a><\/p>\n<div class=\"wpforms-container wpforms-container-full wpforms-render-modern\" id=\"wpforms-2878\"><form id=\"wpforms-form-2878\" class=\"wpforms-validate wpforms-form wpforms-ajax-form\" data-formid=\"2878\" method=\"post\" enctype=\"multipart\/form-data\" action=\"\/de_ch\/wp-json\/wp\/v2\/product\/2046\" data-token=\"f9e5e1c5cede5ee0c6e3b3c92c3e4d2d\" data-token-time=\"1776277450\" data-trp-original-action=\"\/de_ch\/wp-json\/wp\/v2\/product\/2046\"><noscript class=\"wpforms-error-noscript\">Bitte aktivieren Sie JavaScript in Ihrem Browser, um dieses Formular fertigzustellen.<\/noscript><div class=\"wpforms-hidden\" id=\"wpforms-error-noscript\">Bitte aktivieren Sie JavaScript in Ihrem Browser, um dieses Formular fertigzustellen.<\/div><div class=\"wpforms-field-container\"><div id=\"wpforms-2878-field_2-container\" class=\"wpforms-field wpforms-field-name\" data-field-id=\"2\"><label class=\"wpforms-field-label\" for=\"wpforms-2878-field_2\">Name <span class=\"wpforms-required-label\" aria-hidden=\"true\">*<\/span><\/label><input type=\"text\" id=\"wpforms-2878-field_2\" class=\"wpforms-field-medium wpforms-field-required\" name=\"wpforms[fields][2]\" aria-errormessage=\"wpforms-2878-field_2-error\" required><\/div><div id=\"wpforms-2878-field_5-container\" class=\"wpforms-field wpforms-field-email\" data-field-id=\"5\"><label class=\"wpforms-field-label\" for=\"wpforms-2878-field_5\">E-Mail <span class=\"wpforms-required-label\" aria-hidden=\"true\">*<\/span><\/label><input type=\"email\" id=\"wpforms-2878-field_5\" class=\"wpforms-field-medium wpforms-field-required\" name=\"wpforms[fields][5]\" spellcheck=\"false\" aria-errormessage=\"wpforms-2878-field_5-error\" required><\/div><div id=\"wpforms-2878-field_3-container\" class=\"wpforms-field wpforms-field-textarea\" data-field-id=\"3\"><label class=\"wpforms-field-label\" for=\"wpforms-2878-field_3\">Anfrage <span class=\"wpforms-required-label\" aria-hidden=\"true\">*<\/span><\/label><textarea id=\"wpforms-2878-field_3\" class=\"wpforms-field-medium wpforms-field-required\" name=\"wpforms[fields][3]\" aria-errormessage=\"wpforms-2878-field_3-error\" aria-describedby=\"wpforms-2878-field_3-description\" required><\/textarea><div id=\"wpforms-2878-field_3-description\" class=\"wpforms-field-description\">Bitte nennen Sie uns Ihre Anforderungen und Ihre WhatsApp-Nummer, und unser Vertriebsmitarbeiter wird sich mit Ihnen in Verbindung setzen.<\/div><\/div><\/div><!-- .wpforms-field-container --><div class=\"wpforms-submit-container\" ><input type=\"hidden\" name=\"wpforms[id]\" value=\"2878\"><input type=\"hidden\" name=\"page_title\" value=\"\"><input type=\"hidden\" name=\"page_url\" value=\"https:\/\/petelulu.com\/de_ch\/wp-json\/wp\/v2\/product\/2046\"><input type=\"hidden\" name=\"url_referer\" value=\"\"><button type=\"submit\" name=\"wpforms[submit]\" id=\"wpforms-submit-2878\" class=\"wpforms-submit\" data-alt-text=\"Sending...\" data-submit-text=\"Submit\" aria-live=\"assertive\" value=\"wpforms-submit\">Einreichen<\/button><img loading=\"lazy\" decoding=\"async\" src=\"https:\/\/petelulu.com\/wp-content\/plugins\/wpforms-lite\/assets\/images\/submit-spin.svg\" class=\"wpforms-submit-spinner\" style=\"display: none;\" width=\"26\" height=\"26\" alt=\"Wird geladen\"><\/div><input type=\"hidden\" name=\"trp-form-language\" value=\"de_ch\"\/><\/form><\/div>  <!-- .wpforms-container -->\n<p>&nbsp;<\/p>","protected":false},"featured_media":2048,"template":"","meta":[],"product_brand":[],"product_cat":[71],"product_tag":[80],"class_list":{"0":"post-2046","1":"product","2":"type-product","3":"status-publish","4":"has-post-thumbnail","6":"product_cat-sleeping-bags","7":"product_tag-baby","8":"has-post-title","9":"has-post-date","10":"has-post-category","11":"has-post-tag","12":"has-post-comment","13":"has-post-author","14":"","16":"first","17":"instock","18":"shipping-taxable","19":"product-type-simple"},"yoast_head":"<!-- This site is optimized with the Yoast SEO Premium plugin v24.5 (Yoast SEO v25.6) - https:\/\/yoast.com\/wordpress\/plugins\/seo\/ -->\n<title>Custom Bamboo Viscose Cotton Baby Sleep Sacks With Feet - petelulu<\/title>\n<meta name=\"description\" content=\"B2B Baby Clothing | Bamboo Cotton Baby Sleep Sacks With Feet. Competitive Pricing, Quick Ship. Global Delivery for Retailers\/Wholesale.\" \/>\n<meta name=\"robots\" content=\"index, follow, max-snippet:-1, max-image-preview:large, max-video-preview:-1\" \/>\n<link rel=\"canonical\" href=\"https:\/\/petelulu.com\/de_ch\/product\/bamboo-cotton-baby-sleep-sacks-with-feet\/\" \/>\n<meta property=\"og:locale\" content=\"de_DE\" \/>\n<meta property=\"og:type\" content=\"article\" \/>\n<meta property=\"og:title\" content=\"Custom Bamboo Viscose Cotton Baby Sleep Sacks With Feet\" \/>\n<meta property=\"og:description\" content=\"B2B Baby Clothing | Bamboo Cotton Baby Sleep Sacks With Feet. Competitive Pricing, Quick Ship. Global Delivery for Retailers\/Wholesale.\" \/>\n<meta property=\"og:url\" content=\"https:\/\/petelulu.com\/de_ch\/product\/bamboo-cotton-baby-sleep-sacks-with-feet\/\" \/>\n<meta property=\"og:site_name\" content=\"petelulu\" \/>\n<meta property=\"article:modified_time\" content=\"2025-08-13T03:52:48+00:00\" \/>\n<meta property=\"og:image\" content=\"https:\/\/petelulu.com\/wp-content\/uploads\/2025\/03\/\u4e3b\u56fe_002-15.jpg\" \/>\n\t<meta property=\"og:image:width\" content=\"1800\" \/>\n\t<meta property=\"og:image:height\" content=\"1800\" \/>\n\t<meta property=\"og:image:type\" content=\"image\/jpeg\" \/>\n<meta name=\"twitter:card\" content=\"summary_large_image\" \/>\n<meta name=\"twitter:label1\" content=\"Gesch\u00e4tzte Lesezeit\" \/>\n\t<meta name=\"twitter:data1\" content=\"1 Minute\" \/>\n<script type=\"application\/ld+json\" class=\"yoast-schema-graph\">{\"@context\":\"https:\/\/schema.org\",\"@graph\":[{\"@type\":\"WebPage\",\"@id\":\"https:\/\/petelulu.com\/product\/bamboo-cotton-baby-sleep-sacks-with-feet\/\",\"url\":\"https:\/\/petelulu.com\/product\/bamboo-cotton-baby-sleep-sacks-with-feet\/\",\"name\":\"Custom Bamboo Viscose Cotton Baby Sleep Sacks With Feet - petelulu\",\"isPartOf\":{\"@id\":\"https:\/\/petelulu.com\/#website\"},\"primaryImageOfPage\":{\"@id\":\"https:\/\/petelulu.com\/product\/bamboo-cotton-baby-sleep-sacks-with-feet\/#primaryimage\"},\"image\":{\"@id\":\"https:\/\/petelulu.com\/product\/bamboo-cotton-baby-sleep-sacks-with-feet\/#primaryimage\"},\"thumbnailUrl\":\"https:\/\/petelulu.com\/wp-content\/uploads\/2025\/03\/\u4e3b\u56fe_002-15.jpg\",\"datePublished\":\"2025-03-20T03:22:52+00:00\",\"dateModified\":\"2025-08-13T03:52:48+00:00\",\"description\":\"B2B Baby Clothing | Bamboo Cotton Baby Sleep Sacks With Feet. Competitive Pricing, Quick Ship. Global Delivery for Retailers\/Wholesale.\",\"breadcrumb\":{\"@id\":\"https:\/\/petelulu.com\/product\/bamboo-cotton-baby-sleep-sacks-with-feet\/#breadcrumb\"},\"inLanguage\":\"de-CH\",\"potentialAction\":[{\"@type\":\"ReadAction\",\"target\":[\"https:\/\/petelulu.com\/product\/bamboo-cotton-baby-sleep-sacks-with-feet\/\"]}]},{\"@type\":\"ImageObject\",\"inLanguage\":\"de-CH\",\"@id\":\"https:\/\/petelulu.com\/product\/bamboo-cotton-baby-sleep-sacks-with-feet\/#primaryimage\",\"url\":\"https:\/\/petelulu.com\/wp-content\/uploads\/2025\/03\/\u4e3b\u56fe_002-15.jpg\",\"contentUrl\":\"https:\/\/petelulu.com\/wp-content\/uploads\/2025\/03\/\u4e3b\u56fe_002-15.jpg\",\"width\":1800,\"height\":1800,\"caption\":\"Bamboo Cotton Baby Sleep Sacks With Feet\"},{\"@type\":\"BreadcrumbList\",\"@id\":\"https:\/\/petelulu.com\/product\/bamboo-cotton-baby-sleep-sacks-with-feet\/#breadcrumb\",\"itemListElement\":[{\"@type\":\"ListItem\",\"position\":1,\"name\":\"\u9996\u9875\",\"item\":\"https:\/\/petelulu.com\/\"},{\"@type\":\"ListItem\",\"position\":2,\"name\":\"PRODUCT GALLERY\",\"item\":\"https:\/\/petelulu.com\/product-gallery\/\"},{\"@type\":\"ListItem\",\"position\":3,\"name\":\"Custom Bamboo Viscose Cotton Baby Sleep Sacks With Feet\"}]},{\"@type\":\"WebSite\",\"@id\":\"https:\/\/petelulu.com\/#website\",\"url\":\"https:\/\/petelulu.com\/\",\"name\":\"PETElulu\",\"description\":\"\",\"potentialAction\":[{\"@type\":\"SearchAction\",\"target\":{\"@type\":\"EntryPoint\",\"urlTemplate\":\"https:\/\/petelulu.com\/?s={search_term_string}\"},\"query-input\":{\"@type\":\"PropertyValueSpecification\",\"valueRequired\":true,\"valueName\":\"search_term_string\"}}],\"inLanguage\":\"de-CH\"}]}<\/script>\n<!-- \/ Yoast SEO Premium plugin. -->","yoast_head_json":{"title":"Custom Bamboo Viscose Cotton Baby Sleep Sacks With Feet - petelulu","description":"B2B Baby Clothing | Bamboo Cotton Baby Sleep Sacks With Feet. Competitive Pricing, Quick Ship. Global Delivery for Retailers\/Wholesale.","robots":{"index":"index","follow":"follow","max-snippet":"max-snippet:-1","max-image-preview":"max-image-preview:large","max-video-preview":"max-video-preview:-1"},"canonical":"https:\/\/petelulu.com\/de_ch\/product\/bamboo-cotton-baby-sleep-sacks-with-feet\/","og_locale":"de_DE","og_type":"article","og_title":"Custom Bamboo Viscose Cotton Baby Sleep Sacks With Feet","og_description":"B2B Baby Clothing | Bamboo Cotton Baby Sleep Sacks With Feet. Competitive Pricing, Quick Ship. Global Delivery for Retailers\/Wholesale.","og_url":"https:\/\/petelulu.com\/de_ch\/product\/bamboo-cotton-baby-sleep-sacks-with-feet\/","og_site_name":"petelulu","article_modified_time":"2025-08-13T03:52:48+00:00","og_image":[{"width":1800,"height":1800,"url":"https:\/\/petelulu.com\/wp-content\/uploads\/2025\/03\/\u4e3b\u56fe_002-15.jpg","type":"image\/jpeg"}],"twitter_card":"summary_large_image","twitter_misc":{"Gesch\u00e4tzte Lesezeit":"1 Minute"},"schema":{"@context":"https:\/\/schema.org","@graph":[{"@type":"WebPage","@id":"https:\/\/petelulu.com\/product\/bamboo-cotton-baby-sleep-sacks-with-feet\/","url":"https:\/\/petelulu.com\/product\/bamboo-cotton-baby-sleep-sacks-with-feet\/","name":"Custom Bamboo Viscose Cotton Baby Sleep Sacks With Feet - petelulu","isPartOf":{"@id":"https:\/\/petelulu.com\/#website"},"primaryImageOfPage":{"@id":"https:\/\/petelulu.com\/product\/bamboo-cotton-baby-sleep-sacks-with-feet\/#primaryimage"},"image":{"@id":"https:\/\/petelulu.com\/product\/bamboo-cotton-baby-sleep-sacks-with-feet\/#primaryimage"},"thumbnailUrl":"https:\/\/petelulu.com\/wp-content\/uploads\/2025\/03\/\u4e3b\u56fe_002-15.jpg","datePublished":"2025-03-20T03:22:52+00:00","dateModified":"2025-08-13T03:52:48+00:00","description":"B2B Baby Clothing | Bamboo Cotton Baby Sleep Sacks With Feet. Competitive Pricing, Quick Ship. Global Delivery for Retailers\/Wholesale.","breadcrumb":{"@id":"https:\/\/petelulu.com\/product\/bamboo-cotton-baby-sleep-sacks-with-feet\/#breadcrumb"},"inLanguage":"de-CH","potentialAction":[{"@type":"ReadAction","target":["https:\/\/petelulu.com\/product\/bamboo-cotton-baby-sleep-sacks-with-feet\/"]}]},{"@type":"ImageObject","inLanguage":"de-CH","@id":"https:\/\/petelulu.com\/product\/bamboo-cotton-baby-sleep-sacks-with-feet\/#primaryimage","url":"https:\/\/petelulu.com\/wp-content\/uploads\/2025\/03\/\u4e3b\u56fe_002-15.jpg","contentUrl":"https:\/\/petelulu.com\/wp-content\/uploads\/2025\/03\/\u4e3b\u56fe_002-15.jpg","width":1800,"height":1800,"caption":"Bamboo Cotton Baby Sleep Sacks With Feet"},{"@type":"BreadcrumbList","@id":"https:\/\/petelulu.com\/product\/bamboo-cotton-baby-sleep-sacks-with-feet\/#breadcrumb","itemListElement":[{"@type":"ListItem","position":1,"name":"\u9996\u9875","item":"https:\/\/petelulu.com\/"},{"@type":"ListItem","position":2,"name":"PRODUCT GALLERY","item":"https:\/\/petelulu.com\/product-gallery\/"},{"@type":"ListItem","position":3,"name":"Custom Bamboo Viscose Cotton Baby Sleep Sacks With Feet"}]},{"@type":"WebSite","@id":"https:\/\/petelulu.com\/#website","url":"https:\/\/petelulu.com\/","name":"PETElulu","description":"","potentialAction":[{"@type":"SearchAction","target":{"@type":"EntryPoint","urlTemplate":"https:\/\/petelulu.com\/?s={search_term_string}"},"query-input":{"@type":"PropertyValueSpecification","valueRequired":true,"valueName":"search_term_string"}}],"inLanguage":"de-CH"}]}},"builder_content":"","_links":{"self":[{"href":"https:\/\/petelulu.com\/de_ch\/wp-json\/wp\/v2\/product\/2046","targetHints":{"allow":["GET"]}}],"collection":[{"href":"https:\/\/petelulu.com\/de_ch\/wp-json\/wp\/v2\/product"}],"about":[{"href":"https:\/\/petelulu.com\/de_ch\/wp-json\/wp\/v2\/types\/product"}],"wp:featuredmedia":[{"embeddable":true,"href":"https:\/\/petelulu.com\/de_ch\/wp-json\/wp\/v2\/media\/2048"}],"wp:attachment":[{"href":"https:\/\/petelulu.com\/de_ch\/wp-json\/wp\/v2\/media?parent=2046"}],"wp:term":[{"taxonomy":"product_brand","embeddable":true,"href":"https:\/\/petelulu.com\/de_ch\/wp-json\/wp\/v2\/product_brand?post=2046"},{"taxonomy":"product_cat","embeddable":true,"href":"https:\/\/petelulu.com\/de_ch\/wp-json\/wp\/v2\/product_cat?post=2046"},{"taxonomy":"product_tag","embeddable":true,"href":"https:\/\/petelulu.com\/de_ch\/wp-json\/wp\/v2\/product_tag?post=2046"}],"curies":[{"name":"wp","href":"https:\/\/api.w.org\/{rel}","templated":true}]}}