{"id":2032,"date":"2025-03-20T02:59:50","date_gmt":"2025-03-20T02:59:50","guid":{"rendered":"https:\/\/petelulu.com\/?post_type=product&#038;p=2032"},"modified":"2025-08-12T23:10:00","modified_gmt":"2025-08-13T03:10:00","slug":"individuelles-logo-der-familie-passend-zum-crewneck-sweatshirt","status":"publish","type":"product","link":"https:\/\/petelulu.com\/de_ch\/product\/individuelles-logo-der-familie-passend-zum-crewneck-sweatshirt\/","title":{"rendered":"Individueller Logo-Familien-Pullover mit Rundhalsausschnitt"},"content":{"rendered":"<div id=\"sellingpoint\" class=\"header\">\n<h2>\u00dcber dieses Produkt<\/h2>\n<\/div>\n<ul class=\"\">\n<li>Anpassbar f\u00fcr die ganze Familie: Mit diesem Produkt k\u00f6nnen Sie ein passendes Familienset mit anpassbaren Farben, Gr\u00f6\u00dfen und Designs zusammenstellen, das sich perfekt f\u00fcr jedes Familientreffen oder jeden besonderen Anlass eignet, wie es von Eltern gew\u00fcnscht wird, die ihre Outfits aufeinander abstimmen m\u00f6chten.<\/li>\n<li>Hergestellt aus hochwertigen Materialien: Unsere Sweatshirts werden aus 100%-Baumwolle hergestellt, die atmungsaktiv, schnell trocknend und antipilling ist und Kindern wie Erwachsenen Komfort bietet.<\/li>\n<li>Nachhaltig und umweltfreundlich: Bei der Entwicklung dieses Produkts wurde auf Nachhaltigkeit geachtet, und es werden umweltfreundliche Materialien und Produktionsmethoden verwendet, was Kunden anspricht, die Wert auf Umweltfreundlichkeit legen.<\/li>\n<li>Strapazierf\u00e4hig und langlebig: Mit Eigenschaften wie Anti-Knitter und Anti-Pilling k\u00f6nnen unsere Sweatshirts wiederholtem Waschen und Tragen standhalten, was sie zu einer gro\u00dfartigen Investition f\u00fcr Familien macht, die Qualit\u00e4t sch\u00e4tzen.<\/li>\n<li data-spm-anchor-id=\"a2700.details.0.i84.65962190pVm7Xj\">Schnelle Durchlaufzeit: Wir bieten eine 7-t\u00e4gige Vorlaufzeit f\u00fcr Musterbestellungen, um sicherzustellen, dass die Kunden ihre individuellen Bestellungen umgehend erhalten, wenn ein Kunde eine schnelle Durchlaufzeit ben\u00f6tigt.<\/li>\n<\/ul>","protected":false},"excerpt":{"rendered":"<p>St\u00fcckpreis: US $6.5-10.5\/St\u00fcck<br \/>\nMin.Bestellmenge: 300 St\u00fcck\/ Gr\u00f6\u00dfe<br \/>\nMaterial: 100% Baumwolle<br \/>\nAge: 0-3M\/3-6M\/6-9M\/9-12M\/12-18M\/18-24M\/2T-3T-4T<br \/>\nVerwendbare Materialien: Bambus\/Biobaumwolle\/Reine Baumwolle\/French Terry\/Bambusmusselin<br \/>\nLieferf\u00e4higkeit: 10.000 St\u00fcck\/St\u00fcck pro Monat<br \/>\nHafen: Guangzhou, China<br \/>\nZahlungsbedingungen: T\/T<br \/>\nProbe\uff1aAngepasste Probe akzeptieren<br \/>\nLogo: Individuelles Logo<br \/>\nLieferung: 25-35 Arbeitstage<br \/>\nOEM &amp; ODM<\/p>\n<p><a href=\"https:\/\/petelulu.com\/de_ch\/#category\">Mehr sehen<\/a><\/p>\n<style id=\"wpforms-css-vars-2878\">\n\t\t\t\t#wpforms-2878 {\n\t\t\t\t\n\t\t\t}\n\t\t\t<\/style><div class=\"wpforms-container wpforms-container-full wpforms-render-modern\" id=\"wpforms-2878\"><form id=\"wpforms-form-2878\" class=\"wpforms-validate wpforms-form wpforms-ajax-form\" data-formid=\"2878\" method=\"post\" enctype=\"multipart\/form-data\" action=\"\/de_ch\/wp-json\/wp\/v2\/product\/2032\" data-token=\"a751e7cfcf93a1d5e0a8dc2a1a9f2f33\" data-token-time=\"1778149480\" data-trp-original-action=\"\/de_ch\/wp-json\/wp\/v2\/product\/2032\"><noscript class=\"wpforms-error-noscript\">Bitte aktivieren Sie JavaScript in Ihrem Browser, um dieses Formular fertigzustellen.<\/noscript><div id=\"wpforms-error-noscript\" style=\"display: none;\">Bitte aktivieren Sie JavaScript in Ihrem Browser, um dieses Formular fertigzustellen.<\/div><div class=\"wpforms-field-container\"><div id=\"wpforms-2878-field_2-container\" class=\"wpforms-field wpforms-field-name\" data-field-id=\"2\"><label class=\"wpforms-field-label\" for=\"wpforms-2878-field_2\">Name <span class=\"wpforms-required-label\" aria-hidden=\"true\">*<\/span><\/label><input type=\"text\" id=\"wpforms-2878-field_2\" class=\"wpforms-field-medium wpforms-field-required\" name=\"wpforms[fields][2]\" aria-errormessage=\"wpforms-2878-field_2-error\" required><\/div><div id=\"wpforms-2878-field_5-container\" class=\"wpforms-field wpforms-field-email\" data-field-id=\"5\"><label class=\"wpforms-field-label\" for=\"wpforms-2878-field_5\">E-Mail <span class=\"wpforms-required-label\" aria-hidden=\"true\">*<\/span><\/label><input type=\"email\" id=\"wpforms-2878-field_5\" class=\"wpforms-field-medium wpforms-field-required\" name=\"wpforms[fields][5]\" spellcheck=\"false\" aria-errormessage=\"wpforms-2878-field_5-error\" required><\/div>\t\t<div id=\"wpforms-2878-field_1-container\"\n\t\t\tclass=\"wpforms-field wpforms-field-text\"\n\t\t\tdata-field-type=\"text\"\n\t\t\tdata-field-id=\"1\"\n\t\t\t>\n\t\t\t<label class=\"wpforms-field-label\" for=\"wpforms-2878-field_1\" >Anfrage Name E-Mail<\/label>\n\t\t\t<input type=\"text\" id=\"wpforms-2878-field_1\" class=\"wpforms-field-medium\" name=\"wpforms[fields][1]\" >\n\t\t<\/div>\n\t\t<div id=\"wpforms-2878-field_3-container\" class=\"wpforms-field wpforms-field-textarea\" data-field-id=\"3\"><label class=\"wpforms-field-label\" for=\"wpforms-2878-field_3\">Anfrage <span class=\"wpforms-required-label\" aria-hidden=\"true\">*<\/span><\/label><textarea id=\"wpforms-2878-field_3\" class=\"wpforms-field-medium wpforms-field-required\" name=\"wpforms[fields][3]\" aria-errormessage=\"wpforms-2878-field_3-error\" aria-describedby=\"wpforms-2878-field_3-description\" required><\/textarea><div id=\"wpforms-2878-field_3-description\" class=\"wpforms-field-description\">Bitte nennen Sie uns Ihre Anforderungen und Ihre WhatsApp-Nummer, und unser Vertriebsmitarbeiter wird sich mit Ihnen in Verbindung setzen.<\/div><\/div><script>\n\t\t\t\t( function() {\n\t\t\t\t\tconst style = document.createElement( 'style' );\n\t\t\t\t\tstyle.appendChild( document.createTextNode( '#wpforms-2878-field_1-container { position: absolute !important; overflow: hidden !important; display: inline !important; height: 1px !important; width: 1px !important; z-index: -1000 !important; padding: 0 !important; } #wpforms-2878-field_1-container input { visibility: hidden; } #wpforms-conversational-form-page #wpforms-2878-field_1-container label { counter-increment: none; }' ) );\n\t\t\t\t\tdocument.head.appendChild( style );\n\t\t\t\t\tdocument.currentScript?.remove();\n\t\t\t\t} )();\n\t\t\t<\/script><\/div><!-- .wpforms-field-container --><div class=\"wpforms-submit-container\" ><input type=\"hidden\" name=\"wpforms[id]\" value=\"2878\"><input type=\"hidden\" name=\"page_title\" value=\"\"><input type=\"hidden\" name=\"page_url\" value=\"https:\/\/petelulu.com\/de_ch\/wp-json\/wp\/v2\/product\/2032\"><input type=\"hidden\" name=\"url_referer\" value=\"\"><button type=\"submit\" name=\"wpforms[submit]\" id=\"wpforms-submit-2878\" class=\"wpforms-submit\" data-alt-text=\"Sending...\" data-submit-text=\"Submit\" aria-live=\"assertive\" value=\"wpforms-submit\">Einreichen<\/button><img loading=\"lazy\" decoding=\"async\" src=\"https:\/\/petelulu.com\/wp-content\/plugins\/wpforms-lite\/assets\/images\/submit-spin.svg\" class=\"wpforms-submit-spinner\" style=\"display: none;\" width=\"26\" height=\"26\" alt=\"Wird geladen\"><\/div><input type=\"hidden\" name=\"trp-form-language\" value=\"de_ch\"\/><\/form><\/div>  <!-- .wpforms-container -->\n<p>&nbsp;<\/p>","protected":false},"featured_media":2036,"template":"","meta":[],"product_brand":[],"product_cat":[76,78],"product_tag":[82,81],"class_list":{"0":"post-2032","1":"product","2":"type-product","3":"status-publish","4":"has-post-thumbnail","6":"product_cat-sweatshirt","7":"product_cat-family-matching-clothes","8":"product_tag-kid","9":"product_tag-toddler","10":"has-post-title","11":"has-post-date","12":"has-post-category","13":"has-post-tag","14":"has-post-comment","15":"has-post-author","16":"","18":"first","19":"instock","20":"shipping-taxable","21":"product-type-simple"},"yoast_head":"<!-- This site is optimized with the Yoast SEO Premium plugin v24.5 (Yoast SEO v25.6) - https:\/\/yoast.com\/wordpress\/plugins\/seo\/ -->\n<title>Custom Logo Family Matching Crewneck Jumper - petelulu<\/title>\n<meta name=\"description\" content=\"B2B Baby Clothing | Custom Logo Family Matching Crewneck Sweatshirt. Competitive Pricing, Quick Ship. Global Delivery for Retailers\/Wholesale.\" \/>\n<meta name=\"robots\" content=\"index, follow, max-snippet:-1, max-image-preview:large, max-video-preview:-1\" \/>\n<link rel=\"canonical\" href=\"https:\/\/petelulu.com\/de_ch\/product\/individuelles-logo-der-familie-passend-zum-crewneck-sweatshirt\/\" \/>\n<meta property=\"og:locale\" content=\"de_DE\" \/>\n<meta property=\"og:type\" content=\"article\" \/>\n<meta property=\"og:title\" content=\"Custom Logo Family Matching Crewneck Jumper\" \/>\n<meta property=\"og:description\" content=\"B2B Baby Clothing | Custom Logo Family Matching Crewneck Sweatshirt. Competitive Pricing, Quick Ship. Global Delivery for Retailers\/Wholesale.\" \/>\n<meta property=\"og:url\" content=\"https:\/\/petelulu.com\/de_ch\/product\/individuelles-logo-der-familie-passend-zum-crewneck-sweatshirt\/\" \/>\n<meta property=\"og:site_name\" content=\"petelulu\" \/>\n<meta property=\"article:modified_time\" content=\"2025-08-13T03:10:00+00:00\" \/>\n<meta property=\"og:image\" content=\"https:\/\/petelulu.com\/wp-content\/uploads\/2025\/03\/\u4e3b\u56fe_002-14.jpg\" \/>\n\t<meta property=\"og:image:width\" content=\"1200\" \/>\n\t<meta property=\"og:image:height\" content=\"1200\" \/>\n\t<meta property=\"og:image:type\" content=\"image\/jpeg\" \/>\n<meta name=\"twitter:card\" content=\"summary_large_image\" \/>\n<meta name=\"twitter:label1\" content=\"Gesch\u00e4tzte Lesezeit\" \/>\n\t<meta name=\"twitter:data1\" content=\"1 Minute\" \/>\n<script type=\"application\/ld+json\" class=\"yoast-schema-graph\">{\"@context\":\"https:\/\/schema.org\",\"@graph\":[{\"@type\":\"WebPage\",\"@id\":\"https:\/\/petelulu.com\/product\/custom-logo-family-matching-crewneck-sweatshirt\/\",\"url\":\"https:\/\/petelulu.com\/product\/custom-logo-family-matching-crewneck-sweatshirt\/\",\"name\":\"Custom Logo Family Matching Crewneck Jumper - petelulu\",\"isPartOf\":{\"@id\":\"https:\/\/petelulu.com\/#website\"},\"primaryImageOfPage\":{\"@id\":\"https:\/\/petelulu.com\/product\/custom-logo-family-matching-crewneck-sweatshirt\/#primaryimage\"},\"image\":{\"@id\":\"https:\/\/petelulu.com\/product\/custom-logo-family-matching-crewneck-sweatshirt\/#primaryimage\"},\"thumbnailUrl\":\"https:\/\/petelulu.com\/wp-content\/uploads\/2025\/03\/\u4e3b\u56fe_002-14.jpg\",\"datePublished\":\"2025-03-20T02:59:50+00:00\",\"dateModified\":\"2025-08-13T03:10:00+00:00\",\"description\":\"B2B Baby Clothing | Custom Logo Family Matching Crewneck Sweatshirt. Competitive Pricing, Quick Ship. Global Delivery for Retailers\/Wholesale.\",\"breadcrumb\":{\"@id\":\"https:\/\/petelulu.com\/product\/custom-logo-family-matching-crewneck-sweatshirt\/#breadcrumb\"},\"inLanguage\":\"de-CH\",\"potentialAction\":[{\"@type\":\"ReadAction\",\"target\":[\"https:\/\/petelulu.com\/product\/custom-logo-family-matching-crewneck-sweatshirt\/\"]}]},{\"@type\":\"ImageObject\",\"inLanguage\":\"de-CH\",\"@id\":\"https:\/\/petelulu.com\/product\/custom-logo-family-matching-crewneck-sweatshirt\/#primaryimage\",\"url\":\"https:\/\/petelulu.com\/wp-content\/uploads\/2025\/03\/\u4e3b\u56fe_002-14.jpg\",\"contentUrl\":\"https:\/\/petelulu.com\/wp-content\/uploads\/2025\/03\/\u4e3b\u56fe_002-14.jpg\",\"width\":1200,\"height\":1200,\"caption\":\"Custom Logo Family Matching Crewneck Sweatshirt\"},{\"@type\":\"BreadcrumbList\",\"@id\":\"https:\/\/petelulu.com\/product\/custom-logo-family-matching-crewneck-sweatshirt\/#breadcrumb\",\"itemListElement\":[{\"@type\":\"ListItem\",\"position\":1,\"name\":\"\u9996\u9875\",\"item\":\"https:\/\/petelulu.com\/\"},{\"@type\":\"ListItem\",\"position\":2,\"name\":\"PRODUCT GALLERY\",\"item\":\"https:\/\/petelulu.com\/product-gallery\/\"},{\"@type\":\"ListItem\",\"position\":3,\"name\":\"Custom Logo Family Matching Crewneck Jumper\"}]},{\"@type\":\"WebSite\",\"@id\":\"https:\/\/petelulu.com\/#website\",\"url\":\"https:\/\/petelulu.com\/\",\"name\":\"PETElulu\",\"description\":\"\",\"potentialAction\":[{\"@type\":\"SearchAction\",\"target\":{\"@type\":\"EntryPoint\",\"urlTemplate\":\"https:\/\/petelulu.com\/?s={search_term_string}\"},\"query-input\":{\"@type\":\"PropertyValueSpecification\",\"valueRequired\":true,\"valueName\":\"search_term_string\"}}],\"inLanguage\":\"de-CH\"}]}<\/script>\n<!-- \/ Yoast SEO Premium plugin. -->","yoast_head_json":{"title":"Individuelles Logo Familie Matching Crewneck Pullover - petelulu","description":"B2B-Babykleidung | Custom Logo Family Matching Crewneck Sweatshirt. Konkurrenzf\u00e4hige Preise, schneller Versand. Globale Lieferung f\u00fcr Einzelh\u00e4ndler\/Gro\u00dfhandel.","robots":{"index":"index","follow":"follow","max-snippet":"max-snippet:-1","max-image-preview":"max-image-preview:large","max-video-preview":"max-video-preview:-1"},"canonical":"https:\/\/petelulu.com\/de_ch\/product\/individuelles-logo-der-familie-passend-zum-crewneck-sweatshirt\/","og_locale":"de_DE","og_type":"article","og_title":"Custom Logo Family Matching Crewneck Jumper","og_description":"B2B Baby Clothing | Custom Logo Family Matching Crewneck Sweatshirt. Competitive Pricing, Quick Ship. Global Delivery for Retailers\/Wholesale.","og_url":"https:\/\/petelulu.com\/de_ch\/product\/individuelles-logo-der-familie-passend-zum-crewneck-sweatshirt\/","og_site_name":"petelulu","article_modified_time":"2025-08-13T03:10:00+00:00","og_image":[{"width":1200,"height":1200,"url":"https:\/\/petelulu.com\/wp-content\/uploads\/2025\/03\/\u4e3b\u56fe_002-14.jpg","type":"image\/jpeg"}],"twitter_card":"summary_large_image","twitter_misc":{"Gesch\u00e4tzte Lesezeit":"1 Minute"},"schema":{"@context":"https:\/\/schema.org","@graph":[{"@type":"WebPage","@id":"https:\/\/petelulu.com\/product\/custom-logo-family-matching-crewneck-sweatshirt\/","url":"https:\/\/petelulu.com\/product\/custom-logo-family-matching-crewneck-sweatshirt\/","name":"Individuelles Logo Familie Matching Crewneck Pullover - petelulu","isPartOf":{"@id":"https:\/\/petelulu.com\/#website"},"primaryImageOfPage":{"@id":"https:\/\/petelulu.com\/product\/custom-logo-family-matching-crewneck-sweatshirt\/#primaryimage"},"image":{"@id":"https:\/\/petelulu.com\/product\/custom-logo-family-matching-crewneck-sweatshirt\/#primaryimage"},"thumbnailUrl":"https:\/\/petelulu.com\/wp-content\/uploads\/2025\/03\/\u4e3b\u56fe_002-14.jpg","datePublished":"2025-03-20T02:59:50+00:00","dateModified":"2025-08-13T03:10:00+00:00","description":"B2B-Babykleidung | Custom Logo Family Matching Crewneck Sweatshirt. Konkurrenzf\u00e4hige Preise, schneller Versand. Globale Lieferung f\u00fcr Einzelh\u00e4ndler\/Gro\u00dfhandel.","breadcrumb":{"@id":"https:\/\/petelulu.com\/product\/custom-logo-family-matching-crewneck-sweatshirt\/#breadcrumb"},"inLanguage":"de-CH","potentialAction":[{"@type":"ReadAction","target":["https:\/\/petelulu.com\/product\/custom-logo-family-matching-crewneck-sweatshirt\/"]}]},{"@type":"ImageObject","inLanguage":"de-CH","@id":"https:\/\/petelulu.com\/product\/custom-logo-family-matching-crewneck-sweatshirt\/#primaryimage","url":"https:\/\/petelulu.com\/wp-content\/uploads\/2025\/03\/\u4e3b\u56fe_002-14.jpg","contentUrl":"https:\/\/petelulu.com\/wp-content\/uploads\/2025\/03\/\u4e3b\u56fe_002-14.jpg","width":1200,"height":1200,"caption":"Custom Logo Family Matching Crewneck Sweatshirt"},{"@type":"BreadcrumbList","@id":"https:\/\/petelulu.com\/product\/custom-logo-family-matching-crewneck-sweatshirt\/#breadcrumb","itemListElement":[{"@type":"ListItem","position":1,"name":"\u9996\u9875","item":"https:\/\/petelulu.com\/"},{"@type":"ListItem","position":2,"name":"PRODUCT GALLERY","item":"https:\/\/petelulu.com\/product-gallery\/"},{"@type":"ListItem","position":3,"name":"Custom Logo Family Matching Crewneck Jumper"}]},{"@type":"WebSite","@id":"https:\/\/petelulu.com\/#website","url":"https:\/\/petelulu.com\/","name":"PETElulu","description":"","potentialAction":[{"@type":"SearchAction","target":{"@type":"EntryPoint","urlTemplate":"https:\/\/petelulu.com\/?s={search_term_string}"},"query-input":{"@type":"PropertyValueSpecification","valueRequired":true,"valueName":"search_term_string"}}],"inLanguage":"de-CH"}]}},"builder_content":"","_links":{"self":[{"href":"https:\/\/petelulu.com\/de_ch\/wp-json\/wp\/v2\/product\/2032","targetHints":{"allow":["GET"]}}],"collection":[{"href":"https:\/\/petelulu.com\/de_ch\/wp-json\/wp\/v2\/product"}],"about":[{"href":"https:\/\/petelulu.com\/de_ch\/wp-json\/wp\/v2\/types\/product"}],"wp:featuredmedia":[{"embeddable":true,"href":"https:\/\/petelulu.com\/de_ch\/wp-json\/wp\/v2\/media\/2036"}],"wp:attachment":[{"href":"https:\/\/petelulu.com\/de_ch\/wp-json\/wp\/v2\/media?parent=2032"}],"wp:term":[{"taxonomy":"product_brand","embeddable":true,"href":"https:\/\/petelulu.com\/de_ch\/wp-json\/wp\/v2\/product_brand?post=2032"},{"taxonomy":"product_cat","embeddable":true,"href":"https:\/\/petelulu.com\/de_ch\/wp-json\/wp\/v2\/product_cat?post=2032"},{"taxonomy":"product_tag","embeddable":true,"href":"https:\/\/petelulu.com\/de_ch\/wp-json\/wp\/v2\/product_tag?post=2032"}],"curies":[{"name":"wp","href":"https:\/\/api.w.org\/{rel}","templated":true}]}}