{"id":1716,"date":"2025-06-16T05:48:00","date_gmt":"2025-06-16T09:48:00","guid":{"rendered":"https:\/\/petelulu.com\/?post_type=product&#038;p=1716"},"modified":"2025-08-12T23:02:08","modified_gmt":"2025-08-13T03:02:08","slug":"set-aus-sweatshirt-und-jogginghose-fur-babys","status":"publish","type":"product","link":"https:\/\/petelulu.com\/de_ch\/product\/set-aus-sweatshirt-und-jogginghose-fur-babys\/","title":{"rendered":"Individuelles Baby-Pullover- und Jogger-Set"},"content":{"rendered":"<div id=\"sellingpoint\" class=\"header\">\n<h2>\u00dcber dieses Produkt<\/h2>\n<\/div>\n<ul class=\"\">\n<li data-spm-anchor-id=\"a2700.details.0.i78.69ba659eFmBWyO\">Langlebiges und bequemes Design: Unser PETELULU Custom Logo Toddler Baby Boy Tracksuit Sweatshirt Jogger Clothing Set ist aus 100% Baumwolle gefertigt und garantiert einen weichen und gem\u00fctlichen Sitz f\u00fcr Ihr Kind. Die schrumpffreien, knitterfreien, antibakteriellen, antistatischen und winddichten Eigenschaften garantieren lang anhaltenden Komfort und Schutz.<\/li>\n<li>Anpassbar und anpassbar: Mit diesem 2-teiligen Set k\u00f6nnen Sie Ihrem Kind einen individuellen Look verpassen, denn es ist sowohl f\u00fcr besondere Anl\u00e4sse als auch f\u00fcr das t\u00e4gliche Tragen geeignet. Der Verschluss mit offener Naht und das einfarbige Muster sorgen f\u00fcr eine bequeme und stilvolle Passform.<\/li>\n<li>Ideal f\u00fcr verschiedene Anl\u00e4sse: Dieses Baby-Sweatshirt-Set eignet sich sowohl f\u00fcr Freizeit- als auch f\u00fcr Outdoor-Aktivit\u00e4ten und ist perfekt f\u00fcr den Alltag, f\u00fcr Reisen oder als Geschenk f\u00fcr frischgebackene Eltern. Das lang\u00e4rmelige Design bietet W\u00e4rme und Schutz in den Wintermonaten.<\/li>\n<li>Schneller und effizienter Service: Wir bieten eine 7-t\u00e4gige Vorlaufzeit f\u00fcr Musterbestellungen, um sicherzustellen, dass Sie Ihr ma\u00dfgeschneidertes Baby-Sweatshirt-Set umgehend erhalten k\u00f6nnen. Unser ODM- und OEM-Service erf\u00fcllt Ihre spezifischen Anforderungen.<\/li>\n<li data-spm-anchor-id=\"a2700.details.0.i79.69ba659eFmBWyO\">Hochwertige Materialien und Konstruktion: Hergestellt aus einer Kombination von Baumwolle und Bambusfasern ist unser Baby-Sweatshirt-Set nicht nur weich, sondern auch umweltfreundlich. Die Kammgarnqualit\u00e4t sorgt f\u00fcr eine hochwertige Verarbeitung und macht es zu einer lohnenden Investition f\u00fcr den Komfort und das Wohlbefinden Ihres Kindes.<\/li>\n<\/ul>","protected":false},"excerpt":{"rendered":"<p>St\u00fcckpreis: US $5.90-7.99 \/ St\u00fcck<br \/>\nMin.Bestellmenge: 300 St\u00fcck\/ Gr\u00f6\u00dfe<br \/>\nMaterial: Baumwolle \/ Bambusfaser<br \/>\nAge: 0-3M\/3-6M\/6-9M\/9-12M\/12-18M\/18-24M\/2T-3T-4T<br \/>\nVerwendbare Materialien: Bambus\/Biobaumwolle\/Reine Baumwolle\/French Terry\/Bambusmusselin<br \/>\nLieferf\u00e4higkeit: 10.000 St\u00fcck\/St\u00fcck pro Monat<br \/>\nHafen: Guangzhou, China<br \/>\nZahlungsbedingungen: T\/T<br \/>\nProbe\uff1aAngepasste Probe akzeptieren<br \/>\nLogo: Individuelles Logo<br \/>\nLieferung: 25-35 Arbeitstage<br \/>\nOEM &amp; ODM<\/p>\n<p><a href=\"https:\/\/petelulu.com\/de_ch\/#category\">Mehr sehen<\/a><\/p>\n<div class=\"wpforms-container wpforms-container-full wpforms-render-modern\" id=\"wpforms-2878\"><form id=\"wpforms-form-2878\" class=\"wpforms-validate wpforms-form wpforms-ajax-form\" data-formid=\"2878\" method=\"post\" enctype=\"multipart\/form-data\" action=\"\/de_ch\/wp-json\/wp\/v2\/product\/1716\" data-token=\"e1a57099e00604c239ff9b2b39f1b9e0\" data-token-time=\"1776207012\" data-trp-original-action=\"\/de_ch\/wp-json\/wp\/v2\/product\/1716\"><noscript class=\"wpforms-error-noscript\">Bitte aktivieren Sie JavaScript in Ihrem Browser, um dieses Formular fertigzustellen.<\/noscript><div class=\"wpforms-hidden\" id=\"wpforms-error-noscript\">Bitte aktivieren Sie JavaScript in Ihrem Browser, um dieses Formular fertigzustellen.<\/div><div class=\"wpforms-field-container\"><div id=\"wpforms-2878-field_2-container\" class=\"wpforms-field wpforms-field-name\" data-field-id=\"2\"><label class=\"wpforms-field-label\" for=\"wpforms-2878-field_2\">Name <span class=\"wpforms-required-label\" aria-hidden=\"true\">*<\/span><\/label><input type=\"text\" id=\"wpforms-2878-field_2\" class=\"wpforms-field-medium wpforms-field-required\" name=\"wpforms[fields][2]\" aria-errormessage=\"wpforms-2878-field_2-error\" required><\/div><div id=\"wpforms-2878-field_5-container\" class=\"wpforms-field wpforms-field-email\" data-field-id=\"5\"><label class=\"wpforms-field-label\" for=\"wpforms-2878-field_5\">E-Mail <span class=\"wpforms-required-label\" aria-hidden=\"true\">*<\/span><\/label><input type=\"email\" id=\"wpforms-2878-field_5\" class=\"wpforms-field-medium wpforms-field-required\" name=\"wpforms[fields][5]\" spellcheck=\"false\" aria-errormessage=\"wpforms-2878-field_5-error\" required><\/div><div id=\"wpforms-2878-field_3-container\" class=\"wpforms-field wpforms-field-textarea\" data-field-id=\"3\"><label class=\"wpforms-field-label\" for=\"wpforms-2878-field_3\">Anfrage <span class=\"wpforms-required-label\" aria-hidden=\"true\">*<\/span><\/label><textarea id=\"wpforms-2878-field_3\" class=\"wpforms-field-medium wpforms-field-required\" name=\"wpforms[fields][3]\" aria-errormessage=\"wpforms-2878-field_3-error\" aria-describedby=\"wpforms-2878-field_3-description\" required><\/textarea><div id=\"wpforms-2878-field_3-description\" class=\"wpforms-field-description\">Bitte nennen Sie uns Ihre Anforderungen und Ihre WhatsApp-Nummer, und unser Vertriebsmitarbeiter wird sich mit Ihnen in Verbindung setzen.<\/div><\/div><\/div><!-- .wpforms-field-container --><div class=\"wpforms-submit-container\" ><input type=\"hidden\" name=\"wpforms[id]\" value=\"2878\"><input type=\"hidden\" name=\"page_title\" value=\"\"><input type=\"hidden\" name=\"page_url\" value=\"https:\/\/petelulu.com\/de_ch\/wp-json\/wp\/v2\/product\/1716\"><input type=\"hidden\" name=\"url_referer\" value=\"\"><button type=\"submit\" name=\"wpforms[submit]\" id=\"wpforms-submit-2878\" class=\"wpforms-submit\" data-alt-text=\"Sending...\" data-submit-text=\"Submit\" aria-live=\"assertive\" value=\"wpforms-submit\">Einreichen<\/button><img loading=\"lazy\" decoding=\"async\" src=\"https:\/\/petelulu.com\/wp-content\/plugins\/wpforms-lite\/assets\/images\/submit-spin.svg\" class=\"wpforms-submit-spinner\" style=\"display: none;\" width=\"26\" height=\"26\" alt=\"Wird geladen\"><\/div><input type=\"hidden\" name=\"trp-form-language\" value=\"de_ch\"\/><\/form><\/div>  <!-- .wpforms-container -->\n<p>&nbsp;<\/p>","protected":false},"featured_media":1717,"template":"","meta":[],"product_brand":[],"product_cat":[46,76],"product_tag":[80,82,81],"class_list":{"0":"post-1716","1":"product","2":"type-product","3":"status-publish","4":"has-post-thumbnail","6":"product_cat-clothing-sets","7":"product_cat-sweatshirt","8":"product_tag-baby","9":"product_tag-kid","10":"product_tag-toddler","11":"has-post-title","12":"has-post-date","13":"has-post-category","14":"has-post-tag","15":"has-post-comment","16":"has-post-author","17":"","19":"first","20":"instock","21":"shipping-taxable","22":"product-type-simple"},"yoast_head":"<!-- This site is optimized with the Yoast SEO Premium plugin v24.5 (Yoast SEO v25.6) - https:\/\/yoast.com\/wordpress\/plugins\/seo\/ -->\n<title>Custom Baby Jumper and Joggers Set - petelulu<\/title>\n<meta name=\"description\" content=\"B2B Baby Clothing | Baby Sweatshirt and Joggers Set. Competitive Pricing, Quick Ship. Global Delivery for Retailers\/Wholesale.\" \/>\n<meta name=\"robots\" content=\"index, follow, max-snippet:-1, max-image-preview:large, max-video-preview:-1\" \/>\n<link rel=\"canonical\" href=\"https:\/\/petelulu.com\/de_ch\/product\/set-aus-sweatshirt-und-jogginghose-fur-babys\/\" \/>\n<meta property=\"og:locale\" content=\"de_DE\" \/>\n<meta property=\"og:type\" content=\"article\" \/>\n<meta property=\"og:title\" content=\"Custom Baby Jumper and Joggers Set\" \/>\n<meta property=\"og:description\" content=\"B2B Baby Clothing | Baby Sweatshirt and Joggers Set. Competitive Pricing, Quick Ship. Global Delivery for Retailers\/Wholesale.\" \/>\n<meta property=\"og:url\" content=\"https:\/\/petelulu.com\/de_ch\/product\/set-aus-sweatshirt-und-jogginghose-fur-babys\/\" \/>\n<meta property=\"og:site_name\" content=\"petelulu\" \/>\n<meta property=\"article:modified_time\" content=\"2025-08-13T03:02:08+00:00\" \/>\n<meta property=\"og:image\" content=\"https:\/\/petelulu.com\/wp-content\/uploads\/2025\/03\/X202432805\u4e3b\u56fe1.jpg\" \/>\n\t<meta property=\"og:image:width\" content=\"1200\" \/>\n\t<meta property=\"og:image:height\" content=\"1200\" \/>\n\t<meta property=\"og:image:type\" content=\"image\/jpeg\" \/>\n<meta name=\"twitter:card\" content=\"summary_large_image\" \/>\n<meta name=\"twitter:label1\" content=\"Gesch\u00e4tzte Lesezeit\" \/>\n\t<meta name=\"twitter:data1\" content=\"2 Minuten\" \/>\n<script type=\"application\/ld+json\" class=\"yoast-schema-graph\">{\"@context\":\"https:\/\/schema.org\",\"@graph\":[{\"@type\":\"WebPage\",\"@id\":\"https:\/\/petelulu.com\/product\/baby-sweatshirt-and-joggers-set\/\",\"url\":\"https:\/\/petelulu.com\/product\/baby-sweatshirt-and-joggers-set\/\",\"name\":\"Custom Baby Jumper and Joggers Set - petelulu\",\"isPartOf\":{\"@id\":\"https:\/\/petelulu.com\/#website\"},\"primaryImageOfPage\":{\"@id\":\"https:\/\/petelulu.com\/product\/baby-sweatshirt-and-joggers-set\/#primaryimage\"},\"image\":{\"@id\":\"https:\/\/petelulu.com\/product\/baby-sweatshirt-and-joggers-set\/#primaryimage\"},\"thumbnailUrl\":\"https:\/\/petelulu.com\/wp-content\/uploads\/2025\/03\/X202432805\u4e3b\u56fe1.jpg\",\"datePublished\":\"2025-06-16T09:48:00+00:00\",\"dateModified\":\"2025-08-13T03:02:08+00:00\",\"description\":\"B2B Baby Clothing | Baby Sweatshirt and Joggers Set. Competitive Pricing, Quick Ship. Global Delivery for Retailers\/Wholesale.\",\"breadcrumb\":{\"@id\":\"https:\/\/petelulu.com\/product\/baby-sweatshirt-and-joggers-set\/#breadcrumb\"},\"inLanguage\":\"de-CH\",\"potentialAction\":[{\"@type\":\"ReadAction\",\"target\":[\"https:\/\/petelulu.com\/product\/baby-sweatshirt-and-joggers-set\/\"]}]},{\"@type\":\"ImageObject\",\"inLanguage\":\"de-CH\",\"@id\":\"https:\/\/petelulu.com\/product\/baby-sweatshirt-and-joggers-set\/#primaryimage\",\"url\":\"https:\/\/petelulu.com\/wp-content\/uploads\/2025\/03\/X202432805\u4e3b\u56fe1.jpg\",\"contentUrl\":\"https:\/\/petelulu.com\/wp-content\/uploads\/2025\/03\/X202432805\u4e3b\u56fe1.jpg\",\"width\":1200,\"height\":1200,\"caption\":\"Baby Sweatshirt and Joggers Set\"},{\"@type\":\"BreadcrumbList\",\"@id\":\"https:\/\/petelulu.com\/product\/baby-sweatshirt-and-joggers-set\/#breadcrumb\",\"itemListElement\":[{\"@type\":\"ListItem\",\"position\":1,\"name\":\"\u9996\u9875\",\"item\":\"https:\/\/petelulu.com\/\"},{\"@type\":\"ListItem\",\"position\":2,\"name\":\"PRODUCT GALLERY\",\"item\":\"https:\/\/petelulu.com\/product-gallery\/\"},{\"@type\":\"ListItem\",\"position\":3,\"name\":\"Custom Baby Jumper and Joggers Set\"}]},{\"@type\":\"WebSite\",\"@id\":\"https:\/\/petelulu.com\/#website\",\"url\":\"https:\/\/petelulu.com\/\",\"name\":\"PETElulu\",\"description\":\"\",\"potentialAction\":[{\"@type\":\"SearchAction\",\"target\":{\"@type\":\"EntryPoint\",\"urlTemplate\":\"https:\/\/petelulu.com\/?s={search_term_string}\"},\"query-input\":{\"@type\":\"PropertyValueSpecification\",\"valueRequired\":true,\"valueName\":\"search_term_string\"}}],\"inLanguage\":\"de-CH\"}]}<\/script>\n<!-- \/ Yoast SEO Premium plugin. -->","yoast_head_json":{"title":"Individuelles Set aus Baby-Pullover und Jogginghose - petelulu","description":"B2B-Babykleidung | Baby-Sweatshirt und Jogger-Set. Konkurrenzf\u00e4hige Preise, schneller Versand. Globale Lieferung f\u00fcr Einzelh\u00e4ndler\/Gro\u00dfhandel.","robots":{"index":"index","follow":"follow","max-snippet":"max-snippet:-1","max-image-preview":"max-image-preview:large","max-video-preview":"max-video-preview:-1"},"canonical":"https:\/\/petelulu.com\/de_ch\/product\/set-aus-sweatshirt-und-jogginghose-fur-babys\/","og_locale":"de_DE","og_type":"article","og_title":"Custom Baby Jumper and Joggers Set","og_description":"B2B Baby Clothing | Baby Sweatshirt and Joggers Set. Competitive Pricing, Quick Ship. Global Delivery for Retailers\/Wholesale.","og_url":"https:\/\/petelulu.com\/de_ch\/product\/set-aus-sweatshirt-und-jogginghose-fur-babys\/","og_site_name":"petelulu","article_modified_time":"2025-08-13T03:02:08+00:00","og_image":[{"width":1200,"height":1200,"url":"https:\/\/petelulu.com\/wp-content\/uploads\/2025\/03\/X202432805\u4e3b\u56fe1.jpg","type":"image\/jpeg"}],"twitter_card":"summary_large_image","twitter_misc":{"Gesch\u00e4tzte Lesezeit":"2 Minuten"},"schema":{"@context":"https:\/\/schema.org","@graph":[{"@type":"WebPage","@id":"https:\/\/petelulu.com\/product\/baby-sweatshirt-and-joggers-set\/","url":"https:\/\/petelulu.com\/product\/baby-sweatshirt-and-joggers-set\/","name":"Individuelles Set aus Baby-Pullover und Jogginghose - petelulu","isPartOf":{"@id":"https:\/\/petelulu.com\/#website"},"primaryImageOfPage":{"@id":"https:\/\/petelulu.com\/product\/baby-sweatshirt-and-joggers-set\/#primaryimage"},"image":{"@id":"https:\/\/petelulu.com\/product\/baby-sweatshirt-and-joggers-set\/#primaryimage"},"thumbnailUrl":"https:\/\/petelulu.com\/wp-content\/uploads\/2025\/03\/X202432805\u4e3b\u56fe1.jpg","datePublished":"2025-06-16T09:48:00+00:00","dateModified":"2025-08-13T03:02:08+00:00","description":"B2B-Babykleidung | Baby-Sweatshirt und Jogger-Set. Konkurrenzf\u00e4hige Preise, schneller Versand. Globale Lieferung f\u00fcr Einzelh\u00e4ndler\/Gro\u00dfhandel.","breadcrumb":{"@id":"https:\/\/petelulu.com\/product\/baby-sweatshirt-and-joggers-set\/#breadcrumb"},"inLanguage":"de-CH","potentialAction":[{"@type":"ReadAction","target":["https:\/\/petelulu.com\/product\/baby-sweatshirt-and-joggers-set\/"]}]},{"@type":"ImageObject","inLanguage":"de-CH","@id":"https:\/\/petelulu.com\/product\/baby-sweatshirt-and-joggers-set\/#primaryimage","url":"https:\/\/petelulu.com\/wp-content\/uploads\/2025\/03\/X202432805\u4e3b\u56fe1.jpg","contentUrl":"https:\/\/petelulu.com\/wp-content\/uploads\/2025\/03\/X202432805\u4e3b\u56fe1.jpg","width":1200,"height":1200,"caption":"Baby Sweatshirt and Joggers Set"},{"@type":"BreadcrumbList","@id":"https:\/\/petelulu.com\/product\/baby-sweatshirt-and-joggers-set\/#breadcrumb","itemListElement":[{"@type":"ListItem","position":1,"name":"\u9996\u9875","item":"https:\/\/petelulu.com\/"},{"@type":"ListItem","position":2,"name":"PRODUCT GALLERY","item":"https:\/\/petelulu.com\/product-gallery\/"},{"@type":"ListItem","position":3,"name":"Custom Baby Jumper and Joggers Set"}]},{"@type":"WebSite","@id":"https:\/\/petelulu.com\/#website","url":"https:\/\/petelulu.com\/","name":"PETElulu","description":"","potentialAction":[{"@type":"SearchAction","target":{"@type":"EntryPoint","urlTemplate":"https:\/\/petelulu.com\/?s={search_term_string}"},"query-input":{"@type":"PropertyValueSpecification","valueRequired":true,"valueName":"search_term_string"}}],"inLanguage":"de-CH"}]}},"builder_content":"","_links":{"self":[{"href":"https:\/\/petelulu.com\/de_ch\/wp-json\/wp\/v2\/product\/1716","targetHints":{"allow":["GET"]}}],"collection":[{"href":"https:\/\/petelulu.com\/de_ch\/wp-json\/wp\/v2\/product"}],"about":[{"href":"https:\/\/petelulu.com\/de_ch\/wp-json\/wp\/v2\/types\/product"}],"wp:featuredmedia":[{"embeddable":true,"href":"https:\/\/petelulu.com\/de_ch\/wp-json\/wp\/v2\/media\/1717"}],"wp:attachment":[{"href":"https:\/\/petelulu.com\/de_ch\/wp-json\/wp\/v2\/media?parent=1716"}],"wp:term":[{"taxonomy":"product_brand","embeddable":true,"href":"https:\/\/petelulu.com\/de_ch\/wp-json\/wp\/v2\/product_brand?post=1716"},{"taxonomy":"product_cat","embeddable":true,"href":"https:\/\/petelulu.com\/de_ch\/wp-json\/wp\/v2\/product_cat?post=1716"},{"taxonomy":"product_tag","embeddable":true,"href":"https:\/\/petelulu.com\/de_ch\/wp-json\/wp\/v2\/product_tag?post=1716"}],"curies":[{"name":"wp","href":"https:\/\/api.w.org\/{rel}","templated":true}]}}