{"id":1167,"date":"2025-03-06T06:42:45","date_gmt":"2025-03-06T06:42:45","guid":{"rendered":"https:\/\/petelulu.com\/?post_type=product&#038;p=1167"},"modified":"2025-08-12T23:48:14","modified_gmt":"2025-08-13T03:48:14","slug":"babyschlafsack-mit-bambuskaromuster","status":"publish","type":"product","link":"https:\/\/petelulu.com\/de_ch\/product\/babyschlafsack-mit-bambuskaromuster\/","title":{"rendered":"Benutzerdefinierte Bambus Viskose Plaid Muster Baby Schlafsack"},"content":{"rendered":"<div id=\"sellingpoint\" class=\"header\">\n<div id=\"sellingpoint\" class=\"header\">\n<div id=\"sellingpoint\" class=\"header\">\n<h2>\u00dcber dieses Produkt<\/h2>\n<\/div>\n<ul class=\"\">\n<li>Weiches und atmungsaktives Material: Der PETELULU Soft Baby Schlafsack besteht aus einem bequemen Stoff aus 100% Bambusfaser, der ein weiches und atmungsaktives Schlaferlebnis f\u00fcr Ihr Baby gew\u00e4hrleistet. Dieses umweltfreundliche Material ist perfekt f\u00fcr warme Sommern\u00e4chte.<\/li>\n<li>Nachhaltig und antibakteriell: Unser Babyschlafsack wurde unter dem Aspekt der Nachhaltigkeit entwickelt und besteht aus Bambusgewebe, das von Natur aus antibakteriell und resistent gegen Geruchsbildung ist. Diese Eigenschaft sorgt f\u00fcr eine saubere und gesunde Schlafumgebung f\u00fcr Ihr Kleines.<\/li>\n<li>Anpassbare Optionen: Wir freuen uns \u00fcber individuelle Entw\u00fcrfe, die es Ihnen erm\u00f6glichen, den Schlafsack mit Ihrem bevorzugten Logo oder Muster zu personalisieren. Diese einzigartige Eigenschaft macht unser Produkt zu einem durchdachten Geschenk f\u00fcr Freunde und Familie mit Babys.<\/li>\n<li>Vielseitig und bequem: Das \u00e4rmellose Design unseres Babyschlafsacks sorgt daf\u00fcr, dass Ihr Baby die ganze Nacht \u00fcber bequem und entspannt bleibt. Der Rei\u00dfverschluss erm\u00f6glicht einen einfachen Ein- und Ausstieg, w\u00e4hrend die Plus-Size-Option f\u00fcr wachsende Babys geeignet ist.<\/li>\n<li data-spm-anchor-id=\"a2700.details.0.i86.9c5c49c9yZr9kU\">Schnelle Produktion und Versand: Wir bieten eine 7-t\u00e4gige Vorlaufzeit f\u00fcr Musterbestellungen und Unterst\u00fctzung f\u00fcr den ODM\/OEM-Service, um die rechtzeitige Lieferung Ihrer individuellen Bestellungen zu gew\u00e4hrleisten. Dieser effiziente Produktionsprozess erm\u00f6glicht es Ihnen, Ihre individuellen Babyschlafs\u00e4cke schnell zu erhalten, mit einer Mindestbestellmenge von 360 St\u00fcck.<\/li>\n<\/ul>\n<\/div>\n<\/div>","protected":false},"excerpt":{"rendered":"<p>St\u00fcckpreis: US $9.80-12.80 \/ St\u00fcck<br \/>\nMin.Bestellmenge: 300 St\u00fcck\/ Gr\u00f6\u00dfe<br \/>\nMaterial: 95%bamboo\/5%spendex<br \/>\nAge: 0-3M\/3-6M\/6-9M\/9-12M\/12-18M\/18-24M\/2T-3T-4T<br \/>\nVerwendbare Materialien: Bambus\/Biobaumwolle\/Reine Baumwolle\/French Terry\/Bambusmusselin<br \/>\nLieferf\u00e4higkeit: 10.000 St\u00fcck\/St\u00fcck pro Monat<br \/>\nHafen: Guangzhou, China<br \/>\nZahlungsbedingungen: T\/T<br \/>\nProbe\uff1aAngepasste Probe akzeptieren<br \/>\nLogo: Individuelles Logo<br \/>\nLieferung: 25-35 Arbeitstage<br \/>\nOEM &amp; ODM<\/p>\n<p><a href=\"https:\/\/petelulu.com\/de_ch\/#category\">Mehr sehen<\/a><\/p>\n<div class=\"wpforms-container wpforms-container-full wpforms-render-modern\" id=\"wpforms-2878\"><form id=\"wpforms-form-2878\" class=\"wpforms-validate wpforms-form wpforms-ajax-form\" data-formid=\"2878\" method=\"post\" enctype=\"multipart\/form-data\" action=\"\/de_ch\/wp-json\/wp\/v2\/product\/1167\" data-token=\"24cec927fdd7f36120187750fe5f9daa\" data-token-time=\"1776771843\" data-trp-original-action=\"\/de_ch\/wp-json\/wp\/v2\/product\/1167\"><noscript class=\"wpforms-error-noscript\">Bitte aktivieren Sie JavaScript in Ihrem Browser, um dieses Formular fertigzustellen.<\/noscript><div class=\"wpforms-hidden\" id=\"wpforms-error-noscript\">Bitte aktivieren Sie JavaScript in Ihrem Browser, um dieses Formular fertigzustellen.<\/div><div class=\"wpforms-field-container\"><div id=\"wpforms-2878-field_2-container\" class=\"wpforms-field wpforms-field-name\" data-field-id=\"2\"><label class=\"wpforms-field-label\" for=\"wpforms-2878-field_2\">Name <span class=\"wpforms-required-label\" aria-hidden=\"true\">*<\/span><\/label><input type=\"text\" id=\"wpforms-2878-field_2\" class=\"wpforms-field-medium wpforms-field-required\" name=\"wpforms[fields][2]\" aria-errormessage=\"wpforms-2878-field_2-error\" required><\/div><div id=\"wpforms-2878-field_5-container\" class=\"wpforms-field wpforms-field-email\" data-field-id=\"5\"><label class=\"wpforms-field-label\" for=\"wpforms-2878-field_5\">E-Mail <span class=\"wpforms-required-label\" aria-hidden=\"true\">*<\/span><\/label><input type=\"email\" id=\"wpforms-2878-field_5\" class=\"wpforms-field-medium wpforms-field-required\" name=\"wpforms[fields][5]\" spellcheck=\"false\" aria-errormessage=\"wpforms-2878-field_5-error\" required><\/div><div id=\"wpforms-2878-field_3-container\" class=\"wpforms-field wpforms-field-textarea\" data-field-id=\"3\"><label class=\"wpforms-field-label\" for=\"wpforms-2878-field_3\">Anfrage <span class=\"wpforms-required-label\" aria-hidden=\"true\">*<\/span><\/label><textarea id=\"wpforms-2878-field_3\" class=\"wpforms-field-medium wpforms-field-required\" name=\"wpforms[fields][3]\" aria-errormessage=\"wpforms-2878-field_3-error\" aria-describedby=\"wpforms-2878-field_3-description\" required><\/textarea><div id=\"wpforms-2878-field_3-description\" class=\"wpforms-field-description\">Bitte nennen Sie uns Ihre Anforderungen und Ihre WhatsApp-Nummer, und unser Vertriebsmitarbeiter wird sich mit Ihnen in Verbindung setzen.<\/div><\/div><\/div><!-- .wpforms-field-container --><div class=\"wpforms-submit-container\" ><input type=\"hidden\" name=\"wpforms[id]\" value=\"2878\"><input type=\"hidden\" name=\"page_title\" value=\"\"><input type=\"hidden\" name=\"page_url\" value=\"https:\/\/petelulu.com\/de_ch\/wp-json\/wp\/v2\/product\/1167\"><input type=\"hidden\" name=\"url_referer\" value=\"\"><button type=\"submit\" name=\"wpforms[submit]\" id=\"wpforms-submit-2878\" class=\"wpforms-submit\" data-alt-text=\"Sending...\" data-submit-text=\"Submit\" aria-live=\"assertive\" value=\"wpforms-submit\">Einreichen<\/button><img loading=\"lazy\" decoding=\"async\" src=\"https:\/\/petelulu.com\/wp-content\/plugins\/wpforms-lite\/assets\/images\/submit-spin.svg\" class=\"wpforms-submit-spinner\" style=\"display: none;\" width=\"26\" height=\"26\" alt=\"Wird geladen\"><\/div><input type=\"hidden\" name=\"trp-form-language\" value=\"de_ch\"\/><\/form><\/div>  <!-- .wpforms-container -->\n<p>&nbsp;<\/p>","protected":false},"featured_media":1172,"template":"","meta":[],"product_brand":[],"product_cat":[71],"product_tag":[80],"class_list":{"0":"post-1167","1":"product","2":"type-product","3":"status-publish","4":"has-post-thumbnail","6":"product_cat-sleeping-bags","7":"product_tag-baby","8":"has-post-title","9":"has-post-date","10":"has-post-category","11":"has-post-tag","12":"has-post-comment","13":"has-post-author","14":"","16":"first","17":"instock","18":"shipping-taxable","19":"product-type-simple"},"yoast_head":"<!-- This site is optimized with the Yoast SEO Premium plugin v24.5 (Yoast SEO v25.6) - https:\/\/yoast.com\/wordpress\/plugins\/seo\/ -->\n<title>Custom Bamboo Viscose Plaid Pattern Baby Sleeping Bag - petelulu<\/title>\n<meta name=\"description\" content=\"Petelulu offers unique Bamboo Plaid Pattern Baby Sleeping Bag with zipper closure &amp; foot space. Perfect for OEM\/ODM projects. Request a quote today!\" \/>\n<meta name=\"robots\" content=\"index, follow, max-snippet:-1, max-image-preview:large, max-video-preview:-1\" \/>\n<link rel=\"canonical\" href=\"https:\/\/petelulu.com\/de_ch\/product\/babyschlafsack-mit-bambuskaromuster\/\" \/>\n<meta property=\"og:locale\" content=\"de_DE\" \/>\n<meta property=\"og:type\" content=\"article\" \/>\n<meta property=\"og:title\" content=\"Custom Bamboo Viscose Plaid Pattern Baby Sleeping Bag\" \/>\n<meta property=\"og:description\" content=\"Petelulu offers unique Bamboo Plaid Pattern Baby Sleeping Bag with zipper closure &amp; foot space. Perfect for OEM\/ODM projects. Request a quote today!\" \/>\n<meta property=\"og:url\" content=\"https:\/\/petelulu.com\/de_ch\/product\/babyschlafsack-mit-bambuskaromuster\/\" \/>\n<meta property=\"og:site_name\" content=\"petelulu\" \/>\n<meta property=\"article:modified_time\" content=\"2025-08-13T03:48:14+00:00\" \/>\n<meta property=\"og:image\" content=\"https:\/\/petelulu.com\/wp-content\/uploads\/2025\/03\/\u4e3b\u56fe_001-3.jpg\" \/>\n\t<meta property=\"og:image:width\" content=\"1500\" \/>\n\t<meta property=\"og:image:height\" content=\"1500\" \/>\n\t<meta property=\"og:image:type\" content=\"image\/jpeg\" \/>\n<meta name=\"twitter:card\" content=\"summary_large_image\" \/>\n<meta name=\"twitter:label1\" content=\"Gesch\u00e4tzte Lesezeit\" \/>\n\t<meta name=\"twitter:data1\" content=\"2 Minuten\" \/>\n<script type=\"application\/ld+json\" class=\"yoast-schema-graph\">{\"@context\":\"https:\/\/schema.org\",\"@graph\":[{\"@type\":\"WebPage\",\"@id\":\"https:\/\/petelulu.com\/product\/bamboo-plaid-pattern-baby-sleeping-bag\/\",\"url\":\"https:\/\/petelulu.com\/product\/bamboo-plaid-pattern-baby-sleeping-bag\/\",\"name\":\"Custom Bamboo Viscose Plaid Pattern Baby Sleeping Bag - petelulu\",\"isPartOf\":{\"@id\":\"https:\/\/petelulu.com\/#website\"},\"primaryImageOfPage\":{\"@id\":\"https:\/\/petelulu.com\/product\/bamboo-plaid-pattern-baby-sleeping-bag\/#primaryimage\"},\"image\":{\"@id\":\"https:\/\/petelulu.com\/product\/bamboo-plaid-pattern-baby-sleeping-bag\/#primaryimage\"},\"thumbnailUrl\":\"https:\/\/petelulu.com\/wp-content\/uploads\/2025\/03\/\u4e3b\u56fe_001-3.jpg\",\"datePublished\":\"2025-03-06T06:42:45+00:00\",\"dateModified\":\"2025-08-13T03:48:14+00:00\",\"description\":\"Petelulu offers unique Bamboo Plaid Pattern Baby Sleeping Bag with zipper closure & foot space. Perfect for OEM\/ODM projects. Request a quote today!\",\"breadcrumb\":{\"@id\":\"https:\/\/petelulu.com\/product\/bamboo-plaid-pattern-baby-sleeping-bag\/#breadcrumb\"},\"inLanguage\":\"de-CH\",\"potentialAction\":[{\"@type\":\"ReadAction\",\"target\":[\"https:\/\/petelulu.com\/product\/bamboo-plaid-pattern-baby-sleeping-bag\/\"]}]},{\"@type\":\"ImageObject\",\"inLanguage\":\"de-CH\",\"@id\":\"https:\/\/petelulu.com\/product\/bamboo-plaid-pattern-baby-sleeping-bag\/#primaryimage\",\"url\":\"https:\/\/petelulu.com\/wp-content\/uploads\/2025\/03\/\u4e3b\u56fe_001-3.jpg\",\"contentUrl\":\"https:\/\/petelulu.com\/wp-content\/uploads\/2025\/03\/\u4e3b\u56fe_001-3.jpg\",\"width\":1500,\"height\":1500,\"caption\":\"Bamboo Plaid Pattern Baby Sleeping Bag\"},{\"@type\":\"BreadcrumbList\",\"@id\":\"https:\/\/petelulu.com\/product\/bamboo-plaid-pattern-baby-sleeping-bag\/#breadcrumb\",\"itemListElement\":[{\"@type\":\"ListItem\",\"position\":1,\"name\":\"\u9996\u9875\",\"item\":\"https:\/\/petelulu.com\/\"},{\"@type\":\"ListItem\",\"position\":2,\"name\":\"PRODUCT GALLERY\",\"item\":\"https:\/\/petelulu.com\/product-gallery\/\"},{\"@type\":\"ListItem\",\"position\":3,\"name\":\"Custom Bamboo Viscose Plaid Pattern Baby Sleeping Bag\"}]},{\"@type\":\"WebSite\",\"@id\":\"https:\/\/petelulu.com\/#website\",\"url\":\"https:\/\/petelulu.com\/\",\"name\":\"PETElulu\",\"description\":\"\",\"potentialAction\":[{\"@type\":\"SearchAction\",\"target\":{\"@type\":\"EntryPoint\",\"urlTemplate\":\"https:\/\/petelulu.com\/?s={search_term_string}\"},\"query-input\":{\"@type\":\"PropertyValueSpecification\",\"valueRequired\":true,\"valueName\":\"search_term_string\"}}],\"inLanguage\":\"de-CH\"}]}<\/script>\n<!-- \/ Yoast SEO Premium plugin. -->","yoast_head_json":{"title":"Benutzerdefinierte Bambus Viskose Plaid Muster Baby-Schlafsack - petelulu","description":"Petelulu bietet einen einzigartigen Babyschlafsack mit Bambuskaromuster, Rei\u00dfverschluss und Fu\u00dfraum. Perfekt f\u00fcr OEM\/ODM-Projekte. Fordern Sie noch heute ein Angebot an!","robots":{"index":"index","follow":"follow","max-snippet":"max-snippet:-1","max-image-preview":"max-image-preview:large","max-video-preview":"max-video-preview:-1"},"canonical":"https:\/\/petelulu.com\/de_ch\/product\/babyschlafsack-mit-bambuskaromuster\/","og_locale":"de_DE","og_type":"article","og_title":"Custom Bamboo Viscose Plaid Pattern Baby Sleeping Bag","og_description":"Petelulu offers unique Bamboo Plaid Pattern Baby Sleeping Bag with zipper closure & foot space. Perfect for OEM\/ODM projects. Request a quote today!","og_url":"https:\/\/petelulu.com\/de_ch\/product\/babyschlafsack-mit-bambuskaromuster\/","og_site_name":"petelulu","article_modified_time":"2025-08-13T03:48:14+00:00","og_image":[{"width":1500,"height":1500,"url":"https:\/\/petelulu.com\/wp-content\/uploads\/2025\/03\/\u4e3b\u56fe_001-3.jpg","type":"image\/jpeg"}],"twitter_card":"summary_large_image","twitter_misc":{"Gesch\u00e4tzte Lesezeit":"2 Minuten"},"schema":{"@context":"https:\/\/schema.org","@graph":[{"@type":"WebPage","@id":"https:\/\/petelulu.com\/product\/bamboo-plaid-pattern-baby-sleeping-bag\/","url":"https:\/\/petelulu.com\/product\/bamboo-plaid-pattern-baby-sleeping-bag\/","name":"Benutzerdefinierte Bambus Viskose Plaid Muster Baby-Schlafsack - petelulu","isPartOf":{"@id":"https:\/\/petelulu.com\/#website"},"primaryImageOfPage":{"@id":"https:\/\/petelulu.com\/product\/bamboo-plaid-pattern-baby-sleeping-bag\/#primaryimage"},"image":{"@id":"https:\/\/petelulu.com\/product\/bamboo-plaid-pattern-baby-sleeping-bag\/#primaryimage"},"thumbnailUrl":"https:\/\/petelulu.com\/wp-content\/uploads\/2025\/03\/\u4e3b\u56fe_001-3.jpg","datePublished":"2025-03-06T06:42:45+00:00","dateModified":"2025-08-13T03:48:14+00:00","description":"Petelulu bietet einen einzigartigen Babyschlafsack mit Bambuskaromuster, Rei\u00dfverschluss und Fu\u00dfraum. Perfekt f\u00fcr OEM\/ODM-Projekte. Fordern Sie noch heute ein Angebot an!","breadcrumb":{"@id":"https:\/\/petelulu.com\/product\/bamboo-plaid-pattern-baby-sleeping-bag\/#breadcrumb"},"inLanguage":"de-CH","potentialAction":[{"@type":"ReadAction","target":["https:\/\/petelulu.com\/product\/bamboo-plaid-pattern-baby-sleeping-bag\/"]}]},{"@type":"ImageObject","inLanguage":"de-CH","@id":"https:\/\/petelulu.com\/product\/bamboo-plaid-pattern-baby-sleeping-bag\/#primaryimage","url":"https:\/\/petelulu.com\/wp-content\/uploads\/2025\/03\/\u4e3b\u56fe_001-3.jpg","contentUrl":"https:\/\/petelulu.com\/wp-content\/uploads\/2025\/03\/\u4e3b\u56fe_001-3.jpg","width":1500,"height":1500,"caption":"Bamboo Plaid Pattern Baby Sleeping Bag"},{"@type":"BreadcrumbList","@id":"https:\/\/petelulu.com\/product\/bamboo-plaid-pattern-baby-sleeping-bag\/#breadcrumb","itemListElement":[{"@type":"ListItem","position":1,"name":"\u9996\u9875","item":"https:\/\/petelulu.com\/"},{"@type":"ListItem","position":2,"name":"PRODUCT GALLERY","item":"https:\/\/petelulu.com\/product-gallery\/"},{"@type":"ListItem","position":3,"name":"Custom Bamboo Viscose Plaid Pattern Baby Sleeping Bag"}]},{"@type":"WebSite","@id":"https:\/\/petelulu.com\/#website","url":"https:\/\/petelulu.com\/","name":"PETElulu","description":"","potentialAction":[{"@type":"SearchAction","target":{"@type":"EntryPoint","urlTemplate":"https:\/\/petelulu.com\/?s={search_term_string}"},"query-input":{"@type":"PropertyValueSpecification","valueRequired":true,"valueName":"search_term_string"}}],"inLanguage":"de-CH"}]}},"builder_content":"","_links":{"self":[{"href":"https:\/\/petelulu.com\/de_ch\/wp-json\/wp\/v2\/product\/1167","targetHints":{"allow":["GET"]}}],"collection":[{"href":"https:\/\/petelulu.com\/de_ch\/wp-json\/wp\/v2\/product"}],"about":[{"href":"https:\/\/petelulu.com\/de_ch\/wp-json\/wp\/v2\/types\/product"}],"wp:featuredmedia":[{"embeddable":true,"href":"https:\/\/petelulu.com\/de_ch\/wp-json\/wp\/v2\/media\/1172"}],"wp:attachment":[{"href":"https:\/\/petelulu.com\/de_ch\/wp-json\/wp\/v2\/media?parent=1167"}],"wp:term":[{"taxonomy":"product_brand","embeddable":true,"href":"https:\/\/petelulu.com\/de_ch\/wp-json\/wp\/v2\/product_brand?post=1167"},{"taxonomy":"product_cat","embeddable":true,"href":"https:\/\/petelulu.com\/de_ch\/wp-json\/wp\/v2\/product_cat?post=1167"},{"taxonomy":"product_tag","embeddable":true,"href":"https:\/\/petelulu.com\/de_ch\/wp-json\/wp\/v2\/product_tag?post=1167"}],"curies":[{"name":"wp","href":"https:\/\/api.w.org\/{rel}","templated":true}]}}