{"id":4569,"date":"2025-06-18T21:20:02","date_gmt":"2025-06-19T01:20:02","guid":{"rendered":"https:\/\/petelulu.com\/product\/organic-cotton-baby-romper-copy\/"},"modified":"2026-03-05T12:47:38","modified_gmt":"2026-03-05T04:47:38","slug":"baby-strampler-aus-bio-baumwolle-8","status":"publish","type":"product","link":"https:\/\/petelulu.com\/de\/product\/baby-strampler-aus-bio-baumwolle-8\/","title":{"rendered":"Individueller Baby-Strampler aus Bio-Baumwolle"},"content":{"rendered":"<h2>\u00dcber dieses Produkt<\/h2>\n<ol>\n<li><strong>100% Bio-Baumwolle<\/strong>: Unser Babystrampler aus hochwertiger 100%-Bio-Baumwolle ist weich und hypoallergen auf der zarten Haut Ihres Kindes und bietet den ganzen Tag \u00fcber Komfort und Sicherheit.<\/li>\n<li><strong>Druckknopf-Design<\/strong>: Die strategisch platzierten Druckkn\u00f6pfe erm\u00f6glichen ein schnelles und problemloses Wechseln der Windeln, so dass Sie und Ihr Baby weniger Zeit mit dem Anziehen verbringen und mehr Zeit haben, wertvolle Momente miteinander zu genie\u00dfen.<\/li>\n<li><strong>Schlichter Stil &amp; Unifarben<\/strong>: Unsere unifarbenen Baby-Strampler sind schlicht und bieten einen zeitlosen Look, der nie aus der Mode kommt. Perfekt f\u00fcr den Alltag oder als unverzichtbarer Teil der Garderobe Ihres Babys.<\/li>\n<li>\n<p data-spm-anchor-id=\"5176.28103460.0.i8.40f7451enAKIF4\"><strong>Geeignet f\u00fcr Kinder von 0-18 Monaten<\/strong>: Unser Strampler wurde speziell f\u00fcr Babys ab dem Neugeborenenalter bis zum Alter von 18 Monaten entwickelt. Er ist die ideale Wahl f\u00fcr Eltern, die in dieser wichtigen Entwicklungsphase sowohl Komfort als auch Funktionalit\u00e4t suchen.<\/p>\n<\/li>\n<li>\n<p data-spm-anchor-id=\"5176.28103460.0.i6.40f7451enAKIF4\"><strong>Pflegeleichter Stoff<\/strong>: Die hochwertige Bio-Baumwolle, die f\u00fcr unsere Strampler verwendet wird, ist nicht nur sanft zur Haut Ihres Babys, sondern auch pflegeleicht. Maschinenwaschbar und langlebig, beh\u00e4lt sie ihre Form und Farbe nach jeder W\u00e4sche und garantiert dauerhaften Wert und Gebrauch.<\/p>\n<\/li>\n<\/ol>","protected":false},"excerpt":{"rendered":"<p>St\u00fcckpreis: US $5.9-8.9 \/ St\u00fcck<br \/>\nMin.Bestellmenge: 300 St\u00fcck\/ Gr\u00f6\u00dfe<br \/>\nMaterial: 80% Baumwolle\/20% Polyester<br \/>\nAlter: 12-18M\/18-24M<br \/>\nVerwendbare Materialien: Bambus\/Bio-Baumwolle\/Reine Baumwolle\/Modal Viskose\/Bambus-Musselin<br \/>\nSupply Ability: 100,000 Piece\/Pieces per Month<br \/>\nHafen: Guangzhou, China<br \/>\nZahlungsbedingungen: T\/T<br \/>\nProbe\uff1aAngepasste Probe akzeptieren<br \/>\nLogo: Individuelles Logo<br \/>\nLieferung: 25-35 Arbeitstage<br \/>\nOEM &amp; ODM<\/p>\n<p><a href=\"https:\/\/petelulu.com\/de\/#category\">Mehr sehen<\/a><\/p>\n<div class=\"wpforms-container wpforms-container-full wpforms-render-modern\" id=\"wpforms-2878\"><form id=\"wpforms-form-2878\" class=\"wpforms-validate wpforms-form wpforms-ajax-form\" data-formid=\"2878\" method=\"post\" enctype=\"multipart\/form-data\" action=\"\/de\/wp-json\/wp\/v2\/product\/4569\" data-token=\"e1a57099e00604c239ff9b2b39f1b9e0\" data-token-time=\"1776206380\" data-trp-original-action=\"\/de\/wp-json\/wp\/v2\/product\/4569\"><noscript class=\"wpforms-error-noscript\">Bitte aktivieren Sie JavaScript in Ihrem Browser, um dieses Formular fertigzustellen.<\/noscript><div class=\"wpforms-hidden\" id=\"wpforms-error-noscript\">Bitte aktivieren Sie JavaScript in Ihrem Browser, um dieses Formular fertigzustellen.<\/div><div class=\"wpforms-field-container\"><div id=\"wpforms-2878-field_2-container\" class=\"wpforms-field wpforms-field-name\" data-field-id=\"2\"><label class=\"wpforms-field-label\" for=\"wpforms-2878-field_2\">Name <span class=\"wpforms-required-label\" aria-hidden=\"true\">*<\/span><\/label><input type=\"text\" id=\"wpforms-2878-field_2\" class=\"wpforms-field-medium wpforms-field-required\" name=\"wpforms[fields][2]\" aria-errormessage=\"wpforms-2878-field_2-error\" required><\/div><div id=\"wpforms-2878-field_5-container\" class=\"wpforms-field wpforms-field-email\" data-field-id=\"5\"><label class=\"wpforms-field-label\" for=\"wpforms-2878-field_5\">E-Mail <span class=\"wpforms-required-label\" aria-hidden=\"true\">*<\/span><\/label><input type=\"email\" id=\"wpforms-2878-field_5\" class=\"wpforms-field-medium wpforms-field-required\" name=\"wpforms[fields][5]\" spellcheck=\"false\" aria-errormessage=\"wpforms-2878-field_5-error\" required><\/div><div id=\"wpforms-2878-field_3-container\" class=\"wpforms-field wpforms-field-textarea\" data-field-id=\"3\"><label class=\"wpforms-field-label\" for=\"wpforms-2878-field_3\">Anfrage <span class=\"wpforms-required-label\" aria-hidden=\"true\">*<\/span><\/label><textarea id=\"wpforms-2878-field_3\" class=\"wpforms-field-medium wpforms-field-required\" name=\"wpforms[fields][3]\" aria-errormessage=\"wpforms-2878-field_3-error\" aria-describedby=\"wpforms-2878-field_3-description\" required><\/textarea><div id=\"wpforms-2878-field_3-description\" class=\"wpforms-field-description\">Bitte nennen Sie uns Ihre Anforderungen und Ihre WhatsApp-Nummer, und unser Vertriebsmitarbeiter wird sich mit Ihnen in Verbindung setzen.<\/div><\/div><\/div><!-- .wpforms-field-container --><div class=\"wpforms-submit-container\" ><input type=\"hidden\" name=\"wpforms[id]\" value=\"2878\"><input type=\"hidden\" name=\"page_title\" value=\"\"><input type=\"hidden\" name=\"page_url\" value=\"https:\/\/petelulu.com\/de\/wp-json\/wp\/v2\/product\/4569\"><input type=\"hidden\" name=\"url_referer\" value=\"\"><button type=\"submit\" name=\"wpforms[submit]\" id=\"wpforms-submit-2878\" class=\"wpforms-submit\" data-alt-text=\"Sending...\" data-submit-text=\"Submit\" aria-live=\"assertive\" value=\"wpforms-submit\">Einreichen<\/button><img loading=\"lazy\" decoding=\"async\" src=\"https:\/\/petelulu.com\/wp-content\/plugins\/wpforms-lite\/assets\/images\/submit-spin.svg\" class=\"wpforms-submit-spinner\" style=\"display: none;\" width=\"26\" height=\"26\" alt=\"Wird geladen\"><\/div><input type=\"hidden\" name=\"trp-form-language\" value=\"de\"\/><\/form><\/div>  <!-- .wpforms-container -->\n<p>&nbsp;<\/p>","protected":false},"featured_media":4577,"template":"","meta":[],"product_brand":[],"product_cat":[41],"product_tag":[101,110,97],"class_list":{"0":"post-4569","1":"product","2":"type-product","3":"status-publish","4":"has-post-thumbnail","6":"product_cat-rompers","7":"product_tag-fabrics","8":"product_tag-hello-summer","9":"product_tag-organic-cotton","10":"has-post-title","11":"has-post-date","12":"has-post-category","13":"has-post-tag","14":"has-post-comment","15":"has-post-author","16":"","18":"first","19":"instock","20":"shipping-taxable","21":"product-type-simple"},"yoast_head":"<!-- This site is optimized with the Yoast SEO Premium plugin v24.5 (Yoast SEO v25.6) - https:\/\/yoast.com\/wordpress\/plugins\/seo\/ -->\n<title>Custom Organic Cotton Baby Romper - petelulu<\/title>\n<meta name=\"description\" content=\"Organic Cotton Baby Romper | Custom Designs, Fast Shipping Worldwide. Competitive Pricing for Retailers. Get Quote &amp; Enquire Now!\" \/>\n<meta name=\"robots\" content=\"index, follow, max-snippet:-1, max-image-preview:large, max-video-preview:-1\" \/>\n<link rel=\"canonical\" href=\"https:\/\/petelulu.com\/de\/product\/baby-strampler-aus-bio-baumwolle-8\/\" \/>\n<meta property=\"og:locale\" content=\"de_DE\" \/>\n<meta property=\"og:type\" content=\"article\" \/>\n<meta property=\"og:title\" content=\"Custom Organic Cotton Baby Romper\" \/>\n<meta property=\"og:description\" content=\"Organic Cotton Baby Romper | Custom Designs, Fast Shipping Worldwide. Competitive Pricing for Retailers. Get Quote &amp; Enquire Now!\" \/>\n<meta property=\"og:url\" content=\"https:\/\/petelulu.com\/de\/product\/baby-strampler-aus-bio-baumwolle-8\/\" \/>\n<meta property=\"og:site_name\" content=\"petelulu\" \/>\n<meta property=\"article:modified_time\" content=\"2026-03-05T04:47:38+00:00\" \/>\n<meta property=\"og:image\" content=\"https:\/\/petelulu.com\/wp-content\/uploads\/2025\/06\/L240704-\u4e3b\u56fe-2.avif\" \/>\n\t<meta property=\"og:image:width\" content=\"2000\" \/>\n\t<meta property=\"og:image:height\" content=\"2000\" \/>\n\t<meta property=\"og:image:type\" content=\"image\/jpeg\" \/>\n<meta name=\"twitter:card\" content=\"summary_large_image\" \/>\n<meta name=\"twitter:label1\" content=\"Gesch\u00e4tzte Lesezeit\" \/>\n\t<meta name=\"twitter:data1\" content=\"2\u00a0Minuten\" \/>\n<script type=\"application\/ld+json\" class=\"yoast-schema-graph\">{\"@context\":\"https:\/\/schema.org\",\"@graph\":[{\"@type\":\"WebPage\",\"@id\":\"https:\/\/petelulu.com\/product\/organic-cotton-baby-romper-8\/\",\"url\":\"https:\/\/petelulu.com\/product\/organic-cotton-baby-romper-8\/\",\"name\":\"Custom Organic Cotton Baby Romper - petelulu\",\"isPartOf\":{\"@id\":\"https:\/\/petelulu.com\/#website\"},\"primaryImageOfPage\":{\"@id\":\"https:\/\/petelulu.com\/product\/organic-cotton-baby-romper-8\/#primaryimage\"},\"image\":{\"@id\":\"https:\/\/petelulu.com\/product\/organic-cotton-baby-romper-8\/#primaryimage\"},\"thumbnailUrl\":\"https:\/\/petelulu.com\/wp-content\/uploads\/2025\/06\/L240704-\u4e3b\u56fe-2.avif\",\"datePublished\":\"2025-06-19T01:20:02+00:00\",\"dateModified\":\"2026-03-05T04:47:38+00:00\",\"description\":\"Organic Cotton Baby Romper | Custom Designs, Fast Shipping Worldwide. Competitive Pricing for Retailers. Get Quote & Enquire Now!\",\"breadcrumb\":{\"@id\":\"https:\/\/petelulu.com\/product\/organic-cotton-baby-romper-8\/#breadcrumb\"},\"inLanguage\":\"de\",\"potentialAction\":[{\"@type\":\"ReadAction\",\"target\":[\"https:\/\/petelulu.com\/product\/organic-cotton-baby-romper-8\/\"]}]},{\"@type\":\"ImageObject\",\"inLanguage\":\"de\",\"@id\":\"https:\/\/petelulu.com\/product\/organic-cotton-baby-romper-8\/#primaryimage\",\"url\":\"https:\/\/petelulu.com\/wp-content\/uploads\/2025\/06\/L240704-\u4e3b\u56fe-2.avif\",\"contentUrl\":\"https:\/\/petelulu.com\/wp-content\/uploads\/2025\/06\/L240704-\u4e3b\u56fe-2.avif\",\"width\":2000,\"height\":2000},{\"@type\":\"BreadcrumbList\",\"@id\":\"https:\/\/petelulu.com\/product\/organic-cotton-baby-romper-8\/#breadcrumb\",\"itemListElement\":[{\"@type\":\"ListItem\",\"position\":1,\"name\":\"\u9996\u9875\",\"item\":\"https:\/\/petelulu.com\/\"},{\"@type\":\"ListItem\",\"position\":2,\"name\":\"PRODUCT GALLERY\",\"item\":\"https:\/\/petelulu.com\/product-gallery\/\"},{\"@type\":\"ListItem\",\"position\":3,\"name\":\"Custom Organic Cotton Baby Romper\"}]},{\"@type\":\"WebSite\",\"@id\":\"https:\/\/petelulu.com\/#website\",\"url\":\"https:\/\/petelulu.com\/\",\"name\":\"PETElulu\",\"description\":\"\",\"potentialAction\":[{\"@type\":\"SearchAction\",\"target\":{\"@type\":\"EntryPoint\",\"urlTemplate\":\"https:\/\/petelulu.com\/?s={search_term_string}\"},\"query-input\":{\"@type\":\"PropertyValueSpecification\",\"valueRequired\":true,\"valueName\":\"search_term_string\"}}],\"inLanguage\":\"de\"}]}<\/script>\n<!-- \/ Yoast SEO Premium plugin. -->","yoast_head_json":{"title":"Individueller Baby-Strampler aus Bio-Baumwolle - petelulu","description":"Baby-Strampler aus Bio-Baumwolle | Individuelle Designs, schneller Versand weltweit. Konkurrenzf\u00e4hige Preise f\u00fcr Einzelh\u00e4ndler. Angebot einholen &amp; jetzt anfragen!","robots":{"index":"index","follow":"follow","max-snippet":"max-snippet:-1","max-image-preview":"max-image-preview:large","max-video-preview":"max-video-preview:-1"},"canonical":"https:\/\/petelulu.com\/de\/product\/baby-strampler-aus-bio-baumwolle-8\/","og_locale":"de_DE","og_type":"article","og_title":"Custom Organic Cotton Baby Romper","og_description":"Organic Cotton Baby Romper | Custom Designs, Fast Shipping Worldwide. Competitive Pricing for Retailers. Get Quote & Enquire Now!","og_url":"https:\/\/petelulu.com\/de\/product\/baby-strampler-aus-bio-baumwolle-8\/","og_site_name":"petelulu","article_modified_time":"2026-03-05T04:47:38+00:00","og_image":[{"width":2000,"height":2000,"url":"https:\/\/petelulu.com\/wp-content\/uploads\/2025\/06\/L240704-\u4e3b\u56fe-2.avif","type":"image\/jpeg"}],"twitter_card":"summary_large_image","twitter_misc":{"Gesch\u00e4tzte Lesezeit":"2\u00a0Minuten"},"schema":{"@context":"https:\/\/schema.org","@graph":[{"@type":"WebPage","@id":"https:\/\/petelulu.com\/product\/organic-cotton-baby-romper-8\/","url":"https:\/\/petelulu.com\/product\/organic-cotton-baby-romper-8\/","name":"Individueller Baby-Strampler aus Bio-Baumwolle - petelulu","isPartOf":{"@id":"https:\/\/petelulu.com\/#website"},"primaryImageOfPage":{"@id":"https:\/\/petelulu.com\/product\/organic-cotton-baby-romper-8\/#primaryimage"},"image":{"@id":"https:\/\/petelulu.com\/product\/organic-cotton-baby-romper-8\/#primaryimage"},"thumbnailUrl":"https:\/\/petelulu.com\/wp-content\/uploads\/2025\/06\/L240704-\u4e3b\u56fe-2.avif","datePublished":"2025-06-19T01:20:02+00:00","dateModified":"2026-03-05T04:47:38+00:00","description":"Baby-Strampler aus Bio-Baumwolle | Individuelle Designs, schneller Versand weltweit. Konkurrenzf\u00e4hige Preise f\u00fcr Einzelh\u00e4ndler. Angebot einholen &amp; jetzt anfragen!","breadcrumb":{"@id":"https:\/\/petelulu.com\/product\/organic-cotton-baby-romper-8\/#breadcrumb"},"inLanguage":"de","potentialAction":[{"@type":"ReadAction","target":["https:\/\/petelulu.com\/product\/organic-cotton-baby-romper-8\/"]}]},{"@type":"ImageObject","inLanguage":"de","@id":"https:\/\/petelulu.com\/product\/organic-cotton-baby-romper-8\/#primaryimage","url":"https:\/\/petelulu.com\/wp-content\/uploads\/2025\/06\/L240704-\u4e3b\u56fe-2.avif","contentUrl":"https:\/\/petelulu.com\/wp-content\/uploads\/2025\/06\/L240704-\u4e3b\u56fe-2.avif","width":2000,"height":2000},{"@type":"BreadcrumbList","@id":"https:\/\/petelulu.com\/product\/organic-cotton-baby-romper-8\/#breadcrumb","itemListElement":[{"@type":"ListItem","position":1,"name":"\u9996\u9875","item":"https:\/\/petelulu.com\/"},{"@type":"ListItem","position":2,"name":"PRODUCT GALLERY","item":"https:\/\/petelulu.com\/product-gallery\/"},{"@type":"ListItem","position":3,"name":"Custom Organic Cotton Baby Romper"}]},{"@type":"WebSite","@id":"https:\/\/petelulu.com\/#website","url":"https:\/\/petelulu.com\/","name":"PETElulu","description":"","potentialAction":[{"@type":"SearchAction","target":{"@type":"EntryPoint","urlTemplate":"https:\/\/petelulu.com\/?s={search_term_string}"},"query-input":{"@type":"PropertyValueSpecification","valueRequired":true,"valueName":"search_term_string"}}],"inLanguage":"de"}]}},"builder_content":"","_links":{"self":[{"href":"https:\/\/petelulu.com\/de\/wp-json\/wp\/v2\/product\/4569","targetHints":{"allow":["GET"]}}],"collection":[{"href":"https:\/\/petelulu.com\/de\/wp-json\/wp\/v2\/product"}],"about":[{"href":"https:\/\/petelulu.com\/de\/wp-json\/wp\/v2\/types\/product"}],"wp:featuredmedia":[{"embeddable":true,"href":"https:\/\/petelulu.com\/de\/wp-json\/wp\/v2\/media\/4577"}],"wp:attachment":[{"href":"https:\/\/petelulu.com\/de\/wp-json\/wp\/v2\/media?parent=4569"}],"wp:term":[{"taxonomy":"product_brand","embeddable":true,"href":"https:\/\/petelulu.com\/de\/wp-json\/wp\/v2\/product_brand?post=4569"},{"taxonomy":"product_cat","embeddable":true,"href":"https:\/\/petelulu.com\/de\/wp-json\/wp\/v2\/product_cat?post=4569"},{"taxonomy":"product_tag","embeddable":true,"href":"https:\/\/petelulu.com\/de\/wp-json\/wp\/v2\/product_tag?post=4569"}],"curies":[{"name":"wp","href":"https:\/\/api.w.org\/{rel}","templated":true}]}}