{"id":1881,"date":"2025-03-18T06:26:26","date_gmt":"2025-03-18T06:26:26","guid":{"rendered":"https:\/\/petelulu.com\/?post_type=product&#038;p=1881"},"modified":"2025-08-12T23:23:13","modified_gmt":"2025-08-13T03:23:13","slug":"unisex-crewneck-kurzarm-kinderbekleidungssets","status":"publish","type":"product","link":"https:\/\/petelulu.com\/de\/product\/unisex-crewneck-kurzarm-kinderbekleidungssets\/","title":{"rendered":"Benutzerdefinierte Unisex Crewneck Kurzarm Kinderbekleidung Sets"},"content":{"rendered":"<div id=\"sellingpoint\" class=\"header\">\n<h2>\u00dcber dieses Produkt<\/h2>\n<\/div>\n<ul class=\"\">\n<li data-spm-anchor-id=\"a2700.details.0.i84.665563e7jDvK4L\">Umweltfreundliches und weiches Material: Diese biologische Unisex-Kinderkleidung mit Rundhalsausschnitt und kurzen \u00c4rmeln besteht aus 95% Bio-Baumwolle und 5% Elasthan, was ein weiches und atmungsaktives Material garantiert, das sanft zur Haut Ihres Kindes ist. Dieses umweltfreundliche Material ist perfekt f\u00fcr Eltern, denen das Wohlbefinden ihrer Kinder und die Umwelt am Herzen liegen.<\/li>\n<li>Anpassungsm\u00f6glichkeiten: Wir bieten Ihnen die M\u00f6glichkeit, Muster und Logos individuell zu bedrucken und das Produkt so zu personalisieren, dass es Ihren speziellen Anforderungen entspricht. Ganz gleich, ob Sie ein Unternehmen sind, das ein einzigartiges Produkt f\u00fcr seine Marke sucht, oder ein Elternteil, das der Kleidung seines Kindes eine besondere Note verleihen m\u00f6chte - wir haben das Richtige f\u00fcr Sie.<\/li>\n<li data-spm-anchor-id=\"a2700.details.0.i82.665563e7jDvK4L\">Bequemes und vielseitiges Design: Unser kurz\u00e4rmeliges Kleidungsst\u00fcck mit Rundhalsausschnitt im Aktiv-Stil ist auf Komfort und Vielseitigkeit ausgelegt und damit perfekt f\u00fcr den Alltag geeignet. Der einreihige Schn\u00fcrverschluss sorgt f\u00fcr eine sichere und verstellbare Passform, w\u00e4hrend die kurze \u00c4rmell\u00e4nge ideal f\u00fcr warmes Wetter ist.<\/li>\n<li>Strapazierf\u00e4hig und langlebig: Unser Produkt ist schrumpffrei, knitterfrei, atmungsaktiv, schnelltrocknend und antistatisch, so dass es auch nach wiederholtem Waschen und Tragen haltbar und langlebig bleibt. Dies macht es zu einer ausgezeichneten Investition f\u00fcr Eltern, die ihre Kinder mit hochwertiger Kleidung ausstatten m\u00f6chten.<\/li>\n<li data-spm-anchor-id=\"a2700.details.0.i83.665563e7jDvK4L\">Bequeme und effiziente Lieferoptionen: Wir bieten ODM- und OEM-Dienste an, so dass Sie aus verschiedenen Lieferarten w\u00e4hlen k\u00f6nnen, einschlie\u00dflich einer 7-t\u00e4gigen Vorlaufzeit f\u00fcr Musterbestellungen. So k\u00f6nnen Sie schnell und einfach die Produkte beschaffen, die Sie f\u00fcr Ihre gesch\u00e4ftlichen oder pers\u00f6nlichen Anforderungen ben\u00f6tigen.<\/li>\n<\/ul>","protected":false},"excerpt":{"rendered":"<p>St\u00fcckpreis: US $8.90-11.80\/St\u00fcck<br \/>\nMin.Bestellmenge: 300 St\u00fcck\/ Gr\u00f6\u00dfe<br \/>\nMaterial: Elasthan \/ Bio-Baumwolle<br \/>\nAge: 0-3M\/3-6M\/6-9M\/9-12M\/12-18M\/18-24M\/2T-3T-4T<br \/>\nVerwendbare Materialien: Bambus\/Biobaumwolle\/Reine Baumwolle\/French Terry\/Bambusmusselin<br \/>\nLieferf\u00e4higkeit: 10.000 St\u00fcck\/St\u00fcck pro Monat<br \/>\nHafen: Guangzhou, China<br \/>\nZahlungsbedingungen: T\/T<br \/>\nProbe\uff1aAngepasste Probe akzeptieren<br \/>\nLogo: Individuelles Logo<br \/>\nLieferung: 25-35 Arbeitstage<br \/>\nOEM &amp; ODM<\/p>\n<p><a href=\"https:\/\/petelulu.com\/de\/#category\">Mehr sehen<\/a><\/p>\n<div class=\"wpforms-container wpforms-container-full wpforms-render-modern\" id=\"wpforms-2878\"><form id=\"wpforms-form-2878\" class=\"wpforms-validate wpforms-form wpforms-ajax-form\" data-formid=\"2878\" method=\"post\" enctype=\"multipart\/form-data\" action=\"\/de\/wp-json\/wp\/v2\/product\/1881\" data-token=\"836a5486dd5c4dd2ff090a7336c3e910\" data-token-time=\"1777379211\" data-trp-original-action=\"\/de\/wp-json\/wp\/v2\/product\/1881\"><noscript class=\"wpforms-error-noscript\">Bitte aktivieren Sie JavaScript in Ihrem Browser, um dieses Formular fertigzustellen.<\/noscript><div class=\"wpforms-hidden\" id=\"wpforms-error-noscript\">Bitte aktivieren Sie JavaScript in Ihrem Browser, um dieses Formular fertigzustellen.<\/div><div class=\"wpforms-field-container\"><div id=\"wpforms-2878-field_2-container\" class=\"wpforms-field wpforms-field-name\" data-field-id=\"2\"><label class=\"wpforms-field-label\" for=\"wpforms-2878-field_2\">Name <span class=\"wpforms-required-label\" aria-hidden=\"true\">*<\/span><\/label><input type=\"text\" id=\"wpforms-2878-field_2\" class=\"wpforms-field-medium wpforms-field-required\" name=\"wpforms[fields][2]\" aria-errormessage=\"wpforms-2878-field_2-error\" required><\/div><div id=\"wpforms-2878-field_5-container\" class=\"wpforms-field wpforms-field-email\" data-field-id=\"5\"><label class=\"wpforms-field-label\" for=\"wpforms-2878-field_5\">E-Mail <span class=\"wpforms-required-label\" aria-hidden=\"true\">*<\/span><\/label><input type=\"email\" id=\"wpforms-2878-field_5\" class=\"wpforms-field-medium wpforms-field-required\" name=\"wpforms[fields][5]\" spellcheck=\"false\" aria-errormessage=\"wpforms-2878-field_5-error\" required><\/div><div id=\"wpforms-2878-field_3-container\" class=\"wpforms-field wpforms-field-textarea\" data-field-id=\"3\"><label class=\"wpforms-field-label\" for=\"wpforms-2878-field_3\">Anfrage <span class=\"wpforms-required-label\" aria-hidden=\"true\">*<\/span><\/label><textarea id=\"wpforms-2878-field_3\" class=\"wpforms-field-medium wpforms-field-required\" name=\"wpforms[fields][3]\" aria-errormessage=\"wpforms-2878-field_3-error\" aria-describedby=\"wpforms-2878-field_3-description\" required><\/textarea><div id=\"wpforms-2878-field_3-description\" class=\"wpforms-field-description\">Bitte nennen Sie uns Ihre Anforderungen und Ihre WhatsApp-Nummer, und unser Vertriebsmitarbeiter wird sich mit Ihnen in Verbindung setzen.<\/div><\/div><\/div><!-- .wpforms-field-container --><div class=\"wpforms-submit-container\" ><input type=\"hidden\" name=\"wpforms[id]\" value=\"2878\"><input type=\"hidden\" name=\"page_title\" value=\"\"><input type=\"hidden\" name=\"page_url\" value=\"https:\/\/petelulu.com\/de\/wp-json\/wp\/v2\/product\/1881\"><input type=\"hidden\" name=\"url_referer\" value=\"\"><button type=\"submit\" name=\"wpforms[submit]\" id=\"wpforms-submit-2878\" class=\"wpforms-submit\" data-alt-text=\"Sending...\" data-submit-text=\"Submit\" aria-live=\"assertive\" value=\"wpforms-submit\">Einreichen<\/button><img loading=\"lazy\" decoding=\"async\" src=\"https:\/\/petelulu.com\/wp-content\/plugins\/wpforms-lite\/assets\/images\/submit-spin.svg\" class=\"wpforms-submit-spinner\" style=\"display: none;\" width=\"26\" height=\"26\" alt=\"Wird geladen\"><\/div><input type=\"hidden\" name=\"trp-form-language\" value=\"de\"\/><\/form><\/div>  <!-- .wpforms-container -->\n<p>&nbsp;<\/p>","protected":false},"featured_media":1882,"template":"","meta":[],"product_brand":[],"product_cat":[46],"product_tag":[82,81],"class_list":{"0":"post-1881","1":"product","2":"type-product","3":"status-publish","4":"has-post-thumbnail","6":"product_cat-clothing-sets","7":"product_tag-kid","8":"product_tag-toddler","9":"has-post-title","10":"has-post-date","11":"has-post-category","12":"has-post-tag","13":"has-post-comment","14":"has-post-author","15":"","17":"first","18":"instock","19":"shipping-taxable","20":"product-type-simple"},"yoast_head":"<!-- This site is optimized with the Yoast SEO Premium plugin v24.5 (Yoast SEO v25.6) - https:\/\/yoast.com\/wordpress\/plugins\/seo\/ -->\n<title>Custom Unisex Crewneck Short Sleeve Kids Clothing Sets - petelulu<\/title>\n<meta name=\"description\" content=\"B2B Baby Clothing | Unisex Crewneck Short Sleeve Kids Clothing Sets. Competitive Pricing, Quick Ship. Global Delivery for Retailers\/Wholesale.\" \/>\n<meta name=\"robots\" content=\"index, follow, max-snippet:-1, max-image-preview:large, max-video-preview:-1\" \/>\n<link rel=\"canonical\" href=\"https:\/\/petelulu.com\/de\/product\/unisex-crewneck-kurzarm-kinderbekleidungssets\/\" \/>\n<meta property=\"og:locale\" content=\"de_DE\" \/>\n<meta property=\"og:type\" content=\"article\" \/>\n<meta property=\"og:title\" content=\"Custom Unisex Crewneck Short Sleeve Kids Clothing Sets\" \/>\n<meta property=\"og:description\" content=\"B2B Baby Clothing | Unisex Crewneck Short Sleeve Kids Clothing Sets. Competitive Pricing, Quick Ship. Global Delivery for Retailers\/Wholesale.\" \/>\n<meta property=\"og:url\" content=\"https:\/\/petelulu.com\/de\/product\/unisex-crewneck-kurzarm-kinderbekleidungssets\/\" \/>\n<meta property=\"og:site_name\" content=\"petelulu\" \/>\n<meta property=\"article:modified_time\" content=\"2025-08-13T03:23:13+00:00\" \/>\n<meta property=\"og:image\" content=\"https:\/\/petelulu.com\/wp-content\/uploads\/2025\/03\/\u4e3b\u56fe_005-17.jpg\" \/>\n\t<meta property=\"og:image:width\" content=\"800\" \/>\n\t<meta property=\"og:image:height\" content=\"800\" \/>\n\t<meta property=\"og:image:type\" content=\"image\/jpeg\" \/>\n<meta name=\"twitter:card\" content=\"summary_large_image\" \/>\n<meta name=\"twitter:label1\" content=\"Gesch\u00e4tzte Lesezeit\" \/>\n\t<meta name=\"twitter:data1\" content=\"2\u00a0Minuten\" \/>\n<script type=\"application\/ld+json\" class=\"yoast-schema-graph\">{\"@context\":\"https:\/\/schema.org\",\"@graph\":[{\"@type\":\"WebPage\",\"@id\":\"https:\/\/petelulu.com\/product\/unisex-crewneck-short-sleeve-kids-clothing-sets\/\",\"url\":\"https:\/\/petelulu.com\/product\/unisex-crewneck-short-sleeve-kids-clothing-sets\/\",\"name\":\"Custom Unisex Crewneck Short Sleeve Kids Clothing Sets - petelulu\",\"isPartOf\":{\"@id\":\"https:\/\/petelulu.com\/#website\"},\"primaryImageOfPage\":{\"@id\":\"https:\/\/petelulu.com\/product\/unisex-crewneck-short-sleeve-kids-clothing-sets\/#primaryimage\"},\"image\":{\"@id\":\"https:\/\/petelulu.com\/product\/unisex-crewneck-short-sleeve-kids-clothing-sets\/#primaryimage\"},\"thumbnailUrl\":\"https:\/\/petelulu.com\/wp-content\/uploads\/2025\/03\/\u4e3b\u56fe_005-17.jpg\",\"datePublished\":\"2025-03-18T06:26:26+00:00\",\"dateModified\":\"2025-08-13T03:23:13+00:00\",\"description\":\"B2B Baby Clothing | Unisex Crewneck Short Sleeve Kids Clothing Sets. Competitive Pricing, Quick Ship. Global Delivery for Retailers\/Wholesale.\",\"breadcrumb\":{\"@id\":\"https:\/\/petelulu.com\/product\/unisex-crewneck-short-sleeve-kids-clothing-sets\/#breadcrumb\"},\"inLanguage\":\"de\",\"potentialAction\":[{\"@type\":\"ReadAction\",\"target\":[\"https:\/\/petelulu.com\/product\/unisex-crewneck-short-sleeve-kids-clothing-sets\/\"]}]},{\"@type\":\"ImageObject\",\"inLanguage\":\"de\",\"@id\":\"https:\/\/petelulu.com\/product\/unisex-crewneck-short-sleeve-kids-clothing-sets\/#primaryimage\",\"url\":\"https:\/\/petelulu.com\/wp-content\/uploads\/2025\/03\/\u4e3b\u56fe_005-17.jpg\",\"contentUrl\":\"https:\/\/petelulu.com\/wp-content\/uploads\/2025\/03\/\u4e3b\u56fe_005-17.jpg\",\"width\":800,\"height\":800,\"caption\":\"Unisex Crewneck Short Sleeve Kids Clothing Sets\"},{\"@type\":\"BreadcrumbList\",\"@id\":\"https:\/\/petelulu.com\/product\/unisex-crewneck-short-sleeve-kids-clothing-sets\/#breadcrumb\",\"itemListElement\":[{\"@type\":\"ListItem\",\"position\":1,\"name\":\"\u9996\u9875\",\"item\":\"https:\/\/petelulu.com\/\"},{\"@type\":\"ListItem\",\"position\":2,\"name\":\"PRODUCT GALLERY\",\"item\":\"https:\/\/petelulu.com\/product-gallery\/\"},{\"@type\":\"ListItem\",\"position\":3,\"name\":\"Custom Unisex Crewneck Short Sleeve Kids Clothing Sets\"}]},{\"@type\":\"WebSite\",\"@id\":\"https:\/\/petelulu.com\/#website\",\"url\":\"https:\/\/petelulu.com\/\",\"name\":\"PETElulu\",\"description\":\"\",\"potentialAction\":[{\"@type\":\"SearchAction\",\"target\":{\"@type\":\"EntryPoint\",\"urlTemplate\":\"https:\/\/petelulu.com\/?s={search_term_string}\"},\"query-input\":{\"@type\":\"PropertyValueSpecification\",\"valueRequired\":true,\"valueName\":\"search_term_string\"}}],\"inLanguage\":\"de\"}]}<\/script>\n<!-- \/ Yoast SEO Premium plugin. -->","yoast_head_json":{"title":"Benutzerdefinierte Unisex Crewneck Kurzarm Kinder Kleidung Sets - petelulu","description":"B2B Baby Kleidung | Unisex Crewneck Short Sleeve Kids Clothing Sets. Konkurrenzf\u00e4hige Preise, schneller Versand. Globale Lieferung f\u00fcr Einzelh\u00e4ndler\/Gro\u00dfhandel.","robots":{"index":"index","follow":"follow","max-snippet":"max-snippet:-1","max-image-preview":"max-image-preview:large","max-video-preview":"max-video-preview:-1"},"canonical":"https:\/\/petelulu.com\/de\/product\/unisex-crewneck-kurzarm-kinderbekleidungssets\/","og_locale":"de_DE","og_type":"article","og_title":"Custom Unisex Crewneck Short Sleeve Kids Clothing Sets","og_description":"B2B Baby Clothing | Unisex Crewneck Short Sleeve Kids Clothing Sets. Competitive Pricing, Quick Ship. Global Delivery for Retailers\/Wholesale.","og_url":"https:\/\/petelulu.com\/de\/product\/unisex-crewneck-kurzarm-kinderbekleidungssets\/","og_site_name":"petelulu","article_modified_time":"2025-08-13T03:23:13+00:00","og_image":[{"width":800,"height":800,"url":"https:\/\/petelulu.com\/wp-content\/uploads\/2025\/03\/\u4e3b\u56fe_005-17.jpg","type":"image\/jpeg"}],"twitter_card":"summary_large_image","twitter_misc":{"Gesch\u00e4tzte Lesezeit":"2\u00a0Minuten"},"schema":{"@context":"https:\/\/schema.org","@graph":[{"@type":"WebPage","@id":"https:\/\/petelulu.com\/product\/unisex-crewneck-short-sleeve-kids-clothing-sets\/","url":"https:\/\/petelulu.com\/product\/unisex-crewneck-short-sleeve-kids-clothing-sets\/","name":"Benutzerdefinierte Unisex Crewneck Kurzarm Kinder Kleidung Sets - petelulu","isPartOf":{"@id":"https:\/\/petelulu.com\/#website"},"primaryImageOfPage":{"@id":"https:\/\/petelulu.com\/product\/unisex-crewneck-short-sleeve-kids-clothing-sets\/#primaryimage"},"image":{"@id":"https:\/\/petelulu.com\/product\/unisex-crewneck-short-sleeve-kids-clothing-sets\/#primaryimage"},"thumbnailUrl":"https:\/\/petelulu.com\/wp-content\/uploads\/2025\/03\/\u4e3b\u56fe_005-17.jpg","datePublished":"2025-03-18T06:26:26+00:00","dateModified":"2025-08-13T03:23:13+00:00","description":"B2B Baby Kleidung | Unisex Crewneck Short Sleeve Kids Clothing Sets. Konkurrenzf\u00e4hige Preise, schneller Versand. Globale Lieferung f\u00fcr Einzelh\u00e4ndler\/Gro\u00dfhandel.","breadcrumb":{"@id":"https:\/\/petelulu.com\/product\/unisex-crewneck-short-sleeve-kids-clothing-sets\/#breadcrumb"},"inLanguage":"de","potentialAction":[{"@type":"ReadAction","target":["https:\/\/petelulu.com\/product\/unisex-crewneck-short-sleeve-kids-clothing-sets\/"]}]},{"@type":"ImageObject","inLanguage":"de","@id":"https:\/\/petelulu.com\/product\/unisex-crewneck-short-sleeve-kids-clothing-sets\/#primaryimage","url":"https:\/\/petelulu.com\/wp-content\/uploads\/2025\/03\/\u4e3b\u56fe_005-17.jpg","contentUrl":"https:\/\/petelulu.com\/wp-content\/uploads\/2025\/03\/\u4e3b\u56fe_005-17.jpg","width":800,"height":800,"caption":"Unisex Crewneck Short Sleeve Kids Clothing Sets"},{"@type":"BreadcrumbList","@id":"https:\/\/petelulu.com\/product\/unisex-crewneck-short-sleeve-kids-clothing-sets\/#breadcrumb","itemListElement":[{"@type":"ListItem","position":1,"name":"\u9996\u9875","item":"https:\/\/petelulu.com\/"},{"@type":"ListItem","position":2,"name":"PRODUCT GALLERY","item":"https:\/\/petelulu.com\/product-gallery\/"},{"@type":"ListItem","position":3,"name":"Custom Unisex Crewneck Short Sleeve Kids Clothing Sets"}]},{"@type":"WebSite","@id":"https:\/\/petelulu.com\/#website","url":"https:\/\/petelulu.com\/","name":"PETElulu","description":"","potentialAction":[{"@type":"SearchAction","target":{"@type":"EntryPoint","urlTemplate":"https:\/\/petelulu.com\/?s={search_term_string}"},"query-input":{"@type":"PropertyValueSpecification","valueRequired":true,"valueName":"search_term_string"}}],"inLanguage":"de"}]}},"builder_content":"","_links":{"self":[{"href":"https:\/\/petelulu.com\/de\/wp-json\/wp\/v2\/product\/1881","targetHints":{"allow":["GET"]}}],"collection":[{"href":"https:\/\/petelulu.com\/de\/wp-json\/wp\/v2\/product"}],"about":[{"href":"https:\/\/petelulu.com\/de\/wp-json\/wp\/v2\/types\/product"}],"wp:featuredmedia":[{"embeddable":true,"href":"https:\/\/petelulu.com\/de\/wp-json\/wp\/v2\/media\/1882"}],"wp:attachment":[{"href":"https:\/\/petelulu.com\/de\/wp-json\/wp\/v2\/media?parent=1881"}],"wp:term":[{"taxonomy":"product_brand","embeddable":true,"href":"https:\/\/petelulu.com\/de\/wp-json\/wp\/v2\/product_brand?post=1881"},{"taxonomy":"product_cat","embeddable":true,"href":"https:\/\/petelulu.com\/de\/wp-json\/wp\/v2\/product_cat?post=1881"},{"taxonomy":"product_tag","embeddable":true,"href":"https:\/\/petelulu.com\/de\/wp-json\/wp\/v2\/product_tag?post=1881"}],"curies":[{"name":"wp","href":"https:\/\/api.w.org\/{rel}","templated":true}]}}