{"id":1089,"date":"2025-03-06T01:41:14","date_gmt":"2025-03-06T01:41:14","guid":{"rendered":"https:\/\/petelulu.com\/?post_type=product&#038;p=1089"},"modified":"2025-08-12T23:25:01","modified_gmt":"2025-08-13T03:25:01","slug":"bambus-viskose-baumwoll-baby-strampler-ohne-armel","status":"publish","type":"product","link":"https:\/\/petelulu.com\/de\/product\/bambus-viskose-baumwoll-baby-strampler-ohne-armel\/","title":{"rendered":"Benutzerdefinierte Bambus-Viskose-Baumwolle Baby \u00e4rmellosen Strampler"},"content":{"rendered":"<div id=\"sellingpoint\" class=\"header\">\n<div id=\"sellingpoint\" class=\"header\">\n<div id=\"sellingpoint\" class=\"header\">\n<div id=\"sellingpoint\" class=\"header\">\n<div id=\"sellingpoint\" class=\"header\">\n<h2>\u00dcber dieses Produkt<\/h2>\n<\/div>\n<ul class=\"\">\n<li>Breathable and Comfortable Design: Our Summer Breathable Infant Baby Girls Boys Bamboo Rib Knit Rompers are designed for ultimate comfort, perfect for your little one to move freely and stay cool during the summer season.<\/li>\n<li>Customizable Options: We welcome custom sleeve length requests, allowing you to tailor the product to your preferences. Please specify your desired sleeve length when ordering.<\/li>\n<li>Suitable for Infants and Toddlers: Our rompers cater to infants and toddlers, from 3-24 months, ensuring a perfect fit for your growing child.<\/li>\n<li>Durable and Long-Lasting: Made from high-quality knitted bamboo spandex fabric, our rompers are built to withstand regular wear and tear.<\/li>\n<li data-spm-anchor-id=\"a2700.details.0.i74.558456eaN8G5aj\">Rapid Sample Order Lead Time: We offer a 7-day sample order lead time, allowing you to quickly receive and review your custom product, as requested by you, our valued customer.<\/li>\n<\/ul>\n<\/div>\n<\/div>\n<\/div>\n<\/div>","protected":false},"excerpt":{"rendered":"<p>St\u00fcckpreis: US $3.99-5.99\/St\u00fcck<br \/>\nMin.Bestellmenge: 300 St\u00fcck\/ Gr\u00f6\u00dfe<br \/>\nMaterial: Spandex \/ Bambusfaser<br \/>\nAge: Newborn\/0-3M\/3-6M\/6-9M\/9-12M\/12-18M\/18-24M<br \/>\nVerwendbare Materialien: Bambus\/Bio-Baumwolle\/Reine Baumwolle\/Modal Viskose\/Bambus-Musselin<br \/>\nLieferf\u00e4higkeit: 10.000 St\u00fcck\/St\u00fcck pro Monat<br \/>\nHafen: Guangzhou, China<br \/>\nZahlungsbedingungen: T\/T<br \/>\nProbe\uff1aAngepasste Probe akzeptieren<br \/>\nLogo: Individuelles Logo<br \/>\nLieferung: 25-35 Arbeitstage<br \/>\nOEM &amp; ODM<\/p>\n<p><a href=\"https:\/\/petelulu.com\/de\/#category\">Mehr sehen<\/a><\/p>\n<div class=\"wpforms-container wpforms-container-full wpforms-render-modern\" id=\"wpforms-2878\"><form id=\"wpforms-form-2878\" class=\"wpforms-validate wpforms-form wpforms-ajax-form\" data-formid=\"2878\" method=\"post\" enctype=\"multipart\/form-data\" action=\"\/de\/wp-json\/wp\/v2\/product\/1089\" data-token=\"e1a57099e00604c239ff9b2b39f1b9e0\" data-token-time=\"1776207014\" data-trp-original-action=\"\/de\/wp-json\/wp\/v2\/product\/1089\"><noscript class=\"wpforms-error-noscript\">Bitte aktivieren Sie JavaScript in Ihrem Browser, um dieses Formular fertigzustellen.<\/noscript><div class=\"wpforms-hidden\" id=\"wpforms-error-noscript\">Bitte aktivieren Sie JavaScript in Ihrem Browser, um dieses Formular fertigzustellen.<\/div><div class=\"wpforms-field-container\"><div id=\"wpforms-2878-field_2-container\" class=\"wpforms-field wpforms-field-name\" data-field-id=\"2\"><label class=\"wpforms-field-label\" for=\"wpforms-2878-field_2\">Name <span class=\"wpforms-required-label\" aria-hidden=\"true\">*<\/span><\/label><input type=\"text\" id=\"wpforms-2878-field_2\" class=\"wpforms-field-medium wpforms-field-required\" name=\"wpforms[fields][2]\" aria-errormessage=\"wpforms-2878-field_2-error\" required><\/div><div id=\"wpforms-2878-field_5-container\" class=\"wpforms-field wpforms-field-email\" data-field-id=\"5\"><label class=\"wpforms-field-label\" for=\"wpforms-2878-field_5\">E-Mail <span class=\"wpforms-required-label\" aria-hidden=\"true\">*<\/span><\/label><input type=\"email\" id=\"wpforms-2878-field_5\" class=\"wpforms-field-medium wpforms-field-required\" name=\"wpforms[fields][5]\" spellcheck=\"false\" aria-errormessage=\"wpforms-2878-field_5-error\" required><\/div><div id=\"wpforms-2878-field_3-container\" class=\"wpforms-field wpforms-field-textarea\" data-field-id=\"3\"><label class=\"wpforms-field-label\" for=\"wpforms-2878-field_3\">Anfrage <span class=\"wpforms-required-label\" aria-hidden=\"true\">*<\/span><\/label><textarea id=\"wpforms-2878-field_3\" class=\"wpforms-field-medium wpforms-field-required\" name=\"wpforms[fields][3]\" aria-errormessage=\"wpforms-2878-field_3-error\" aria-describedby=\"wpforms-2878-field_3-description\" required><\/textarea><div id=\"wpforms-2878-field_3-description\" class=\"wpforms-field-description\">Bitte nennen Sie uns Ihre Anforderungen und Ihre WhatsApp-Nummer, und unser Vertriebsmitarbeiter wird sich mit Ihnen in Verbindung setzen.<\/div><\/div><\/div><!-- .wpforms-field-container --><div class=\"wpforms-submit-container\" ><input type=\"hidden\" name=\"wpforms[id]\" value=\"2878\"><input type=\"hidden\" name=\"page_title\" value=\"\"><input type=\"hidden\" name=\"page_url\" value=\"https:\/\/petelulu.com\/de\/wp-json\/wp\/v2\/product\/1089\"><input type=\"hidden\" name=\"url_referer\" value=\"\"><button type=\"submit\" name=\"wpforms[submit]\" id=\"wpforms-submit-2878\" class=\"wpforms-submit\" data-alt-text=\"Sending...\" data-submit-text=\"Submit\" aria-live=\"assertive\" value=\"wpforms-submit\">Einreichen<\/button><img loading=\"lazy\" decoding=\"async\" src=\"https:\/\/petelulu.com\/wp-content\/plugins\/wpforms-lite\/assets\/images\/submit-spin.svg\" class=\"wpforms-submit-spinner\" style=\"display: none;\" width=\"26\" height=\"26\" alt=\"Wird geladen\"><\/div><input type=\"hidden\" name=\"trp-form-language\" value=\"de\"\/><\/form><\/div>  <!-- .wpforms-container -->\n<p>&nbsp;<\/p>","protected":false},"featured_media":1091,"template":"","meta":[],"product_brand":[],"product_cat":[41],"product_tag":[80],"class_list":{"0":"post-1089","1":"product","2":"type-product","3":"status-publish","4":"has-post-thumbnail","6":"product_cat-rompers","7":"product_tag-baby","8":"has-post-title","9":"has-post-date","10":"has-post-category","11":"has-post-tag","12":"has-post-comment","13":"has-post-author","14":"","16":"first","17":"instock","18":"shipping-taxable","19":"product-type-simple"},"yoast_head":"<!-- This site is optimized with the Yoast SEO Premium plugin v24.5 (Yoast SEO v25.6) - https:\/\/yoast.com\/wordpress\/plugins\/seo\/ -->\n<title>Custom Bamboo Viscose Cotton Baby Sleeveless Romper - petelulu<\/title>\n<meta name=\"description\" content=\"Custom Bamboo Viscose Cotton Baby Sleeveless Romper. Unique designs, global shipping, and OEM&amp;ODM services. Request a quote for your baby clothing needs!\" \/>\n<meta name=\"robots\" content=\"index, follow, max-snippet:-1, max-image-preview:large, max-video-preview:-1\" \/>\n<link rel=\"canonical\" href=\"https:\/\/petelulu.com\/de\/product\/bambus-viskose-baumwoll-baby-strampler-ohne-armel\/\" \/>\n<meta property=\"og:locale\" content=\"de_DE\" \/>\n<meta property=\"og:type\" content=\"article\" \/>\n<meta property=\"og:title\" content=\"Custom Bamboo Viscose Cotton Baby Sleeveless Romper\" \/>\n<meta property=\"og:description\" content=\"Custom Bamboo Viscose Cotton Baby Sleeveless Romper. Unique designs, global shipping, and OEM&amp;ODM services. Request a quote for your baby clothing needs!\" \/>\n<meta property=\"og:url\" content=\"https:\/\/petelulu.com\/de\/product\/bambus-viskose-baumwoll-baby-strampler-ohne-armel\/\" \/>\n<meta property=\"og:site_name\" content=\"petelulu\" \/>\n<meta property=\"article:modified_time\" content=\"2025-08-13T03:25:01+00:00\" \/>\n<meta property=\"og:image\" content=\"https:\/\/petelulu.com\/wp-content\/uploads\/2025\/03\/\u4e3b\u56fe_001.jpg\" \/>\n\t<meta property=\"og:image:width\" content=\"2000\" \/>\n\t<meta property=\"og:image:height\" content=\"2000\" \/>\n\t<meta property=\"og:image:type\" content=\"image\/jpeg\" \/>\n<meta name=\"twitter:card\" content=\"summary_large_image\" \/>\n<meta name=\"twitter:label1\" content=\"Gesch\u00e4tzte Lesezeit\" \/>\n\t<meta name=\"twitter:data1\" content=\"1\u00a0Minute\" \/>\n<script type=\"application\/ld+json\" class=\"yoast-schema-graph\">{\"@context\":\"https:\/\/schema.org\",\"@graph\":[{\"@type\":\"WebPage\",\"@id\":\"https:\/\/petelulu.com\/product\/bamboo-viscose-cotton-baby-sleeveless-romper\/\",\"url\":\"https:\/\/petelulu.com\/product\/bamboo-viscose-cotton-baby-sleeveless-romper\/\",\"name\":\"Custom Bamboo Viscose Cotton Baby Sleeveless Romper - petelulu\",\"isPartOf\":{\"@id\":\"https:\/\/petelulu.com\/#website\"},\"primaryImageOfPage\":{\"@id\":\"https:\/\/petelulu.com\/product\/bamboo-viscose-cotton-baby-sleeveless-romper\/#primaryimage\"},\"image\":{\"@id\":\"https:\/\/petelulu.com\/product\/bamboo-viscose-cotton-baby-sleeveless-romper\/#primaryimage\"},\"thumbnailUrl\":\"https:\/\/petelulu.com\/wp-content\/uploads\/2025\/03\/\u4e3b\u56fe_001.jpg\",\"datePublished\":\"2025-03-06T01:41:14+00:00\",\"dateModified\":\"2025-08-13T03:25:01+00:00\",\"description\":\"Custom Bamboo Viscose Cotton Baby Sleeveless Romper. Unique designs, global shipping, and OEM&ODM services. Request a quote for your baby clothing needs!\",\"breadcrumb\":{\"@id\":\"https:\/\/petelulu.com\/product\/bamboo-viscose-cotton-baby-sleeveless-romper\/#breadcrumb\"},\"inLanguage\":\"de\",\"potentialAction\":[{\"@type\":\"ReadAction\",\"target\":[\"https:\/\/petelulu.com\/product\/bamboo-viscose-cotton-baby-sleeveless-romper\/\"]}]},{\"@type\":\"ImageObject\",\"inLanguage\":\"de\",\"@id\":\"https:\/\/petelulu.com\/product\/bamboo-viscose-cotton-baby-sleeveless-romper\/#primaryimage\",\"url\":\"https:\/\/petelulu.com\/wp-content\/uploads\/2025\/03\/\u4e3b\u56fe_001.jpg\",\"contentUrl\":\"https:\/\/petelulu.com\/wp-content\/uploads\/2025\/03\/\u4e3b\u56fe_001.jpg\",\"width\":2000,\"height\":2000,\"caption\":\"Bamboo Cotton Baby Sleeveless Romper\"},{\"@type\":\"BreadcrumbList\",\"@id\":\"https:\/\/petelulu.com\/product\/bamboo-viscose-cotton-baby-sleeveless-romper\/#breadcrumb\",\"itemListElement\":[{\"@type\":\"ListItem\",\"position\":1,\"name\":\"\u9996\u9875\",\"item\":\"https:\/\/petelulu.com\/\"},{\"@type\":\"ListItem\",\"position\":2,\"name\":\"PRODUCT GALLERY\",\"item\":\"https:\/\/petelulu.com\/product-gallery\/\"},{\"@type\":\"ListItem\",\"position\":3,\"name\":\"Custom Bamboo Viscose Cotton Baby Sleeveless Romper\"}]},{\"@type\":\"WebSite\",\"@id\":\"https:\/\/petelulu.com\/#website\",\"url\":\"https:\/\/petelulu.com\/\",\"name\":\"PETElulu\",\"description\":\"\",\"potentialAction\":[{\"@type\":\"SearchAction\",\"target\":{\"@type\":\"EntryPoint\",\"urlTemplate\":\"https:\/\/petelulu.com\/?s={search_term_string}\"},\"query-input\":{\"@type\":\"PropertyValueSpecification\",\"valueRequired\":true,\"valueName\":\"search_term_string\"}}],\"inLanguage\":\"de\"}]}<\/script>\n<!-- \/ Yoast SEO Premium plugin. -->","yoast_head_json":{"title":"Benutzerdefinierte Bambus-Viskose-Baumwolle Baby \u00e4rmellosen Strampler - petelulu","description":"Benutzerdefinierte Bambus-Viskose-Baumwolle Baby \u00e4rmellose Strampler. Einzigartige Designs, weltweiter Versand und OEM&amp;ODM Dienstleistungen. Fordern Sie ein Angebot f\u00fcr Ihr Baby Kleidung braucht!","robots":{"index":"index","follow":"follow","max-snippet":"max-snippet:-1","max-image-preview":"max-image-preview:large","max-video-preview":"max-video-preview:-1"},"canonical":"https:\/\/petelulu.com\/de\/product\/bambus-viskose-baumwoll-baby-strampler-ohne-armel\/","og_locale":"de_DE","og_type":"article","og_title":"Custom Bamboo Viscose Cotton Baby Sleeveless Romper","og_description":"Custom Bamboo Viscose Cotton Baby Sleeveless Romper. Unique designs, global shipping, and OEM&ODM services. Request a quote for your baby clothing needs!","og_url":"https:\/\/petelulu.com\/de\/product\/bambus-viskose-baumwoll-baby-strampler-ohne-armel\/","og_site_name":"petelulu","article_modified_time":"2025-08-13T03:25:01+00:00","og_image":[{"width":2000,"height":2000,"url":"https:\/\/petelulu.com\/wp-content\/uploads\/2025\/03\/\u4e3b\u56fe_001.jpg","type":"image\/jpeg"}],"twitter_card":"summary_large_image","twitter_misc":{"Gesch\u00e4tzte Lesezeit":"1\u00a0Minute"},"schema":{"@context":"https:\/\/schema.org","@graph":[{"@type":"WebPage","@id":"https:\/\/petelulu.com\/product\/bamboo-viscose-cotton-baby-sleeveless-romper\/","url":"https:\/\/petelulu.com\/product\/bamboo-viscose-cotton-baby-sleeveless-romper\/","name":"Benutzerdefinierte Bambus-Viskose-Baumwolle Baby \u00e4rmellosen Strampler - petelulu","isPartOf":{"@id":"https:\/\/petelulu.com\/#website"},"primaryImageOfPage":{"@id":"https:\/\/petelulu.com\/product\/bamboo-viscose-cotton-baby-sleeveless-romper\/#primaryimage"},"image":{"@id":"https:\/\/petelulu.com\/product\/bamboo-viscose-cotton-baby-sleeveless-romper\/#primaryimage"},"thumbnailUrl":"https:\/\/petelulu.com\/wp-content\/uploads\/2025\/03\/\u4e3b\u56fe_001.jpg","datePublished":"2025-03-06T01:41:14+00:00","dateModified":"2025-08-13T03:25:01+00:00","description":"Benutzerdefinierte Bambus-Viskose-Baumwolle Baby \u00e4rmellose Strampler. Einzigartige Designs, weltweiter Versand und OEM&amp;ODM Dienstleistungen. Fordern Sie ein Angebot f\u00fcr Ihr Baby Kleidung braucht!","breadcrumb":{"@id":"https:\/\/petelulu.com\/product\/bamboo-viscose-cotton-baby-sleeveless-romper\/#breadcrumb"},"inLanguage":"de","potentialAction":[{"@type":"ReadAction","target":["https:\/\/petelulu.com\/product\/bamboo-viscose-cotton-baby-sleeveless-romper\/"]}]},{"@type":"ImageObject","inLanguage":"de","@id":"https:\/\/petelulu.com\/product\/bamboo-viscose-cotton-baby-sleeveless-romper\/#primaryimage","url":"https:\/\/petelulu.com\/wp-content\/uploads\/2025\/03\/\u4e3b\u56fe_001.jpg","contentUrl":"https:\/\/petelulu.com\/wp-content\/uploads\/2025\/03\/\u4e3b\u56fe_001.jpg","width":2000,"height":2000,"caption":"Bamboo Cotton Baby Sleeveless Romper"},{"@type":"BreadcrumbList","@id":"https:\/\/petelulu.com\/product\/bamboo-viscose-cotton-baby-sleeveless-romper\/#breadcrumb","itemListElement":[{"@type":"ListItem","position":1,"name":"\u9996\u9875","item":"https:\/\/petelulu.com\/"},{"@type":"ListItem","position":2,"name":"PRODUCT GALLERY","item":"https:\/\/petelulu.com\/product-gallery\/"},{"@type":"ListItem","position":3,"name":"Custom Bamboo Viscose Cotton Baby Sleeveless Romper"}]},{"@type":"WebSite","@id":"https:\/\/petelulu.com\/#website","url":"https:\/\/petelulu.com\/","name":"PETElulu","description":"","potentialAction":[{"@type":"SearchAction","target":{"@type":"EntryPoint","urlTemplate":"https:\/\/petelulu.com\/?s={search_term_string}"},"query-input":{"@type":"PropertyValueSpecification","valueRequired":true,"valueName":"search_term_string"}}],"inLanguage":"de"}]}},"builder_content":"","_links":{"self":[{"href":"https:\/\/petelulu.com\/de\/wp-json\/wp\/v2\/product\/1089","targetHints":{"allow":["GET"]}}],"collection":[{"href":"https:\/\/petelulu.com\/de\/wp-json\/wp\/v2\/product"}],"about":[{"href":"https:\/\/petelulu.com\/de\/wp-json\/wp\/v2\/types\/product"}],"wp:featuredmedia":[{"embeddable":true,"href":"https:\/\/petelulu.com\/de\/wp-json\/wp\/v2\/media\/1091"}],"wp:attachment":[{"href":"https:\/\/petelulu.com\/de\/wp-json\/wp\/v2\/media?parent=1089"}],"wp:term":[{"taxonomy":"product_brand","embeddable":true,"href":"https:\/\/petelulu.com\/de\/wp-json\/wp\/v2\/product_brand?post=1089"},{"taxonomy":"product_cat","embeddable":true,"href":"https:\/\/petelulu.com\/de\/wp-json\/wp\/v2\/product_cat?post=1089"},{"taxonomy":"product_tag","embeddable":true,"href":"https:\/\/petelulu.com\/de\/wp-json\/wp\/v2\/product_tag?post=1089"}],"curies":[{"name":"wp","href":"https:\/\/api.w.org\/{rel}","templated":true}]}}